{"id":93028,"date":"2025-09-26T13:37:37","date_gmt":"2025-09-26T11:37:37","guid":{"rendered":"https:\/\/popcards.nl\/?post_type=product&#038;p=93028"},"modified":"2026-04-18T13:20:09","modified_gmt":"2026-04-18T11:20:09","slug":"carte-pop-up-dannonce-de-naissance-bebe-sur-baleine","status":"publish","type":"product","link":"https:\/\/popcards.nl\/fr\/product\/geboortekaart-baby-op-walvis-pop-up-kaart\/","title":{"rendered":"Carte pop-up \u00ab\u00a0B\u00e9b\u00e9 endormi sur une baleine\u00a0\u00bb"},"content":{"rendered":"<p>Apportez un sourire et une touche de magie avec cette touchante carte pop-up de Popcards. Au recto, on d\u00e9couvre une douce illustration d&#039;un b\u00e9b\u00e9 endormi sur le dos d&#039;une baleine amicale. En ouvrant la carte, on d\u00e9couvre une sc\u00e8ne 3D captivante\u00a0: une adorable baleine portant un b\u00e9b\u00e9, encadr\u00e9e par de douces vagues et un arc-en-ciel color\u00e9. Un magnifique symbole de paix, de protection et d&#039;amour.<\/p>\n<p>Cette carte est bien plus qu&#039;un simple message\u00a0; c&#039;est une petite \u0153uvre d&#039;art, r\u00e9alis\u00e9e avec soin et savoir-faire. Gr\u00e2ce \u00e0 ses mat\u00e9riaux de haute qualit\u00e9, ses d\u00e9tails d\u00e9coup\u00e9s au laser et ses couleurs douces et oniriques, elle respire la chaleur et la s\u00e9r\u00e9nit\u00e9. \u00c0 l&#039;int\u00e9rieur, vous trouverez de la place pour un message personnel, rendant votre souhait encore plus pr\u00e9cieux.<\/p>\n<h4>\u2728 Pourquoi choisir cette carte Popcards ?<\/h4>\n<ul>\n<li style=\"list-style-type: none;\">\n<ul>\n<li>Charmant design 3D : un b\u00e9b\u00e9 endormi sur une baleine, avec un arc-en-ciel et des d\u00e9tails r\u00eaveurs.<\/li>\n<li>Artisanat haut de gamme : fabriqu\u00e9 \u00e0 la main \u00e0 partir de papier de haute qualit\u00e9 avec une finition soign\u00e9e.<\/li>\n<li>Polyvalent et significatif : <strong>id\u00e9al pour un baby shower, un anniversaire ou comme faire-part de naissance.<\/strong><\/li>\n<li>Un souvenir durable : plus qu\u2019une carte \u2013 une belle d\u00e9coration \u00e0 conserver.<\/li>\n<li>Comprend une enveloppe : pr\u00eat \u00e0 offrir ou \u00e0 envoyer par lettre.<\/li>\n<\/ul>\n<\/li>\n<\/ul>\n<p>Avec la carte pop-up B\u00e9b\u00e9 Baleine Endormie, offrez un geste symbolique et inoubliable d&#039;amour, de paix et de connexion. Parfait pour c\u00e9l\u00e9brer des moments pr\u00e9cieux. \ud83d\udc99<\/p>\n<p>Taille de la carte 26 \u00d7 18 cm, pli\u00e9e \u00e0 13 \u00d7 18 cm.<br \/>\nY compris enveloppe assortie, emball\u00e9e dans un sac de cellophane.<\/p>","protected":false},"excerpt":{"rendered":"<p>Breng een glimlach en een vleugje magie met deze ontroerende pop-up kaart van Popcards. Op de voorzijde staat een lieve illustratie van een slapende baby op de rug van een vriendelijke walvis. Bij het openen van de kaart ontvouwt zich een betoverend 3D tafereel: een schattige walvis die een baby draagt, omlijst door zachte golven [&hellip;]<\/p>\n","protected":false},"featured_media":93026,"comment_status":"open","ping_status":"closed","template":"","meta":{"_iconic_wsb_product_page_order_bump_ids":[[]],"_sku":["4805388550620"],"_iconic_wsb_product_page_bump_modal_ids":[[]]},"product_brand":[],"product_cat":[22],"product_tag":[25],"class_list":{"0":"post-93028","1":"product","2":"type-product","3":"status-publish","4":"has-post-thumbnail","6":"product_cat-geboorte-geboortekaarten-baby-babykaart","7":"product_tag-geboorte","9":"first","10":"instock","11":"taxable","12":"shipping-taxable","13":"purchasable","14":"product-type-simple"},"gallery_images":[93025,93681],"_links":{"self":[{"href":"https:\/\/popcards.nl\/fr\/wp-json\/wp\/v2\/product\/93028","targetHints":{"allow":["GET"]}}],"collection":[{"href":"https:\/\/popcards.nl\/fr\/wp-json\/wp\/v2\/product"}],"about":[{"href":"https:\/\/popcards.nl\/fr\/wp-json\/wp\/v2\/types\/product"}],"replies":[{"embeddable":true,"href":"https:\/\/popcards.nl\/fr\/wp-json\/wp\/v2\/comments?post=93028"}],"wp:featuredmedia":[{"embeddable":true,"href":"https:\/\/popcards.nl\/fr\/wp-json\/wp\/v2\/media\/93026"}],"wp:attachment":[{"href":"https:\/\/popcards.nl\/fr\/wp-json\/wp\/v2\/media?parent=93028"}],"wp:term":[{"taxonomy":"product_brand","embeddable":true,"href":"https:\/\/popcards.nl\/fr\/wp-json\/wp\/v2\/product_brand?post=93028"},{"taxonomy":"product_cat","embeddable":true,"href":"https:\/\/popcards.nl\/fr\/wp-json\/wp\/v2\/product_cat?post=93028"},{"taxonomy":"product_tag","embeddable":true,"href":"https:\/\/popcards.nl\/fr\/wp-json\/wp\/v2\/product_tag?post=93028"}],"curies":[{"name":"wp","href":"https:\/\/api.w.org\/{rel}","templated":true}]}}