{"id":93453,"date":"2025-10-07T13:31:55","date_gmt":"2025-10-07T11:31:55","guid":{"rendered":"https:\/\/popcards.nl\/?post_type=product&#038;p=93453"},"modified":"2026-02-02T16:50:06","modified_gmt":"2026-02-02T15:50:06","slug":"aussi-fier-quun-paon-belle-carte-de-voeux-3d-coloree-avec-un-paon","status":"publish","type":"product","link":"https:\/\/popcards.nl\/fr\/product\/zo-trots-als-een-pauw-schitterende-kleurrijke-pauw-3d-wenskaart\/","title":{"rendered":"Fier comme un paon\u00a0! Superbe carte de v\u0153ux 3D color\u00e9e avec un paon"},"content":{"rendered":"<p>Fier comme un paon ! Surprenez vos proches avec une magnifique carte pop-up paon de Popcards ! Cette luxueuse carte de v\u0153ux 3D arbore sur sa couverture bleue une image \u00e9clatante et color\u00e9e de cet oiseau unique, symbole de beaut\u00e9 et d&#039;\u00e9l\u00e9gance. \u00c0 l&#039;ouverture, un impressionnant paon pop-up 3D se d\u00e9ploie, ses plumes gracieusement d\u00e9ploy\u00e9es, richement d\u00e9taill\u00e9es et aux couleurs vibrantes, et entour\u00e9 de magnifiques fleurs.<\/p>\n<p>Cette carte de v\u0153ux pop-up n&#039;est pas n&#039;importe quelle carte\u00a0; c&#039;est une v\u00e9ritable \u0153uvre d&#039;art qui laissera un souvenir imp\u00e9rissable. Parfaite comme carte d&#039;anniversaire, carte de v\u0153ux ou simplement pour dire \u00e0 quelqu&#039;un que vous pensez \u00e0 lui.<\/p>\n<p>\u2714 Fabriqu\u00e9 \u00e0 la main et luxueusement fini<br \/>\n\u2714 Conception 3D impressionnante avec des d\u00e9tails color\u00e9s<br \/>\n\u2714 Convient \u00e0 toutes les occasions : anniversaire, anniversaire de mariage, remerciement ou juste parce que<br \/>\n\u2714 Cadeau unique et inoubliable<\/p>\n<p>Rendez chaque moment sp\u00e9cial encore plus sp\u00e9cial avec cette carte pop-up paon de Popcards \u2013 une carte de v\u0153ux qui sera certainement ch\u00e9rie !<\/p>\n<p>Taille de la carte 30 \u00d7 20 cm, pli\u00e9e \u00e0 15 \u00d7 20 cm.<br \/>\nY compris enveloppe assortie, emball\u00e9e dans un sac de cellophane.<\/p>","protected":false},"excerpt":{"rendered":"<p>Zo trots als een pauw! Verras iemand met een adembenemende Pop-up kaart met pauw van Popcards! Deze luxe 3D wenskaart heeft op de blauwe cover een schitterende, kleurrijke afbeelding van deze bijzondere vogel, symbool van schoonheid en elegantie. Bij het openen ontvouwt zich een indrukwekkende 3D pop-up pauw met sierlijk uitgespreide veren, rijk gedetailleerd in [&hellip;]<\/p>\n","protected":false},"featured_media":93458,"comment_status":"open","ping_status":"closed","template":"","meta":{"_iconic_wsb_product_page_order_bump_ids":[[]],"_sku":["4805388558336"],"_iconic_wsb_product_page_bump_modal_ids":[[]]},"product_brand":[],"product_cat":[21,47,34],"product_tag":[112,142],"class_list":{"0":"post-93453","1":"product","2":"type-product","3":"status-publish","4":"has-post-thumbnail","6":"product_cat-dieren-dierenkaarten-wenskaarten","7":"product_cat-bloemen-bloemenkaarten-wenskaarten","8":"product_cat-felicitatie-verjaardag-verjaardagskaarten","9":"product_tag-geslaagd","10":"product_tag-vogel","12":"first","13":"outofstock","14":"taxable","15":"shipping-taxable","16":"purchasable","17":"product-type-simple"},"gallery_images":[93676],"_links":{"self":[{"href":"https:\/\/popcards.nl\/fr\/wp-json\/wp\/v2\/product\/93453","targetHints":{"allow":["GET"]}}],"collection":[{"href":"https:\/\/popcards.nl\/fr\/wp-json\/wp\/v2\/product"}],"about":[{"href":"https:\/\/popcards.nl\/fr\/wp-json\/wp\/v2\/types\/product"}],"replies":[{"embeddable":true,"href":"https:\/\/popcards.nl\/fr\/wp-json\/wp\/v2\/comments?post=93453"}],"wp:featuredmedia":[{"embeddable":true,"href":"https:\/\/popcards.nl\/fr\/wp-json\/wp\/v2\/media\/93458"}],"wp:attachment":[{"href":"https:\/\/popcards.nl\/fr\/wp-json\/wp\/v2\/media?parent=93453"}],"wp:term":[{"taxonomy":"product_brand","embeddable":true,"href":"https:\/\/popcards.nl\/fr\/wp-json\/wp\/v2\/product_brand?post=93453"},{"taxonomy":"product_cat","embeddable":true,"href":"https:\/\/popcards.nl\/fr\/wp-json\/wp\/v2\/product_cat?post=93453"},{"taxonomy":"product_tag","embeddable":true,"href":"https:\/\/popcards.nl\/fr\/wp-json\/wp\/v2\/product_tag?post=93453"}],"curies":[{"name":"wp","href":"https:\/\/api.w.org\/{rel}","templated":true}]}}