{"id":93475,"date":"2025-10-07T17:37:34","date_gmt":"2025-10-07T15:37:34","guid":{"rendered":"https:\/\/popcards.nl\/?post_type=product&#038;p=93475"},"modified":"2026-04-09T14:06:04","modified_gmt":"2026-04-09T12:06:04","slug":"carte-pop-up-velo-bleu-pastel-avec-fleurs","status":"publish","type":"product","link":"https:\/\/popcards.nl\/fr\/product\/pop-up-kaart-pastelblauwe-fiets-met-bloemen\/","title":{"rendered":"Belle carte pop-up v\u00e9lo bleu pastel avec carte de v\u0153ux \u00e0 fleurs"},"content":{"rendered":"<p>Surprenez quelqu&#039;un avec une touche de chaleur et de gaiet\u00e9 gr\u00e2ce \u00e0 cette magnifique carte pop-up \u00ab\u00a0V\u00e9lo fleuri\u00a0\u00bb de Popcards. Un charmant v\u00e9lo bleu pastel avec un panier de fleurs rayonne sur la couverture, mais le v\u00e9ritable moment d&#039;\u00e9merveillement survient d\u00e8s l&#039;ouverture de la carte\u00a0: un v\u00e9lo 3D raffin\u00e9 prend vie, accompagn\u00e9 d&#039;un panier de fleurs color\u00e9es, symbole de joie, de libert\u00e9 et de beaut\u00e9 de la vie.<\/p>\n<p>Chaque carte est confectionn\u00e9e avec amour et savoir-faire. Gr\u00e2ce \u00e0 ses d\u00e9tails d\u00e9coup\u00e9s au laser, \u00e0 l&#039;utilisation d&#039;un papier de haute qualit\u00e9 et \u00e0 l&#039;\u00e9l\u00e9gante combinaison de couleurs pastel douces et de touches florales vibrantes, cette carte respire la classe et la chaleur. De plus, son int\u00e9rieur offre un espace pour un message personnel, faisant de cette carte bien plus qu&#039;une simple carte, un souvenir inoubliable.<\/p>\n<p><strong>\u2728 Pourquoi choisir cette carte de v\u0153ux Popcards ?<\/strong><\/p>\n<ul>\n<li>Superbe \u0153uvre d&#039;art pop-up : un v\u00e9lo gracieux avec un panier de fleurs en 3D.<\/li>\n<li>Artisanat fait main : fabriqu\u00e9 avec soin et attention aux d\u00e9tails.<\/li>\n<li>Combinaison de couleurs \u00e9l\u00e9gante : bleu pastel doux et fleurs color\u00e9es.<\/li>\n<li>Personnel et significatif : un espace pour votre propre souhait manuscrit.<\/li>\n<li>Cadeau polyvalent : parfait pour les anniversaires, les anniversaires, la f\u00eate des m\u00e8res, les remerciements ou simplement comme signe d&#039;amour et d&#039;appr\u00e9ciation.<\/li>\n<\/ul>\n<p>Avec cette carte de v\u00e9lo pop-up, vous enverrez non seulement des f\u00e9licitations, mais cr\u00e9erez \u00e9galement un souvenir durable qui sera ch\u00e9ri. \ud83c\udf38\ud83d\udc8c<\/p>\n<p>Taille de la carte 30 \u00d7 20 cm, pli\u00e9e \u00e0 15 \u00d7 20 cm.<br \/>\nY compris enveloppe assortie, emball\u00e9e dans un sac de cellophane.<\/p>","protected":false},"excerpt":{"rendered":"<p>Verras iemand met een vleugje warmte en vrolijkheid met deze prachtige pop-up kaart Fiets met bloemen van Popcards. Al op de cover schittert een charmante pastelblauwe fiets met een mand vol bloemen, maar het echte wow-moment beleef je zodra de kaart wordt geopend: een verfijnde 3D fiets komt tot leven, compleet met een bloemenmand vol [&hellip;]<\/p>\n","protected":false},"featured_media":93504,"comment_status":"open","ping_status":"closed","template":"","meta":{"_iconic_wsb_product_page_order_bump_ids":[[]],"_sku":["4805388559678"],"_iconic_wsb_product_page_bump_modal_ids":[[]]},"product_brand":[],"product_cat":[17,47,34],"product_tag":[109],"class_list":{"0":"post-93475","1":"product","2":"type-product","3":"status-publish","4":"has-post-thumbnail","6":"product_cat-voertuigen-schip-trein-vliegtuig-auto-fiets","7":"product_cat-bloemen-bloemenkaarten-wenskaarten","8":"product_cat-felicitatie-verjaardag-verjaardagskaarten","9":"product_tag-fiets","11":"first","12":"instock","13":"taxable","14":"shipping-taxable","15":"purchasable","16":"product-type-simple"},"gallery_images":[93503,93673],"_links":{"self":[{"href":"https:\/\/popcards.nl\/fr\/wp-json\/wp\/v2\/product\/93475","targetHints":{"allow":["GET"]}}],"collection":[{"href":"https:\/\/popcards.nl\/fr\/wp-json\/wp\/v2\/product"}],"about":[{"href":"https:\/\/popcards.nl\/fr\/wp-json\/wp\/v2\/types\/product"}],"replies":[{"embeddable":true,"href":"https:\/\/popcards.nl\/fr\/wp-json\/wp\/v2\/comments?post=93475"}],"wp:featuredmedia":[{"embeddable":true,"href":"https:\/\/popcards.nl\/fr\/wp-json\/wp\/v2\/media\/93504"}],"wp:attachment":[{"href":"https:\/\/popcards.nl\/fr\/wp-json\/wp\/v2\/media?parent=93475"}],"wp:term":[{"taxonomy":"product_brand","embeddable":true,"href":"https:\/\/popcards.nl\/fr\/wp-json\/wp\/v2\/product_brand?post=93475"},{"taxonomy":"product_cat","embeddable":true,"href":"https:\/\/popcards.nl\/fr\/wp-json\/wp\/v2\/product_cat?post=93475"},{"taxonomy":"product_tag","embeddable":true,"href":"https:\/\/popcards.nl\/fr\/wp-json\/wp\/v2\/product_tag?post=93475"}],"curies":[{"name":"wp","href":"https:\/\/api.w.org\/{rel}","templated":true}]}}