{"id":973,"date":"2019-01-30T22:09:28","date_gmt":"2019-01-30T21:09:28","guid":{"rendered":"https:\/\/popcards.nl\/?post_type=product&#038;p=973"},"modified":"2026-04-09T13:29:19","modified_gmt":"2026-04-09T11:29:19","slug":"big-ben-londres-angleterre","status":"publish","type":"product","link":"https:\/\/popcards.nl\/fr\/product\/big-ben-londen-groot-brittanie-pop-up-wenskaart\/","title":{"rendered":"Carte de voeux Big Ben Londres Grande-Bretagne pop up card"},"content":{"rendered":"<p>Londres, la capitale de \u00abl&#039;empire\u00bb britannique. Cela comprend une visite \u00e0 Big Ben, la fi\u00e8re tour des Chambres du Parlement, le gouvernement anglais. Allez-vous \u00e0 Londres ou y \u00eates-vous all\u00e9? Alors cette carte pop-up Big Ben est \u00abVOTRE GRANDE M\u00c9MOIRE\u00bb. Coupe tr\u00e8s d\u00e9taill\u00e9e, une carte de voeux impressionnante.<\/p>\n<p>Taille de la carte 30 \u00d7 15 cm, pli\u00e9e en 15 \u00d7 15 cm.<br \/>\nY compris enveloppe vierge assortie, emball\u00e9e dans du cellophane.<\/p>","protected":false},"excerpt":{"rendered":"<p>Londen, de hoofdstad van het Britse \u2018imperium.\u2019 Daar hoort een bezoek bij aan de Big Ben, de trotse toren van The Houses of Parliament, de Engelse regering. Ga je naar Londen of ben je er geweest? Dan is deze pop-up kaart van de Big Ben \u2018YOUR GREAT MEMORY.\u2019 Heel gedetailleerd uitgesneden, een imposante wenskaart. Kaartformaat [&hellip;]<\/p>\n","protected":false},"featured_media":60674,"comment_status":"open","ping_status":"closed","template":"","meta":{"_iconic_wsb_product_page_order_bump_ids":[[]],"_sku":["8945005026667"],"_iconic_wsb_product_page_bump_modal_ids":[[]]},"product_brand":[],"product_cat":[57,73,34],"product_tag":[138,74,86],"class_list":{"0":"post-973","1":"product","2":"type-product","3":"status-publish","4":"has-post-thumbnail","6":"product_cat-uitnodigingen-uitnodigingskaarten-verjaardag-jubileum","7":"product_cat-beroemde-gebouwen","8":"product_cat-felicitatie-verjaardag-verjaardagskaarten","9":"product_tag-gebouw","10":"product_tag-london","11":"product_tag-stedentrip","12":"pa_brand-popcards","14":"first","15":"instock","16":"taxable","17":"shipping-taxable","18":"purchasable","19":"product-type-simple"},"gallery_images":[94169],"_links":{"self":[{"href":"https:\/\/popcards.nl\/fr\/wp-json\/wp\/v2\/product\/973","targetHints":{"allow":["GET"]}}],"collection":[{"href":"https:\/\/popcards.nl\/fr\/wp-json\/wp\/v2\/product"}],"about":[{"href":"https:\/\/popcards.nl\/fr\/wp-json\/wp\/v2\/types\/product"}],"replies":[{"embeddable":true,"href":"https:\/\/popcards.nl\/fr\/wp-json\/wp\/v2\/comments?post=973"}],"wp:featuredmedia":[{"embeddable":true,"href":"https:\/\/popcards.nl\/fr\/wp-json\/wp\/v2\/media\/60674"}],"wp:attachment":[{"href":"https:\/\/popcards.nl\/fr\/wp-json\/wp\/v2\/media?parent=973"}],"wp:term":[{"taxonomy":"product_brand","embeddable":true,"href":"https:\/\/popcards.nl\/fr\/wp-json\/wp\/v2\/product_brand?post=973"},{"taxonomy":"product_cat","embeddable":true,"href":"https:\/\/popcards.nl\/fr\/wp-json\/wp\/v2\/product_cat?post=973"},{"taxonomy":"product_tag","embeddable":true,"href":"https:\/\/popcards.nl\/fr\/wp-json\/wp\/v2\/product_tag?post=973"}],"curies":[{"name":"wp","href":"https:\/\/api.w.org\/{rel}","templated":true}]}}