{"id":985,"date":"2019-01-30T22:31:29","date_gmt":"2019-01-30T21:31:29","guid":{"rendered":"https:\/\/popcards.nl\/?post_type=product&#038;p=985"},"modified":"2026-04-25T15:41:16","modified_gmt":"2026-04-25T13:41:16","slug":"gateau-heureux-avec-bougie","status":"publish","type":"product","link":"https:\/\/popcards.nl\/fr\/product\/vrolijke-verjaardagstaart-3d-verjaardagskaart\/","title":{"rendered":"G\u00e2teau de joyeux anniversaire avec bougie - or | pop up carte d&#039;anniversaire"},"content":{"rendered":"<p>Un d\u00e9licieux g\u00e2teau qui ne fait pas grossir. Une belle carte de voeux pop-up pour tous les \u00e2ges. <a href=\"https:\/\/popcards.nl\/fr\/carte-2\/carte-joyeux-anniversaire-gateau-bougie\/\">Cette carte est \u00e9galement disponible en rouge fonc\u00e9.<\/a> <a href=\"https:\/\/popcards.nl\/fr\/carte-2\/carte-danniversaire-de-gateau-danniversaire-festif\/\">Avez-vous \u00e9galement vu notre autre carte d&#039;anniversaire?<\/a><\/p>\n<p>Taille de la carte 26 \u00d7 15, cm, pli\u00e9e \u00e0 13 \u00d7 15,5 cm.<br \/>\nY compris enveloppe vierge assortie, emball\u00e9e dans un sac en cellophane.<\/p>","protected":false},"excerpt":{"rendered":"<p>Un d\u00e9licieux g\u00e2teau qui ne fera pas grossir. Une carte de v\u0153ux pop-up amusante pour tous les \u00e2ges. Cette carte est \u00e9galement disponible en rouge profond. Avez-vous \u00e9galement vu notre autre carte d&#039;anniversaire ? Format de la carte 26\u00d715, cm, pli\u00e9e \u00e0 13\u00d715,5 cm. Comprend une enveloppe vierge assortie, emball\u00e9e dans un sac en cellophane.<\/p>","protected":false},"featured_media":947,"comment_status":"open","ping_status":"closed","template":"","meta":{"_iconic_wsb_product_page_order_bump_ids":[[]],"_sku":["8945005026766"],"_iconic_wsb_product_page_bump_modal_ids":[[]]},"product_brand":[],"product_cat":[34,57],"product_tag":[246,137],"class_list":{"0":"post-985","1":"product","2":"type-product","3":"status-publish","4":"has-post-thumbnail","6":"product_cat-felicitatie-verjaardag-verjaardagskaarten","7":"product_cat-uitnodigingen-uitnodigingskaarten-verjaardag-jubileum","8":"product_tag-taart","9":"product_tag-verjaardag","10":"pa_brand-popcards","12":"first","13":"instock","14":"taxable","15":"shipping-taxable","16":"purchasable","17":"product-type-simple"},"gallery_images":[75494],"_links":{"self":[{"href":"https:\/\/popcards.nl\/fr\/wp-json\/wp\/v2\/product\/985","targetHints":{"allow":["GET"]}}],"collection":[{"href":"https:\/\/popcards.nl\/fr\/wp-json\/wp\/v2\/product"}],"about":[{"href":"https:\/\/popcards.nl\/fr\/wp-json\/wp\/v2\/types\/product"}],"replies":[{"embeddable":true,"href":"https:\/\/popcards.nl\/fr\/wp-json\/wp\/v2\/comments?post=985"}],"wp:featuredmedia":[{"embeddable":true,"href":"https:\/\/popcards.nl\/fr\/wp-json\/wp\/v2\/media\/947"}],"wp:attachment":[{"href":"https:\/\/popcards.nl\/fr\/wp-json\/wp\/v2\/media?parent=985"}],"wp:term":[{"taxonomy":"product_brand","embeddable":true,"href":"https:\/\/popcards.nl\/fr\/wp-json\/wp\/v2\/product_brand?post=985"},{"taxonomy":"product_cat","embeddable":true,"href":"https:\/\/popcards.nl\/fr\/wp-json\/wp\/v2\/product_cat?post=985"},{"taxonomy":"product_tag","embeddable":true,"href":"https:\/\/popcards.nl\/fr\/wp-json\/wp\/v2\/product_tag?post=985"}],"curies":[{"name":"wp","href":"https:\/\/api.w.org\/{rel}","templated":true}]}}