{"id":987,"date":"2019-01-30T22:34:34","date_gmt":"2019-01-30T21:34:34","guid":{"rendered":"https:\/\/popcards.nl\/?post_type=product&#038;p=987"},"modified":"2025-10-03T13:54:30","modified_gmt":"2025-10-03T11:54:30","slug":"gateau-joyeux-colore-avec-clown-et-elephant","status":"publish","type":"product","link":"https:\/\/popcards.nl\/fr\/product\/vrolijke-kleurrijke-taart-met-clown-en-olifantje\/","title":{"rendered":"Joyeux g\u00e2teau color\u00e9 avec carte de voeux de clown et d&#039;\u00e9l\u00e9phant"},"content":{"rendered":"<p>G\u00e2teau color\u00e9 gai avec clown et \u00e9l\u00e9phant. Un d\u00e9licieux g\u00e2teau qui vous rendra heureux. Une jolie carte pour tous les \u00e2ges. Vous ne vous en lasserez pas. <a href=\"https:\/\/popcards.nl\/fr\/carte-2\/carte-danniversaire-de-gateau-danniversaire-festif\/\">Avez-vous \u00e9galement vu notre autre carte de g\u00e2teaux?<\/a><\/p>\n<p>Taille de la carte 30 \u00d7 15, cm, pli\u00e9e en 15 \u00d7 15 cm.<br \/>\nY compris enveloppe vierge assortie, emball\u00e9e dans un sac en cellophane.<\/p>","protected":false},"excerpt":{"rendered":"<p>Joyeux g\u00e2teau color\u00e9 avec clown et \u00e9l\u00e9phant. Un d\u00e9licieux g\u00e2teau qui fera votre bonheur. Une jolie carte pour tous les \u00e2ges. On ne s&#039;en lasse pas. Avez-vous \u00e9galement vu notre autre carte de g\u00e2teau ? Format carte 30\u00d715, cm, pli\u00e9e \u00e0 15\u00d715 cm. Comprend une enveloppe vierge assortie, emball\u00e9e dans un sac en cellophane.<\/p>","protected":false},"featured_media":927,"comment_status":"open","ping_status":"closed","template":"","meta":{"_iconic_wsb_product_page_order_bump_ids":[],"_sku":["8945005026681"],"_iconic_wsb_product_page_bump_modal_ids":[]},"product_brand":[],"product_cat":[34,57],"product_tag":[246,137],"class_list":{"0":"post-987","1":"product","2":"type-product","3":"status-publish","4":"has-post-thumbnail","6":"product_cat-felicitatie-verjaardag-verjaardagskaarten","7":"product_cat-uitnodigingen-uitnodigingskaarten-verjaardag-jubileum","8":"product_tag-taart","9":"product_tag-verjaardag","10":"pa_brand-popcards","12":"first","13":"outofstock","14":"taxable","15":"shipping-taxable","16":"purchasable","17":"product-type-simple"},"gallery_images":[926],"_links":{"self":[{"href":"https:\/\/popcards.nl\/fr\/wp-json\/wp\/v2\/product\/987","targetHints":{"allow":["GET"]}}],"collection":[{"href":"https:\/\/popcards.nl\/fr\/wp-json\/wp\/v2\/product"}],"about":[{"href":"https:\/\/popcards.nl\/fr\/wp-json\/wp\/v2\/types\/product"}],"replies":[{"embeddable":true,"href":"https:\/\/popcards.nl\/fr\/wp-json\/wp\/v2\/comments?post=987"}],"wp:featuredmedia":[{"embeddable":true,"href":"https:\/\/popcards.nl\/fr\/wp-json\/wp\/v2\/media\/927"}],"wp:attachment":[{"href":"https:\/\/popcards.nl\/fr\/wp-json\/wp\/v2\/media?parent=987"}],"wp:term":[{"taxonomy":"product_brand","embeddable":true,"href":"https:\/\/popcards.nl\/fr\/wp-json\/wp\/v2\/product_brand?post=987"},{"taxonomy":"product_cat","embeddable":true,"href":"https:\/\/popcards.nl\/fr\/wp-json\/wp\/v2\/product_cat?post=987"},{"taxonomy":"product_tag","embeddable":true,"href":"https:\/\/popcards.nl\/fr\/wp-json\/wp\/v2\/product_tag?post=987"}],"curies":[{"name":"wp","href":"https:\/\/api.w.org\/{rel}","templated":true}]}}