{"id":997,"date":"2019-01-30T22:49:33","date_gmt":"2019-01-30T21:49:33","guid":{"rendered":"https:\/\/popcards.nl\/?post_type=product&#038;p=997"},"modified":"2025-06-06T16:42:31","modified_gmt":"2025-06-06T14:42:31","slug":"heureux-fleuriste-auto-citroen-2cv","status":"publish","type":"product","link":"https:\/\/popcards.nl\/fr\/product\/vrolijke-bloemist-auto-citroen-2cv\/","title":{"rendered":"Carte pop-up canard Citro\u00ebn 2CV Voiture de fleuriste joyeux \u2013 Texte \u00ab Joyeux anniversaire \u00bb"},"content":{"rendered":"<p>Funny voiture pliante en 3 dimensions <a href=\"https:\/\/nl.wikipedia.org\/wiki\/Citro%C3%ABn_2CV\" target=\"_blank\" rel=\"noopener noreferrer\">Citro\u00ebn 2CV<\/a> avec beaucoup de d\u00e9tails floraux color\u00e9s. Ce n&#039;est pas un vilain canard, mais un canard color\u00e9. La belle voiture sera exp\u00e9di\u00e9e \u00e0 plat dans une enveloppe. Le destinataire d\u00e9plie la carte et\u2026 il y a une voiture compl\u00e8te devant lui. Plein de fleurs et de plaisir. Cela vous rend heureux ! Comprend une carte de f\u00e9licitations sous la forme d&#039;un tableau d\u00e9pliant, sur lequel vous pouvez \u00e9crire quelque chose de gentil \u00e0 l&#039;int\u00e9rieur. Le panneau indique &quot;Joyeux anniversaire&quot;. Vous souhaitez offrir cette carte de v\u0153ux pour une occasion autre qu&#039;un anniversaire ? <a href=\"https:\/\/popcards.nl\/fr\/product\/carte-pop-up-happy-florist-car-citroen-2cv\/\">Pas de probl\u00e8me, car nous avons aussi cette jolie carte dans la variante avec une pancarte avec le texte &quot;Be Happy&quot;.<\/a><\/p>\n<p>Cette carte est \u00e9galement disponible en tant que plaisir <a href=\"https:\/\/popcards.nl\/fr\/carte-2\/carte-de-noel-joyeux-santa-voiture-citron-2cv-laid-canard\/\">Carte de no\u00ebl<\/a>!<\/p>\n<p>Taille de la carte 15x15x8 cm, pli\u00e9e en 15 \u00d7 15 cm.<br \/>\nY compris enveloppe vierge assortie, emball\u00e9e dans un sac en cellophane.<\/p>","protected":false},"excerpt":{"rendered":"<p>Grappige 3-dimensionale uitklap auto Citro\u00ebn 2CV met veel kleurrijke bloemendetails. Dit is geen lelijke eend, maar een fleurige eend. Het fraaie autootje wordt plat in een envelop verstuurd. De ontvanger klapt de kaart uit en\u2026 er staat een compleet autootje voor hem\/haar. Vol bloemen en gezelligheid. Daar word je vrolijk van! Inclusief felicitatiekaartje in de [&hellip;]<\/p>\n","protected":false},"featured_media":953,"comment_status":"open","ping_status":"closed","template":"","meta":{"_iconic_wsb_product_page_order_bump_ids":[],"_sku":["8945005026797"],"_iconic_wsb_product_page_bump_modal_ids":[]},"product_brand":[],"product_cat":[17,47,34,27,57],"product_tag":[110,48],"class_list":{"0":"post-997","1":"product","2":"type-product","3":"status-publish","4":"has-post-thumbnail","6":"product_cat-voertuigen-schip-trein-vliegtuig-auto-fiets","7":"product_cat-bloemen-bloemenkaarten-wenskaarten","8":"product_cat-felicitatie-verjaardag-verjaardagskaarten","9":"product_cat-liefde-liefdeskaarten-valentijnskaarten","10":"product_cat-uitnodigingen-uitnodigingskaarten-verjaardag-jubileum","11":"product_tag-auto","12":"product_tag-bloemen","13":"pa_brand-popcards","15":"first","16":"outofstock","17":"taxable","18":"shipping-taxable","19":"purchasable","20":"product-type-simple"},"gallery_images":[954,952],"_links":{"self":[{"href":"https:\/\/popcards.nl\/fr\/wp-json\/wp\/v2\/product\/997","targetHints":{"allow":["GET"]}}],"collection":[{"href":"https:\/\/popcards.nl\/fr\/wp-json\/wp\/v2\/product"}],"about":[{"href":"https:\/\/popcards.nl\/fr\/wp-json\/wp\/v2\/types\/product"}],"replies":[{"embeddable":true,"href":"https:\/\/popcards.nl\/fr\/wp-json\/wp\/v2\/comments?post=997"}],"wp:featuredmedia":[{"embeddable":true,"href":"https:\/\/popcards.nl\/fr\/wp-json\/wp\/v2\/media\/953"}],"wp:attachment":[{"href":"https:\/\/popcards.nl\/fr\/wp-json\/wp\/v2\/media?parent=997"}],"wp:term":[{"taxonomy":"product_brand","embeddable":true,"href":"https:\/\/popcards.nl\/fr\/wp-json\/wp\/v2\/product_brand?post=997"},{"taxonomy":"product_cat","embeddable":true,"href":"https:\/\/popcards.nl\/fr\/wp-json\/wp\/v2\/product_cat?post=997"},{"taxonomy":"product_tag","embeddable":true,"href":"https:\/\/popcards.nl\/fr\/wp-json\/wp\/v2\/product_tag?post=997"}],"curies":[{"name":"wp","href":"https:\/\/api.w.org\/{rel}","templated":true}]}}