{"id":102583,"date":"2026-04-29T12:52:07","date_gmt":"2026-04-29T10:52:07","guid":{"rendered":"https:\/\/popcards.nl\/?post_type=product&#038;p=102583"},"modified":"2026-04-29T13:59:28","modified_gmt":"2026-04-29T11:59:28","slug":"kunstzinnige-rode-hartjes-flatyz-platte-kaars","status":"publish","type":"product","link":"https:\/\/popcards.nl\/it\/product\/kunstzinnige-rode-hartjes-flatyz-platte-kaars\/","title":{"rendered":"Kunstzinnige Rode Hartjes  | FLATYZ platte kaars \u2013 uniek handbeschilderd cadeau"},"content":{"rendered":"<h2>Biglietti pop-up? Candele pop-up! \ud83d\ude09<\/h2>\n<p>De FLATYZ platte kaars \u2013 Kunstzinnige Rode Hartjes is een uniek designcadeau dat direct in het oog springt. Een <strong>candela dipinta a mano<\/strong> che unisce atmosfera e design in un unico oggetto speciale.<\/p>\n<div id=\"model-response-message-contentr_39173dab4c6a5ecb\" class=\"markdown markdown-main-panel enable-updated-hr-color\" dir=\"ltr\" aria-live=\"polite\" aria-busy=\"false\">\n<p data-path-to-node=\"0\">Deze unieke kaars verspreid pure romantiek met zijn artistieke rode hartjes in aquarelstijl, het perfecte betekenisvolle geschenk voor een speciaal iemand.<\/p>\n<\/div>\n<p>Ogni candela piatta FLATYZ \u00e8 colata e dipinta a mano da abili artigiani in Lituania. Nessuna produzione in serie, solo artigianalit\u00e0. <strong>rendendo ogni copia unica<\/strong>.<\/p>\n<p>La forma piatta con due stoppini \u00e8 unica. Un ulteriore vantaggio \u00e8 che la candela confezionata pu\u00f2 essere consegnata tramite la cassetta postale. La candela non produce fumo, \u00e8 inodore, non gocciola e si spegne da sola quando \u00e8 quasi vuota. Grazie al doppio stoppino in cotone, la candela brucia in modo uniforme. La base in metallo garantisce stabilit\u00e0.<\/p>\n<p>Un&#039;aggiunta elegante alla tua casa, ma anche un regalo artistico originale da regalare o idealmente inviare per posta. Riceverai un biglietto per un messaggio personale e un intero <strong>bella confezione regalo<\/strong>.<\/p>\n<div id=\"attachment_99801\" style=\"width: 258px\" class=\"wp-caption alignright\"><img decoding=\"async\" aria-describedby=\"caption-attachment-99801\" class=\"wp-image-99801\" src=\"https:\/\/popcards.nl\/wp-content\/uploads\/2026\/02\/kaars-met-verpakking-verticaal-248x300.jpg\" alt=\"\" width=\"248\" height=\"300\" title=\"\" srcset=\"https:\/\/popcards.nl\/wp-content\/uploads\/2026\/02\/kaars-met-verpakking-verticaal-248x300.jpg 248w, https:\/\/popcards.nl\/wp-content\/uploads\/2026\/02\/kaars-met-verpakking-verticaal-992x1200.jpg 992w, https:\/\/popcards.nl\/wp-content\/uploads\/2026\/02\/kaars-met-verpakking-verticaal-768x929.jpg 768w, https:\/\/popcards.nl\/wp-content\/uploads\/2026\/02\/kaars-met-verpakking-verticaal-10x12.jpg 10w, https:\/\/popcards.nl\/wp-content\/uploads\/2026\/02\/kaars-met-verpakking-verticaal-583x705.jpg 583w, https:\/\/popcards.nl\/wp-content\/uploads\/2026\/02\/kaars-met-verpakking-verticaal-450x544.jpg 450w, https:\/\/popcards.nl\/wp-content\/uploads\/2026\/02\/kaars-met-verpakking-verticaal-600x726.jpg 600w, https:\/\/popcards.nl\/wp-content\/uploads\/2026\/02\/kaars-met-verpakking-verticaal-300x363.jpg 300w, https:\/\/popcards.nl\/wp-content\/uploads\/2026\/02\/kaars-met-verpakking-verticaal.jpg 1154w\" sizes=\"(max-width: 248px) 100vw, 248px\" \/><p id=\"caption-attachment-99801\" class=\"wp-caption-text\">Include biglietto da visita e confezione regalo<\/p><\/div>\n<ul>\n<li>Fatto a mano e dipinto a mano<\/li>\n<li>Design unico e piatto (brevettato)<\/li>\n<li>Senza fumo, inodore e senza gocciolamento<\/li>\n<li>Doppio fusibile, autoestinguente<\/li>\n<li>Inclusa robusta base in acciaio<\/li>\n<li>Dimensioni: 15 cm x 6,1 cm x 1 cm<\/li>\n<li>Tempo di combustione: 3-4 ore<\/li>\n<li>Adatto per l&#039;invio tramite posta ordinaria<\/li>\n<li>Include una cartolina per un messaggio personale<\/li>\n<li>Inclusa una bellissima confezione regalo<\/li>\n<\/ul>","protected":false},"excerpt":{"rendered":"<p>Popcards? Popkaars! \ud83d\ude09 De FLATYZ platte kaars \u2013 Kunstzinnige Rode Hartjes is een uniek designcadeau dat direct in het oog springt. Een handbeschilderde kaars die sfeer en design combineert in \u00e9\u00e9n bijzonder object. Deze unieke kaars verspreid pure romantiek met zijn artistieke rode hartjes in aquarelstijl, het perfecte betekenisvolle geschenk voor een speciaal iemand. Elke [&hellip;]<\/p>\n","protected":false},"featured_media":102577,"comment_status":"open","ping_status":"closed","template":"","meta":{"_iconic_wsb_product_page_order_bump_ids":[[]],"_sku":["4805388560025"],"_iconic_wsb_product_page_bump_modal_ids":[[]]},"product_brand":[],"product_cat":[289,34,27],"product_tag":[290],"class_list":{"0":"post-102583","1":"product","2":"type-product","3":"status-publish","4":"has-post-thumbnail","6":"product_cat-flatyz-handbeschilderde-platte-kaarsen","7":"product_cat-felicitatie-verjaardag-verjaardagskaarten","8":"product_cat-liefde-liefdeskaarten-valentijnskaarten","9":"product_tag-flatyz-platte-kaars","11":"first","12":"instock","13":"taxable","14":"shipping-taxable","15":"purchasable","16":"product-type-simple"},"gallery_images":[99797,98587,98597],"_links":{"self":[{"href":"https:\/\/popcards.nl\/it\/wp-json\/wp\/v2\/product\/102583","targetHints":{"allow":["GET"]}}],"collection":[{"href":"https:\/\/popcards.nl\/it\/wp-json\/wp\/v2\/product"}],"about":[{"href":"https:\/\/popcards.nl\/it\/wp-json\/wp\/v2\/types\/product"}],"replies":[{"embeddable":true,"href":"https:\/\/popcards.nl\/it\/wp-json\/wp\/v2\/comments?post=102583"}],"wp:featuredmedia":[{"embeddable":true,"href":"https:\/\/popcards.nl\/it\/wp-json\/wp\/v2\/media\/102577"}],"wp:attachment":[{"href":"https:\/\/popcards.nl\/it\/wp-json\/wp\/v2\/media?parent=102583"}],"wp:term":[{"taxonomy":"product_brand","embeddable":true,"href":"https:\/\/popcards.nl\/it\/wp-json\/wp\/v2\/product_brand?post=102583"},{"taxonomy":"product_cat","embeddable":true,"href":"https:\/\/popcards.nl\/it\/wp-json\/wp\/v2\/product_cat?post=102583"},{"taxonomy":"product_tag","embeddable":true,"href":"https:\/\/popcards.nl\/it\/wp-json\/wp\/v2\/product_tag?post=102583"}],"curies":[{"name":"parola chiave","href":"https:\/\/api.w.org\/{rel}","templated":true}]}}