{"id":1123,"date":"2019-03-11T23:01:34","date_gmt":"2019-03-11T22:01:34","guid":{"rendered":"https:\/\/popcards.nl\/?post_type=product&#038;p=1123"},"modified":"2026-04-06T10:47:10","modified_gmt":"2026-04-06T08:47:10","slug":"scooter-vespa","status":"publish","type":"product","link":"https:\/\/popcards.nl\/it\/product\/vespa-scooter-pop-up-wenskaart\/","title":{"rendered":"Cartolina d&#039;auguri pop-up 3D di scooter Vespa"},"content":{"rendered":"<p>Simpatico biglietto di auguri pop-up per sorprendere qualcuno con un viaggio in una citt\u00e0 in Italia, come Roma. E con questa carta renderai molto felice chiunque abbia mai guidato uno scooter Vespa cos\u00ec potente e bello.<\/p>\n<p>Formato della carta 24 \u00d7 17 cm, piegato a 12 \u00d7 17 cm.<br \/>\nInclusa busta vuota coordinata, confezionata in sacchetto di cellophane.<\/p>","protected":false},"excerpt":{"rendered":"<p>Simpatico biglietto di auguri pop-up per sorprendere qualcuno con un viaggio in una citt\u00e0 in Italia, come Roma. E con questa carta renderai molto felice chiunque abbia mai guidato uno scooter Vespa cos\u00ec potente e bello. Formato cartoncino 24\u00d717 cm, piegato a 12\u00d717 cm. Include busta vuota abbinata, confezionata in un sacchetto di cellophane.<\/p>","protected":false},"featured_media":64640,"comment_status":"open","ping_status":"closed","template":"","meta":{"_iconic_wsb_product_page_order_bump_ids":[[]],"_sku":["8945005027008"],"_iconic_wsb_product_page_bump_modal_ids":[[]]},"product_brand":[],"product_cat":[17],"product_tag":[109],"class_list":{"0":"post-1123","1":"product","2":"type-product","3":"status-publish","4":"has-post-thumbnail","6":"product_cat-voertuigen-schip-trein-vliegtuig-auto-fiets","7":"product_tag-fiets","8":"pa_brand-popcards","10":"first","11":"instock","12":"taxable","13":"shipping-taxable","14":"purchasable","15":"product-type-simple"},"gallery_images":[68935],"_links":{"self":[{"href":"https:\/\/popcards.nl\/it\/wp-json\/wp\/v2\/product\/1123","targetHints":{"allow":["GET"]}}],"collection":[{"href":"https:\/\/popcards.nl\/it\/wp-json\/wp\/v2\/product"}],"about":[{"href":"https:\/\/popcards.nl\/it\/wp-json\/wp\/v2\/types\/product"}],"replies":[{"embeddable":true,"href":"https:\/\/popcards.nl\/it\/wp-json\/wp\/v2\/comments?post=1123"}],"wp:featuredmedia":[{"embeddable":true,"href":"https:\/\/popcards.nl\/it\/wp-json\/wp\/v2\/media\/64640"}],"wp:attachment":[{"href":"https:\/\/popcards.nl\/it\/wp-json\/wp\/v2\/media?parent=1123"}],"wp:term":[{"taxonomy":"product_brand","embeddable":true,"href":"https:\/\/popcards.nl\/it\/wp-json\/wp\/v2\/product_brand?post=1123"},{"taxonomy":"product_cat","embeddable":true,"href":"https:\/\/popcards.nl\/it\/wp-json\/wp\/v2\/product_cat?post=1123"},{"taxonomy":"product_tag","embeddable":true,"href":"https:\/\/popcards.nl\/it\/wp-json\/wp\/v2\/product_tag?post=1123"}],"curies":[{"name":"parola chiave","href":"https:\/\/api.w.org\/{rel}","templated":true}]}}