{"id":1139,"date":"2019-03-11T23:40:41","date_gmt":"2019-03-11T22:40:41","guid":{"rendered":"https:\/\/popcards.nl\/?post_type=product&#038;p=1139"},"modified":"2026-04-02T16:38:39","modified_gmt":"2026-04-02T14:38:39","slug":"gay-dog-con-cake-and-regali","status":"publish","type":"product","link":"https:\/\/popcards.nl\/it\/product\/vrolijk-hondje-taart-cadeautjes-pop-up-kaart\/","title":{"rendered":"Allegro cagnolino con torta e presenta carta pop-up"},"content":{"rendered":"<p>Questo dolce cane felice veglia sui regali e sulla torta finch\u00e9 il festeggiato non pu\u00f2 scartare tutto. Bel biglietto d&#039;auguri!<\/p>\n<p>Formato della carta 24 \u00d7 17 cm, piegato a 12 \u00d7 17 cm.<br \/>\nInclusa busta vuota coordinata, confezionata in sacchetto di cellophane.<\/p>","protected":false},"excerpt":{"rendered":"<p>Questo cane dolce e allegro veglia sui regali e sulla torta finch\u00e9 il festeggiato o la festeggiata non riescono a scartare tutto. Bel biglietto d&#039;auguri! Formato cartoncino 24\u00d717 cm, piegato a 12\u00d717 cm. Include busta vuota abbinata, confezionata in un sacchetto di cellophane.<\/p>","protected":false},"featured_media":1068,"comment_status":"open","ping_status":"closed","template":"","meta":{"_iconic_wsb_product_page_order_bump_ids":[[]],"_sku":["8945005026858"],"_iconic_wsb_product_page_bump_modal_ids":[[]]},"product_brand":[],"product_cat":[34,21,57],"product_tag":[53,135],"class_list":{"0":"post-1139","1":"product","2":"type-product","3":"status-publish","4":"has-post-thumbnail","6":"product_cat-felicitatie-verjaardag-verjaardagskaarten","7":"product_cat-dieren-dierenkaarten-wenskaarten","8":"product_cat-uitnodigingen-uitnodigingskaarten-verjaardag-jubileum","9":"product_tag-cadeau","10":"product_tag-hond","11":"pa_brand-popcards","13":"first","14":"instock","15":"taxable","16":"shipping-taxable","17":"purchasable","18":"product-type-simple"},"gallery_images":[86439],"_links":{"self":[{"href":"https:\/\/popcards.nl\/it\/wp-json\/wp\/v2\/product\/1139","targetHints":{"allow":["GET"]}}],"collection":[{"href":"https:\/\/popcards.nl\/it\/wp-json\/wp\/v2\/product"}],"about":[{"href":"https:\/\/popcards.nl\/it\/wp-json\/wp\/v2\/types\/product"}],"replies":[{"embeddable":true,"href":"https:\/\/popcards.nl\/it\/wp-json\/wp\/v2\/comments?post=1139"}],"wp:featuredmedia":[{"embeddable":true,"href":"https:\/\/popcards.nl\/it\/wp-json\/wp\/v2\/media\/1068"}],"wp:attachment":[{"href":"https:\/\/popcards.nl\/it\/wp-json\/wp\/v2\/media?parent=1139"}],"wp:term":[{"taxonomy":"product_brand","embeddable":true,"href":"https:\/\/popcards.nl\/it\/wp-json\/wp\/v2\/product_brand?post=1139"},{"taxonomy":"product_cat","embeddable":true,"href":"https:\/\/popcards.nl\/it\/wp-json\/wp\/v2\/product_cat?post=1139"},{"taxonomy":"product_tag","embeddable":true,"href":"https:\/\/popcards.nl\/it\/wp-json\/wp\/v2\/product_tag?post=1139"}],"curies":[{"name":"parola chiave","href":"https:\/\/api.w.org\/{rel}","templated":true}]}}