{"id":13159,"date":"2020-03-04T17:11:02","date_gmt":"2020-03-04T16:11:02","guid":{"rendered":"https:\/\/popcards.nl\/?post_type=product&#038;p=13159"},"modified":"2026-01-09T11:35:16","modified_gmt":"2026-01-09T10:35:16","slug":"cartolina-dauguri-di-giglio-bouquet-fiori-pop-up-card-auguri","status":"publish","type":"product","link":"https:\/\/popcards.nl\/it\/product\/lelie-boeket-bloemen-pop-up-kaart-wenskaart\/","title":{"rendered":"Mazzo grande con gigli | fiori di auguri pop-up"},"content":{"rendered":"<p>Un&#039;impressionante carta grande fiore. All&#039;esterno rosa opaco lucido con un bel taglio e quando apri la carta si apre un bellissimo mazzo di fiori di giglio. Decorato in un bellissimo vaso, con un arco e un&#039;atmosferica illustrazione floreale. Un fiore pu\u00f2 essere cos\u00ec festoso. Abbiamo anche un mazzo di girasoli e un mazzo di magnolie. Perch\u00e9 se ti piace la variet\u00e0.<\/p>\n<p><a href=\"https:\/\/popcards.nl\/it\/categoria\/biglietti-di-auguri-di-fiori\/\">Hai visto le nostre altre carte dei fiori?<\/a><\/p>\n<p>Carta di grandi dimensioni 30 \u00d7 20 cm, piegata a 15 \u00d7 20 cm.<br \/>\nInclusa busta color oro coordinata. Confezionato in un sacchetto di cellophane.<\/p>","protected":false},"excerpt":{"rendered":"<p>Een imposant grote bloemenkaart. Matglanzend roze aan de buitenkant met fraaie uitsnede en als je de kaart openslaat springt er een prachtig boeket Lelie bloemen op. In mooie vaas, met een strik en sfeervolle bloemenillustratie versierd. Zo feestelijk kan een bloemetje zijn. We hebben ook nog een boeket Zonnebloemen en een boeket Magnolia\u2019s. Voor als [&hellip;]<\/p>\n","protected":false},"featured_media":13151,"comment_status":"open","ping_status":"closed","template":"","meta":{"_iconic_wsb_product_page_order_bump_ids":[],"_sku":["8945005027381"],"_iconic_wsb_product_page_bump_modal_ids":[]},"product_brand":[],"product_cat":[47,78,34,27,32,57],"product_tag":[48],"class_list":{"0":"post-13159","1":"product","2":"type-product","3":"status-publish","4":"has-post-thumbnail","6":"product_cat-bloemen-bloemenkaarten-wenskaarten","7":"product_cat-beterschapskaarten-troostkaarten-condoleancekaarten","8":"product_cat-felicitatie-verjaardag-verjaardagskaarten","9":"product_cat-liefde-liefdeskaarten-valentijnskaarten","10":"product_cat-nieuwe-woning-verhuizing-verhuiskaart","11":"product_cat-uitnodigingen-uitnodigingskaarten-verjaardag-jubileum","12":"product_tag-bloemen","13":"pa_brand-popcards","15":"first","16":"outofstock","17":"sale","18":"taxable","19":"shipping-taxable","20":"purchasable","21":"product-type-simple"},"gallery_images":[],"_links":{"self":[{"href":"https:\/\/popcards.nl\/it\/wp-json\/wp\/v2\/product\/13159","targetHints":{"allow":["GET"]}}],"collection":[{"href":"https:\/\/popcards.nl\/it\/wp-json\/wp\/v2\/product"}],"about":[{"href":"https:\/\/popcards.nl\/it\/wp-json\/wp\/v2\/types\/product"}],"replies":[{"embeddable":true,"href":"https:\/\/popcards.nl\/it\/wp-json\/wp\/v2\/comments?post=13159"}],"wp:featuredmedia":[{"embeddable":true,"href":"https:\/\/popcards.nl\/it\/wp-json\/wp\/v2\/media\/13151"}],"wp:attachment":[{"href":"https:\/\/popcards.nl\/it\/wp-json\/wp\/v2\/media?parent=13159"}],"wp:term":[{"taxonomy":"product_brand","embeddable":true,"href":"https:\/\/popcards.nl\/it\/wp-json\/wp\/v2\/product_brand?post=13159"},{"taxonomy":"product_cat","embeddable":true,"href":"https:\/\/popcards.nl\/it\/wp-json\/wp\/v2\/product_cat?post=13159"},{"taxonomy":"product_tag","embeddable":true,"href":"https:\/\/popcards.nl\/it\/wp-json\/wp\/v2\/product_tag?post=13159"}],"curies":[{"name":"parola chiave","href":"https:\/\/api.w.org\/{rel}","templated":true}]}}