{"id":13162,"date":"2020-03-04T17:21:27","date_gmt":"2020-03-04T16:21:27","guid":{"rendered":"https:\/\/popcards.nl\/?post_type=product&#038;p=13162"},"modified":"2025-06-06T16:42:34","modified_gmt":"2025-06-06T14:42:34","slug":"bottiglia-vino-con-bicchiere-di-vino-pop-up-card-greeting-card","status":"publish","type":"product","link":"https:\/\/popcards.nl\/it\/product\/proost-cheers-wijnglazen-pop-up-kaart-wenskaart\/","title":{"rendered":"Biglietto d&#039;auguri Cheers - Saluti! Tostatura di bicchieri di vino pop-up card"},"content":{"rendered":"<p>Saluti! Saluti! Questi due bicchieri da vino sono generosamente riempiti di vino e brindano alla salute, all&#039;amicizia, alla felicit\u00e0, alla prosperit\u00e0 o all&#039;amore. Sono l\u00ec per viziare te e i tuoi ospiti con il loro delizioso contenuto. Prima o con un buon pasto. Il messaggio di questa Popcard arriva chiaramente al destinatario che sar\u00e0 lieto di rispondervi. Il successo \u00e8 assicurato con questo insolito biglietto d&#039;invito di benvenuto.<\/p>\n<p><a href=\"https:\/\/popcards.nl\/it\/carta-geografica\/champagne-vino-vetro-anniversario\/\">Hai visto anche la nostra carta festiva con bottiglia di champagne?<\/a><\/p>\n<p>Dimensioni della carta 30 x 15 cm, piegato a 15 x 15 cm.<br \/>\nInclusa busta color oro coordinata. Confezionato in un sacchetto di cellophane.<\/p>","protected":false},"excerpt":{"rendered":"<p>Cheers! Proost! Deze twee wijnglazen zijn gul vol geschonken met wijn en toasten op gezondheid, vriendschap, geluk, voorspoed of de liefde. Ze zijn er om u en uw gasten te verwennen met hun lekkere inhoud. Vooraf of bij een goede maaltijd. De boodschap van deze Popcard komt duidelijk over bij de ontvanger die er graag [&hellip;]<\/p>\n","protected":false},"featured_media":46003,"comment_status":"open","ping_status":"closed","template":"","meta":{"_iconic_wsb_product_page_order_bump_ids":[[]],"_sku":["8945005027350"],"_iconic_wsb_product_page_bump_modal_ids":[[]]},"product_brand":[],"product_cat":[57,34,27],"product_tag":[112,131,241],"class_list":{"0":"post-13162","1":"product","2":"type-product","3":"status-publish","4":"has-post-thumbnail","6":"product_cat-uitnodigingen-uitnodigingskaarten-verjaardag-jubileum","7":"product_cat-felicitatie-verjaardag-verjaardagskaarten","8":"product_cat-liefde-liefdeskaarten-valentijnskaarten","9":"product_tag-geslaagd","10":"product_tag-kerst","11":"product_tag-proost","12":"pa_brand-popcards","14":"first","15":"outofstock","16":"taxable","17":"shipping-taxable","18":"purchasable","19":"product-type-simple"},"gallery_images":[70863],"_links":{"self":[{"href":"https:\/\/popcards.nl\/it\/wp-json\/wp\/v2\/product\/13162","targetHints":{"allow":["GET"]}}],"collection":[{"href":"https:\/\/popcards.nl\/it\/wp-json\/wp\/v2\/product"}],"about":[{"href":"https:\/\/popcards.nl\/it\/wp-json\/wp\/v2\/types\/product"}],"replies":[{"embeddable":true,"href":"https:\/\/popcards.nl\/it\/wp-json\/wp\/v2\/comments?post=13162"}],"wp:featuredmedia":[{"embeddable":true,"href":"https:\/\/popcards.nl\/it\/wp-json\/wp\/v2\/media\/46003"}],"wp:attachment":[{"href":"https:\/\/popcards.nl\/it\/wp-json\/wp\/v2\/media?parent=13162"}],"wp:term":[{"taxonomy":"product_brand","embeddable":true,"href":"https:\/\/popcards.nl\/it\/wp-json\/wp\/v2\/product_brand?post=13162"},{"taxonomy":"product_cat","embeddable":true,"href":"https:\/\/popcards.nl\/it\/wp-json\/wp\/v2\/product_cat?post=13162"},{"taxonomy":"product_tag","embeddable":true,"href":"https:\/\/popcards.nl\/it\/wp-json\/wp\/v2\/product_tag?post=13162"}],"curies":[{"name":"parola chiave","href":"https:\/\/api.w.org\/{rel}","templated":true}]}}