{"id":13163,"date":"2020-03-04T17:23:55","date_gmt":"2020-03-04T16:23:55","guid":{"rendered":"https:\/\/popcards.nl\/?post_type=product&#038;p=13163"},"modified":"2026-03-09T17:02:32","modified_gmt":"2026-03-09T16:02:32","slug":"carta-per-la-festa-della-mamma-carta-per-la-festa-della-mamma-madre","status":"publish","type":"product","link":"https:\/\/popcards.nl\/it\/product\/kaart-voor-moederdag-moederdagkaart-moeder\/","title":{"rendered":"Festa della mamma! Biglietto per la festa della mamma pop-up per la mamma pi\u00f9 dolce"},"content":{"rendered":"<p>Amo la MAMMA. Amo mia madre. Domenica 8 maggio \u00e8 il momento: <a href=\"https:\/\/en.wikipedia.org\/wiki\/Mother%27s_Day\" target=\"_blank\" rel=\"noopener noreferrer\">Festa della mamma<\/a>\u2020 Quindi, se spedisci questa cartolina entro venerd\u00ec 6 maggio, hai buone probabilit\u00e0 di sorprendere piacevolmente tua madre. \u00c8 ancora pi\u00f9 divertente se regali personalmente questa carta a tua madre l&#039;8 maggio. <a href=\"https:\/\/popcards.nl\/it\/carta-geografica\/cartolina-dauguri-di-giglio-bouquet-fiori-pop-up-card-auguri\/\">Con una delle nostre carte fiori l\u00ec?<\/a> Sorpresa Madre!<\/p>\n<p>Hai anche il nostro altro speciale <a href=\"https:\/\/popcards.nl\/it\/carta-geografica\/festa-della-mamma-carta-di-festa-della-mamma-3d-la-madre-piu-cara\/\">biglietto per la festa della mamma<\/a> visto?<\/p>\n<p>Misura della carta 26 \u00d7 15,5 cm, piegata a 13 \u00d7 15,5 cm.<br \/>\nInclusa busta color oro coordinata. Confezionato in un sacchetto di cellophane.<\/p>\n<h3>Storia della festa della mamma<\/h3>\n<p>La storia della festa della mamma inizia negli Stati Uniti. Anna Jarvis (1864-1948), un&#039;insegnante di Filadelfia, inizi\u00f2 la festa della mamma nel 1914. Ammirava sua madre e il ruolo che le madri avevano nella societ\u00e0. Quando sua madre mor\u00ec nel 1905 la prima domenica di maggio, l&#039;anno seguente organizz\u00f2 un Giorno commemorativo generale di tutte le madri la prima domenica dopo il giorno della morte della madre. Voleva quindi organizzare una giornata in onore delle madri ogni anno. Nel 1914 riusc\u00ec a rendere la festa della mamma una festa ufficiale.<\/p>","protected":false},"excerpt":{"rendered":"<p>I love Mom. Ik hou van mijn moeder. Op zondag 8 mei is het zo ver: Moederdag. Dus als je deze kaart uiterlijk vrijdag 6 mei op de post doet, heb je een goede kans dat je je moeder blij verrast. N\u00f3g leuker is het als je op 8 mei deze kaart persoonlijk aan je [&hellip;]<\/p>\n","protected":false},"featured_media":13149,"comment_status":"open","ping_status":"closed","template":"","meta":{"_iconic_wsb_product_page_order_bump_ids":[],"_sku":["8945005027411"],"_iconic_wsb_product_page_bump_modal_ids":[]},"product_brand":[],"product_cat":[34],"product_tag":[127],"class_list":{"0":"post-13163","1":"product","2":"type-product","3":"status-publish","4":"has-post-thumbnail","6":"product_cat-felicitatie-verjaardag-verjaardagskaarten","7":"product_tag-moederdag","8":"pa_brand-popcards","10":"first","11":"instock","12":"sale","13":"taxable","14":"shipping-taxable","15":"purchasable","16":"product-type-simple"},"gallery_images":[],"_links":{"self":[{"href":"https:\/\/popcards.nl\/it\/wp-json\/wp\/v2\/product\/13163","targetHints":{"allow":["GET"]}}],"collection":[{"href":"https:\/\/popcards.nl\/it\/wp-json\/wp\/v2\/product"}],"about":[{"href":"https:\/\/popcards.nl\/it\/wp-json\/wp\/v2\/types\/product"}],"replies":[{"embeddable":true,"href":"https:\/\/popcards.nl\/it\/wp-json\/wp\/v2\/comments?post=13163"}],"wp:featuredmedia":[{"embeddable":true,"href":"https:\/\/popcards.nl\/it\/wp-json\/wp\/v2\/media\/13149"}],"wp:attachment":[{"href":"https:\/\/popcards.nl\/it\/wp-json\/wp\/v2\/media?parent=13163"}],"wp:term":[{"taxonomy":"product_brand","embeddable":true,"href":"https:\/\/popcards.nl\/it\/wp-json\/wp\/v2\/product_brand?post=13163"},{"taxonomy":"product_cat","embeddable":true,"href":"https:\/\/popcards.nl\/it\/wp-json\/wp\/v2\/product_cat?post=13163"},{"taxonomy":"product_tag","embeddable":true,"href":"https:\/\/popcards.nl\/it\/wp-json\/wp\/v2\/product_tag?post=13163"}],"curies":[{"name":"parola chiave","href":"https:\/\/api.w.org\/{rel}","templated":true}]}}