{"id":14433,"date":"2020-04-24T13:54:54","date_gmt":"2020-04-24T11:54:54","guid":{"rendered":"https:\/\/popcards.nl\/?post_type=product&#038;p=14433"},"modified":"2026-04-23T01:39:19","modified_gmt":"2026-04-22T23:39:19","slug":"scheda-popup-colibri-volare-in-piedi-in-aria","status":"publish","type":"product","link":"https:\/\/popcards.nl\/it\/product\/kolibrie-vliegend-stilstaan-in-lucht-popupkaart\/","title":{"rendered":"Colibr\u00ec Colourful che vola ancora nell&#039;aria Carta pop-up"},"content":{"rendered":"<p><a href=\"https:\/\/en.wikipedia.org\/wiki\/Hummingbird\" target=\"_blank\" rel=\"noopener noreferrer\"><img decoding=\"async\" class=\"popcards alignright wp-image-14435\" src=\"https:\/\/popcards.nl\/wp-content\/uploads\/2020\/04\/hummingbird-1056383_640-300x199.jpg\" alt=\"Colibr\u00ec Colibr\u00ec\" width=\"240\" height=\"159\" title=\"\" srcset=\"https:\/\/popcards.nl\/wp-content\/uploads\/2020\/04\/hummingbird-1056383_640-300x199.jpg 300w, https:\/\/popcards.nl\/wp-content\/uploads\/2020\/04\/hummingbird-1056383_640-600x398.jpg 600w, https:\/\/popcards.nl\/wp-content\/uploads\/2020\/04\/hummingbird-1056383_640.jpg 640w\" sizes=\"(max-width: 240px) 100vw, 240px\" \/><\/a>Il colibr\u00ec (colibr\u00ec): questo uccellino colorato \u00e8 molto leggero (6 grammi!) E pu\u00f2 stare fermo in aria durante il volo. I colibr\u00ec sono molto speciali! Una bella carta pop-up per ogni amante degli uccelli. <a href=\"https:\/\/popcards.nl\/it\/categoria\/biglietti-di-auguri-di-animali\/\">Abbiamo ancora pi\u00f9 belle popcard di animali!<\/a> <a href=\"https:\/\/popcards.nl\/it\/etichetta-del-prodotto\/uccello\/\">E anche vari biglietti di auguri con uccelli.<\/a><\/p>\n<p>Dimensioni della carta 24 x 17 cm, piegato a 12 x 17 cm.<br \/>\nInclusa busta vuota coordinata, confezionata in cellophane.<\/p>","protected":false},"excerpt":{"rendered":"<p>De kolibrie (hummingbird): Dit kleurrijke kleine vogeltje is zeer licht van gewicht (6 gram!) en kan vliegend stilstaan in de lucht. Kolibries zijn heel bijzonder! Een prachtige pop-up kaart voor elke vogel liefhebber. We hebben nog meer prachtige dieren popcards! En ook diverse wenskaarten met vogels. Kaartformaat 24 x 17 cm, gevouwen tot 12 x [&hellip;]<\/p>\n","protected":false},"featured_media":14313,"comment_status":"open","ping_status":"closed","template":"","meta":{"_iconic_wsb_product_page_order_bump_ids":[[]],"_sku":["8945005027664"],"_iconic_wsb_product_page_bump_modal_ids":[[]]},"product_brand":[],"product_cat":[21,47],"product_tag":[142],"class_list":{"0":"post-14433","1":"product","2":"type-product","3":"status-publish","4":"has-post-thumbnail","6":"product_cat-dieren-dierenkaarten-wenskaarten","7":"product_cat-bloemen-bloemenkaarten-wenskaarten","8":"product_tag-vogel","9":"pa_brand-popcards","11":"first","12":"instock","13":"sale","14":"taxable","15":"shipping-taxable","16":"purchasable","17":"product-type-simple"},"gallery_images":[83683],"_links":{"self":[{"href":"https:\/\/popcards.nl\/it\/wp-json\/wp\/v2\/product\/14433","targetHints":{"allow":["GET"]}}],"collection":[{"href":"https:\/\/popcards.nl\/it\/wp-json\/wp\/v2\/product"}],"about":[{"href":"https:\/\/popcards.nl\/it\/wp-json\/wp\/v2\/types\/product"}],"replies":[{"embeddable":true,"href":"https:\/\/popcards.nl\/it\/wp-json\/wp\/v2\/comments?post=14433"}],"wp:featuredmedia":[{"embeddable":true,"href":"https:\/\/popcards.nl\/it\/wp-json\/wp\/v2\/media\/14313"}],"wp:attachment":[{"href":"https:\/\/popcards.nl\/it\/wp-json\/wp\/v2\/media?parent=14433"}],"wp:term":[{"taxonomy":"product_brand","embeddable":true,"href":"https:\/\/popcards.nl\/it\/wp-json\/wp\/v2\/product_brand?post=14433"},{"taxonomy":"product_cat","embeddable":true,"href":"https:\/\/popcards.nl\/it\/wp-json\/wp\/v2\/product_cat?post=14433"},{"taxonomy":"product_tag","embeddable":true,"href":"https:\/\/popcards.nl\/it\/wp-json\/wp\/v2\/product_tag?post=14433"}],"curies":[{"name":"parola chiave","href":"https:\/\/api.w.org\/{rel}","templated":true}]}}