{"id":18117,"date":"2020-10-21T12:44:45","date_gmt":"2020-10-21T10:44:45","guid":{"rendered":"https:\/\/popcards.nl\/?post_type=product&#038;p=18117"},"modified":"2026-03-23T18:37:16","modified_gmt":"2026-03-23T17:37:16","slug":"cartolina-di-natale-con-regali-in-carretto","status":"publish","type":"product","link":"https:\/\/popcards.nl\/it\/product\/kerstkaart-kerstman-met-cadeautjes-in-handkar\/","title":{"rendered":"Cartolina di Natale Babbo Natale con regali e animali della foresta in pop-up card"},"content":{"rendered":"<p>Babbo Natale con regali in carretto a mano. Sul fronte un allegro Babbo Natale scolpito con un carretto pieno di regali. All&#039;interno di una romantica scena invernale in cui Babbo Natale \u00e8 orgogliosamente in piedi davanti al suo carro pieno di regali. Dove li consegner\u00e0? Vari animali della foresta lo aiutano in questo. Un bel biglietto che il destinatario conserver\u00e0 per anni e che riproporr\u00e0 nel periodo natalizio. Disponibile anche in grandi quantit\u00e0. <a href=\"https:\/\/popcards.nl\/it\/categoria\/le-10-cartoline-di-natale-piu-belle\/\">Dai un&#039;occhiata anche alle nostre altre cartoline di Natale.\u00a0<\/a><\/p>\n<p>Formato della carta 30 \u00d7 15 cm, piegato a 15 \u00d7 15 cm.<\/p>\n<p>Inclusa busta vuota coordinata, confezionata in sacchetto di cellophane.<\/p>","protected":false},"excerpt":{"rendered":"<p>Kerstman met cadeautjes in handkar. Op de voorkant een uitgesneden vrolijke kerstman met een kar vol cadeautjes. Van binnen een romantisch winters tafereel waarin de kerstman trots voor zijn kar vol cadeautjes staat. Waar zal hij ze afleveren? Verschillende bosdieren helpen hem daarbij. Een leuke kaart die de ontvanger jarenlang zal bewaren en telkens met [&hellip;]<\/p>\n","protected":false},"featured_media":49183,"comment_status":"open","ping_status":"closed","template":"","meta":{"_iconic_wsb_product_page_order_bump_ids":[[]],"_sku":["8945005027855"],"_iconic_wsb_product_page_bump_modal_ids":[[]]},"product_brand":[],"product_cat":[79],"product_tag":[131],"class_list":{"0":"post-18117","1":"product","2":"type-product","3":"status-publish","4":"has-post-thumbnail","6":"product_cat-de-top-10-mooiste-kerstkaarten","7":"product_tag-kerst","8":"pa_brand-popcards","10":"first","11":"instock","12":"sale","13":"taxable","14":"shipping-taxable","15":"purchasable","16":"product-type-simple"},"gallery_images":[18036,76015],"_links":{"self":[{"href":"https:\/\/popcards.nl\/it\/wp-json\/wp\/v2\/product\/18117","targetHints":{"allow":["GET"]}}],"collection":[{"href":"https:\/\/popcards.nl\/it\/wp-json\/wp\/v2\/product"}],"about":[{"href":"https:\/\/popcards.nl\/it\/wp-json\/wp\/v2\/types\/product"}],"replies":[{"embeddable":true,"href":"https:\/\/popcards.nl\/it\/wp-json\/wp\/v2\/comments?post=18117"}],"wp:featuredmedia":[{"embeddable":true,"href":"https:\/\/popcards.nl\/it\/wp-json\/wp\/v2\/media\/49183"}],"wp:attachment":[{"href":"https:\/\/popcards.nl\/it\/wp-json\/wp\/v2\/media?parent=18117"}],"wp:term":[{"taxonomy":"product_brand","embeddable":true,"href":"https:\/\/popcards.nl\/it\/wp-json\/wp\/v2\/product_brand?post=18117"},{"taxonomy":"product_cat","embeddable":true,"href":"https:\/\/popcards.nl\/it\/wp-json\/wp\/v2\/product_cat?post=18117"},{"taxonomy":"product_tag","embeddable":true,"href":"https:\/\/popcards.nl\/it\/wp-json\/wp\/v2\/product_tag?post=18117"}],"curies":[{"name":"parola chiave","href":"https:\/\/api.w.org\/{rel}","templated":true}]}}