{"id":21939,"date":"2021-01-24T23:04:51","date_gmt":"2021-01-24T22:04:51","guid":{"rendered":"https:\/\/popcards.nl\/?post_type=product&#038;p=21939"},"modified":"2026-04-15T12:17:51","modified_gmt":"2026-04-15T10:17:51","slug":"carta-festa-della-mamma-arancione-festa-della-mamma-cara-madre","status":"publish","type":"product","link":"https:\/\/popcards.nl\/it\/product\/moederdag-oranje-moederdagkaart-liefste-moeder\/","title":{"rendered":"Festa della mamma! Speciale carta pop-up 3D per la festa della mamma, bella morbida arancione trasparente per la mamma pi\u00f9 dolce"},"content":{"rendered":"<p>Bellissimo biglietto di auguri arancione morbido molto speciale che, una volta aperto, diventa una bellissima scena 3D trasparente con mulino a vento e cartello &quot;I love mom&quot;. Sul retro c&#039;\u00e8 un bellissimo biglietto floreale sfuso dove puoi mettere il tuo dolce messaggio a tua madre. Domenica 8 maggio \u00e8 il momento: <a href=\"https:\/\/en.wikipedia.org\/wiki\/Mother%27s_Day\" target=\"_blank\" rel=\"noopener noreferrer\">Festa della mamma<\/a>\u2020 Quindi, se spedisci questa fantastica carta in tempo, hai buone possibilit\u00e0 di sorprendere piacevolmente tua madre. \u00c8 ancora pi\u00f9 divertente se regali personalmente questa carta a tua madre l&#039;8 maggio. Incluso uno dei nostri biglietti di fiori? Sorpresa Madre!<\/p>\n<p>Formato carta 12 x 10,5 cm e profondo 4,5 cm, quando piegato \u00e8 completamente piatto. <a href=\"https:\/\/popcards.nl\/it\/carta-geografica\/festa-della-mamma-carta-di-festa-della-mamma-3d-la-madre-piu-cara\/\">Questo biglietto di auguri pop-up \u00e8 disponibile anche in blu tenue.<\/a> Hai anche l&#039;altro nostro <a href=\"https:\/\/popcards.nl\/it\/carta-geografica\/carta-per-la-festa-della-mamma-carta-per-la-festa-della-mamma-madre\/\">biglietto per la festa della mamma<\/a> visto?<\/p>\n<p>Inclusa busta color oro coordinata. Confezionato in un sacchetto di cellophane.<\/p>","protected":false},"excerpt":{"rendered":"<p>Heel bijzondere mooie zacht-oranje wenskaart die uitgeklapt een fraai 3D doorkijk tafereeltje wordt met molen en bordje &#8220;I love mom&#8221;. Aan de achterzijde zit een mooi los bloemkaartje waar je je lieve boodschap aan je moeder kunt plaatsen. Op zondag 8 mei is het zo ver: Moederdag.\u00a0 Dus als je deze geweldige kaart tijdig op [&hellip;]<\/p>\n","protected":false},"featured_media":21867,"comment_status":"open","ping_status":"closed","template":"","meta":{"_iconic_wsb_product_page_order_bump_ids":[[]],"_sku":["8785253684802"],"_iconic_wsb_product_page_bump_modal_ids":[[]]},"product_brand":[],"product_cat":[34],"product_tag":[127],"class_list":{"0":"post-21939","1":"product","2":"type-product","3":"status-publish","4":"has-post-thumbnail","6":"product_cat-felicitatie-verjaardag-verjaardagskaarten","7":"product_tag-moederdag","8":"pa_brand-popcards","10":"first","11":"instock","12":"taxable","13":"shipping-taxable","14":"purchasable","15":"product-type-simple"},"gallery_images":[86452],"_links":{"self":[{"href":"https:\/\/popcards.nl\/it\/wp-json\/wp\/v2\/product\/21939","targetHints":{"allow":["GET"]}}],"collection":[{"href":"https:\/\/popcards.nl\/it\/wp-json\/wp\/v2\/product"}],"about":[{"href":"https:\/\/popcards.nl\/it\/wp-json\/wp\/v2\/types\/product"}],"replies":[{"embeddable":true,"href":"https:\/\/popcards.nl\/it\/wp-json\/wp\/v2\/comments?post=21939"}],"wp:featuredmedia":[{"embeddable":true,"href":"https:\/\/popcards.nl\/it\/wp-json\/wp\/v2\/media\/21867"}],"wp:attachment":[{"href":"https:\/\/popcards.nl\/it\/wp-json\/wp\/v2\/media?parent=21939"}],"wp:term":[{"taxonomy":"product_brand","embeddable":true,"href":"https:\/\/popcards.nl\/it\/wp-json\/wp\/v2\/product_brand?post=21939"},{"taxonomy":"product_cat","embeddable":true,"href":"https:\/\/popcards.nl\/it\/wp-json\/wp\/v2\/product_cat?post=21939"},{"taxonomy":"product_tag","embeddable":true,"href":"https:\/\/popcards.nl\/it\/wp-json\/wp\/v2\/product_tag?post=21939"}],"curies":[{"name":"parola chiave","href":"https:\/\/api.w.org\/{rel}","templated":true}]}}