{"id":23,"date":"2018-05-30T21:38:31","date_gmt":"2018-05-30T19:38:31","guid":{"rendered":"https:\/\/popcards.nl\/?post_type=product&#038;p=23"},"modified":"2026-04-30T12:50:05","modified_gmt":"2026-04-30T10:50:05","slug":"modello-in-scala-locomotiva-a-vapore","status":"publish","type":"product","link":"https:\/\/popcards.nl\/it\/product\/stoomlocomotief-trein-schaalmodel\/","title":{"rendered":"Locomotiva a vapore | Biglietto di auguri pop-up"},"content":{"rendered":"<p>Ti piacciono i treni e le locomotive? Bel biglietto di auguri pop-up con completo <a href=\"https:\/\/nl.wikipedia.org\/wiki\/Stoomlocomotief\" target=\"_blank\" rel=\"noopener noreferrer\">locomotiva a vapore<\/a>. Modello in scala dettagliato. Esterno con rotaie di immagini. Bel regalo per gli appassionati di modellini di treni e gli appassionati di treni! Scopri anche i nostri altri biglietti di auguri da <a href=\"https:\/\/popcards.nl\/it\/categoria\/voertuigen\/\">auto d&#039;epoca, aerei, biciclette e navi<\/a>.<\/p>\n<p>Misura della carta 26 \u00d7 15,5 cm, piegata a 13 \u00d7 15,5 cm.<br \/>\nInclusa busta vuota coordinata, confezionata in sacchetto di cellophane.<\/p>\n<h3>Locomotiva contro treno<\/h3>\n<p>Una locomotiva \u00e8 un veicolo di trasporto ferroviario che fornisce la potenza di guida per un treno. Questi veicoli sono utilizzati per i treni passeggeri, ma anche per il trasporto merci. Tradizionalmente, le locomotive tiravano i treni dalla parte anteriore. Tuttavia, l&#039;operazione push-pull \u00e8 diventata una pratica comune, in cui il treno pu\u00f2 avere una locomotiva (o locomotive) nella parte anteriore, nella parte posteriore o alle estremit\u00e0.<\/p>","protected":false},"excerpt":{"rendered":"<p>Hou jij van treinen en locomotieven? Fraaie pop up wenskaart met complete stoomlocomotief. Gedetailleerd schaalmodel. Buitenzijde met afbeelding rails. Leuk cadeau voor treinmodelliefhebber en treinliefhebbers! Kijk ook bij onze andere wenskaarten van klassieke auto&#8217;s, vliegtuigen, fietsen en schepen. Kaartformaat 26\u00d715,5 cm, gevouwen tot 13\u00d715,5 cm. Inclusief bijpassende blanco envelop, verpakt in cellofaan zakje. Locomotief versus [&hellip;]<\/p>\n","protected":false},"featured_media":225,"comment_status":"open","ping_status":"closed","template":"","meta":{"_iconic_wsb_product_page_order_bump_ids":[[]],"_sku":["8785253685311"],"_iconic_wsb_product_page_bump_modal_ids":[[]]},"product_brand":[],"product_cat":[17],"product_tag":[110],"class_list":{"0":"post-23","1":"product","2":"type-product","3":"status-publish","4":"has-post-thumbnail","6":"product_cat-voertuigen-schip-trein-vliegtuig-auto-fiets","7":"product_tag-auto","8":"pa_brand-popcards","10":"first","11":"instock","12":"sale","13":"taxable","14":"shipping-taxable","15":"purchasable","16":"product-type-simple"},"gallery_images":[70909],"_links":{"self":[{"href":"https:\/\/popcards.nl\/it\/wp-json\/wp\/v2\/product\/23","targetHints":{"allow":["GET"]}}],"collection":[{"href":"https:\/\/popcards.nl\/it\/wp-json\/wp\/v2\/product"}],"about":[{"href":"https:\/\/popcards.nl\/it\/wp-json\/wp\/v2\/types\/product"}],"replies":[{"embeddable":true,"href":"https:\/\/popcards.nl\/it\/wp-json\/wp\/v2\/comments?post=23"}],"wp:featuredmedia":[{"embeddable":true,"href":"https:\/\/popcards.nl\/it\/wp-json\/wp\/v2\/media\/225"}],"wp:attachment":[{"href":"https:\/\/popcards.nl\/it\/wp-json\/wp\/v2\/media?parent=23"}],"wp:term":[{"taxonomy":"product_brand","embeddable":true,"href":"https:\/\/popcards.nl\/it\/wp-json\/wp\/v2\/product_brand?post=23"},{"taxonomy":"product_cat","embeddable":true,"href":"https:\/\/popcards.nl\/it\/wp-json\/wp\/v2\/product_cat?post=23"},{"taxonomy":"product_tag","embeddable":true,"href":"https:\/\/popcards.nl\/it\/wp-json\/wp\/v2\/product_tag?post=23"}],"curies":[{"name":"parola chiave","href":"https:\/\/api.w.org\/{rel}","templated":true}]}}