{"id":28154,"date":"2021-05-25T11:45:40","date_gmt":"2021-05-25T09:45:40","guid":{"rendered":"https:\/\/popcards.nl\/?post_type=product&#038;p=28154"},"modified":"2025-08-18T11:19:36","modified_gmt":"2025-08-18T09:19:36","slug":"grande-bouquet-con-garofani-3d-pop-up-card-fiori","status":"publish","type":"product","link":"https:\/\/popcards.nl\/it\/product\/groot-boeket-met-anjers-3d-pop-up-kaart-bloemen\/","title":{"rendered":"Biglietto pop-up per bouquet grande con garofani rossi Biglietto pop-up con fiori"},"content":{"rendered":"<p><a href=\"https:\/\/en.wikipedia.org\/wiki\/Dianthus_caryophyllus\" target=\"_blank\" rel=\"noopener\" data-schema-attribute=\"\">Garofani<\/a>! Un&#039;impressionante grande carta floreale. Rosa argenteo lucido all&#039;esterno con un bellissimo ritaglio di garofano e quando apri la carta, spunta un bellissimo bouquet di non meno di 20 garofani rossi. In un bellissimo vaso colorato, con un allegro fiocco e decorato con graziose illustrazioni di garofani in alto a sinistra e in basso a destra. Lo sfondo argento lucido dell&#039;interno conferisce alla carta un aspetto lussuoso. Un fiore pu\u00f2 essere cos\u00ec festoso. Abbiamo anche un tale bouquet di gigli, magnolie e girasoli. Per quando ti piace la variet\u00e0.<\/p>\n<p><a href=\"https:\/\/popcards.nl\/it\/categoria\/biglietti-di-auguri-di-fiori\/\">Hai visto le nostre altre carte floreali?<\/a><\/p>\n<p>Carta di grandi dimensioni 30 \u00d7 20 cm, piegata a 15 \u00d7 20 cm.<br \/>\nInclusa busta color oro coordinata. Confezionato in un sacchetto di cellophane.<\/p>","protected":false},"excerpt":{"rendered":"<p>Anjers! Een imposant grote bloemenkaart. Zilverglanzend roze aan de buitenkant met fraaie anjer uitsnede en als je de kaart openslaat springt er een prachtig boeket van maar liefst 20 rode anjers te voorschijn. In mooie gekleurde vaas, met een vrolijke strik en linksboven en rechtsonder met sfeervolle anjer illustraties versierd. De zilverglanzende ondergrond van de [&hellip;]<\/p>\n","protected":false},"featured_media":28138,"comment_status":"open","ping_status":"closed","template":"","meta":{"_iconic_wsb_product_page_order_bump_ids":[[]],"_sku":["8785253683829"],"_iconic_wsb_product_page_bump_modal_ids":[[]]},"product_brand":[],"product_cat":[47],"product_tag":[48],"class_list":{"0":"post-28154","1":"product","2":"type-product","3":"status-publish","4":"has-post-thumbnail","6":"product_cat-bloemen-bloemenkaarten-wenskaarten","7":"product_tag-bloemen","8":"pa_brand-popcards","10":"first","11":"outofstock","12":"sale","13":"taxable","14":"shipping-taxable","15":"purchasable","16":"product-type-simple"},"gallery_images":[77188],"_links":{"self":[{"href":"https:\/\/popcards.nl\/it\/wp-json\/wp\/v2\/product\/28154","targetHints":{"allow":["GET"]}}],"collection":[{"href":"https:\/\/popcards.nl\/it\/wp-json\/wp\/v2\/product"}],"about":[{"href":"https:\/\/popcards.nl\/it\/wp-json\/wp\/v2\/types\/product"}],"replies":[{"embeddable":true,"href":"https:\/\/popcards.nl\/it\/wp-json\/wp\/v2\/comments?post=28154"}],"wp:featuredmedia":[{"embeddable":true,"href":"https:\/\/popcards.nl\/it\/wp-json\/wp\/v2\/media\/28138"}],"wp:attachment":[{"href":"https:\/\/popcards.nl\/it\/wp-json\/wp\/v2\/media?parent=28154"}],"wp:term":[{"taxonomy":"product_brand","embeddable":true,"href":"https:\/\/popcards.nl\/it\/wp-json\/wp\/v2\/product_brand?post=28154"},{"taxonomy":"product_cat","embeddable":true,"href":"https:\/\/popcards.nl\/it\/wp-json\/wp\/v2\/product_cat?post=28154"},{"taxonomy":"product_tag","embeddable":true,"href":"https:\/\/popcards.nl\/it\/wp-json\/wp\/v2\/product_tag?post=28154"}],"curies":[{"name":"parola chiave","href":"https:\/\/api.w.org\/{rel}","templated":true}]}}