{"id":29685,"date":"2021-07-16T22:11:13","date_gmt":"2021-07-16T20:11:13","guid":{"rendered":"https:\/\/popcards.nl\/?post_type=product&#038;p=29685"},"modified":"2026-04-18T18:22:35","modified_gmt":"2026-04-18T16:22:35","slug":"biglietto-di-auguri-pop-up-rosa-sakura-ciliegio","status":"publish","type":"product","link":"https:\/\/popcards.nl\/it\/product\/roze-sakura-kersenbloesem-pop-up-wenskaart\/","title":{"rendered":"Biglietto pop-up 3D con fiori di ciliegio rosa Sakura"},"content":{"rendered":"<p>Questo Sakura Cherry Tree traboccante di fiori rosa in fiore si apre quando apri questa carta. Vedi anche una bella illustrazione di un ramo in fiore che rilascia il suo fiore. I fiori di Sakura simboleggiano la felicit\u00e0, l&#039;amore, la fine e soprattutto un nuovo inizio. Poich\u00e9 i fiori sbocciano per cos\u00ec poco tempo, anche gli alberi di ciliegio rappresentano la morte umana. Ci ricordano quanto sia breve e preziosa la vita. La parte anteriore \u00e8 rosa attraente con un ramo di fiori splendidamente colorato.<\/p>\n<p><a href=\"https:\/\/popcards.nl\/it\/etichetta-del-prodotto\/albero\/\">Abbiamo alberi ancora pi\u00f9 belli nella nostra gamma.\u00a0<\/a><\/p>\n<p>Formato biglietto 26\u00d718 cm, piegato a 13\u00d718 cm.<br \/>\nInclusa busta coordinata, confezionata in un sacchetto di cellophane.<\/p>","protected":false},"excerpt":{"rendered":"<p>Deze Sakura Kersenboom boordevol bloeiende roze bloesem popt op als u deze kaart opent. Ook ziet u een fraaie illustratie van een bloesemtak die haar bloesem loslaat. De Sakura bloemen symboliseren geluk, liefde, einde en vooral een nieuw begin. Omdat de bloesems zo kort bloeien, vertegenwoordigen kersenbloesem bomen ook menselijke overlijden. Ze herinneren ons eraan [&hellip;]<\/p>\n","protected":false},"featured_media":29674,"comment_status":"open","ping_status":"closed","template":"","meta":{"_iconic_wsb_product_page_order_bump_ids":[[]],"_sku":["8785253684406"],"_iconic_wsb_product_page_bump_modal_ids":[[]]},"product_brand":[],"product_cat":[47,78,34],"product_tag":[240,238],"class_list":{"0":"post-29685","1":"product","2":"type-product","3":"status-publish","4":"has-post-thumbnail","6":"product_cat-bloemen-bloemenkaarten-wenskaarten","7":"product_cat-beterschapskaarten-troostkaarten-condoleancekaarten","8":"product_cat-felicitatie-verjaardag-verjaardagskaarten","9":"product_tag-boom","10":"product_tag-sakura","11":"pa_brand-popcards","13":"first","14":"instock","15":"taxable","16":"shipping-taxable","17":"purchasable","18":"product-type-simple"},"gallery_images":[70630,47668],"_links":{"self":[{"href":"https:\/\/popcards.nl\/it\/wp-json\/wp\/v2\/product\/29685","targetHints":{"allow":["GET"]}}],"collection":[{"href":"https:\/\/popcards.nl\/it\/wp-json\/wp\/v2\/product"}],"about":[{"href":"https:\/\/popcards.nl\/it\/wp-json\/wp\/v2\/types\/product"}],"replies":[{"embeddable":true,"href":"https:\/\/popcards.nl\/it\/wp-json\/wp\/v2\/comments?post=29685"}],"wp:featuredmedia":[{"embeddable":true,"href":"https:\/\/popcards.nl\/it\/wp-json\/wp\/v2\/media\/29674"}],"wp:attachment":[{"href":"https:\/\/popcards.nl\/it\/wp-json\/wp\/v2\/media?parent=29685"}],"wp:term":[{"taxonomy":"product_brand","embeddable":true,"href":"https:\/\/popcards.nl\/it\/wp-json\/wp\/v2\/product_brand?post=29685"},{"taxonomy":"product_cat","embeddable":true,"href":"https:\/\/popcards.nl\/it\/wp-json\/wp\/v2\/product_cat?post=29685"},{"taxonomy":"product_tag","embeddable":true,"href":"https:\/\/popcards.nl\/it\/wp-json\/wp\/v2\/product_tag?post=29685"}],"curies":[{"name":"parola chiave","href":"https:\/\/api.w.org\/{rel}","templated":true}]}}