{"id":32852,"date":"2021-10-20T15:18:21","date_gmt":"2021-10-20T13:18:21","guid":{"rendered":"https:\/\/popcards.nl\/?post_type=product&#038;p=32852"},"modified":"2026-02-06T13:47:11","modified_gmt":"2026-02-06T12:47:11","slug":"pop-up-cartolina-natale-casa-renna-di-babbo-natale","status":"publish","type":"product","link":"https:\/\/popcards.nl\/it\/product\/pop-up-kerstkaart-huis-kerstman-rendieren\/","title":{"rendered":"Cartolina di Natale con casa pop-up, Babbo Natale e renne"},"content":{"rendered":"<p>Il bel colore rosso della parte anteriore si riflette nella parte interna (bordo decorativo e stelle). Cartolina di Natale con Babbo Natale e slitta. Un caloroso augurio di Natale e Capodanno sulla parte anteriore. All&#039;interno del biglietto c&#039;\u00e8 una casa pop-up completa, dai colori romantici, in una scena invernale con neve e alberi di Natale. Babbo Natale \u00e8 parcheggiato sul tetto con una borsa piena di regali. Inizia cos\u00ec un Natale allegro e caldo. Una romantica cartolina di Natale che il destinatario conserver\u00e0 per anni e mostrer\u00e0 nuovamente ogni Natale. Disponibile anche in quantit\u00e0 maggiori. <a href=\"https:\/\/popcards.nl\/it\/categoria\/le-10-cartoline-di-natale-piu-belle\/\">Popcards ha molte pi\u00f9 divertenti cartoline di Natale pop-up.<\/a><\/p>\n<p>Inclusa una cartolina separata su cui puoi scrivere il tuo desiderio di Natale. <a href=\"https:\/\/popcards.nl\/it\/product\/pop-up-cartolina-di-natale-casa-babbo-natale-renna-gialla\/\">Questo biglietto pop-up \u00e8 disponibile anche in giallo.<\/a><\/p>\n<p>Formato carta 30 \u00d7 15 cm, piegato a 15 \u00d7 15 cm.<br \/>\nInclusa busta coordinata, confezionata in un sacchetto di cellophane.<\/p>\n<h5><\/h5>","protected":false},"excerpt":{"rendered":"<p>De fraaie rode kleur van de voorzijde komt terug aan de binnenzijde (de sierrand en de sterren). Vrolijke kerstkaart met Kerstman en slee. Op de voorkant een warme Kerst- en Nieuwjaarswens. Binnen in de kaart een compleet, romantisch gekleurd pop-up huisje in winters tafereel met sneeuw en kerstbomen. De kerstman is op het dak geparkeerd [&hellip;]<\/p>\n","protected":false},"featured_media":47095,"comment_status":"open","ping_status":"closed","template":"","meta":{"_iconic_wsb_product_page_order_bump_ids":[[]],"_sku":["8785253683874"],"_iconic_wsb_product_page_bump_modal_ids":[[]]},"product_brand":[],"product_cat":[79],"product_tag":[131],"class_list":{"0":"post-32852","1":"product","2":"type-product","3":"status-publish","4":"has-post-thumbnail","6":"product_cat-de-top-10-mooiste-kerstkaarten","7":"product_tag-kerst","8":"pa_brand-popcards","10":"first","11":"instock","12":"taxable","13":"shipping-taxable","14":"purchasable","15":"product-type-simple"},"gallery_images":[47089,76041],"_links":{"self":[{"href":"https:\/\/popcards.nl\/it\/wp-json\/wp\/v2\/product\/32852","targetHints":{"allow":["GET"]}}],"collection":[{"href":"https:\/\/popcards.nl\/it\/wp-json\/wp\/v2\/product"}],"about":[{"href":"https:\/\/popcards.nl\/it\/wp-json\/wp\/v2\/types\/product"}],"replies":[{"embeddable":true,"href":"https:\/\/popcards.nl\/it\/wp-json\/wp\/v2\/comments?post=32852"}],"wp:featuredmedia":[{"embeddable":true,"href":"https:\/\/popcards.nl\/it\/wp-json\/wp\/v2\/media\/47095"}],"wp:attachment":[{"href":"https:\/\/popcards.nl\/it\/wp-json\/wp\/v2\/media?parent=32852"}],"wp:term":[{"taxonomy":"product_brand","embeddable":true,"href":"https:\/\/popcards.nl\/it\/wp-json\/wp\/v2\/product_brand?post=32852"},{"taxonomy":"product_cat","embeddable":true,"href":"https:\/\/popcards.nl\/it\/wp-json\/wp\/v2\/product_cat?post=32852"},{"taxonomy":"product_tag","embeddable":true,"href":"https:\/\/popcards.nl\/it\/wp-json\/wp\/v2\/product_tag?post=32852"}],"curies":[{"name":"parola chiave","href":"https:\/\/api.w.org\/{rel}","templated":true}]}}