{"id":34554,"date":"2021-11-28T14:19:51","date_gmt":"2021-11-28T13:19:51","guid":{"rendered":"https:\/\/popcards.nl\/?post_type=product&#038;p=34554"},"modified":"2026-04-01T08:57:45","modified_gmt":"2026-04-01T06:57:45","slug":"biglietto-pop-up-2-parrocchetti-insieme-su-un-ramo-fiore","status":"publish","type":"product","link":"https:\/\/popcards.nl\/it\/product\/2-parkieten-samen-op-bloementak-pop-up-kaart\/","title":{"rendered":"Biglietto pop-up con 2 bellissimi parrocchetti insieme su un ramo di fiori"},"content":{"rendered":"<p>Una bella cartolina pop-up molto complessa, davvero un&#039;opera d&#039;arte! Questi 2 allegri parrocchetti si siedono l&#039;uno vicino all&#039;altro, chiacchierando. Si stanno chiaramente divertendo, seduti insieme sul loro ramoscello. I morbidi fiori rosa conferiscono alla scena un aspetto romantico. Il frontale verde scuro ha un&#039;illustrazione tagliata e incollata al laser, che d\u00e0 un effetto speciale. Il parrocchetto \u00e8 un piccolo tipo di pappagallo ed \u00e8 originario dell&#039;Australia. Sono cresciuti molto con noi e poi sono disponibili in tantissimi colori. Ma i parrocchetti blu e verde-giallo sono i pi\u00f9 comuni, anche in natura. Non c&#039;\u00e8 differenza di colore tra parrocchetti maschi e femmine. Entrambi possono essere colorati in blu o giallo verdastro. Un maschio adulto ha un berretto nasale blu. Una femmina adulta ha un cappuccio nasale marrone.<\/p>\n<p><a href=\"https:\/\/popcards.nl\/it\/etichetta-del-prodotto\/uccello\/\">Popcards ha molte pi\u00f9 carte pop-up di uccelli.<\/a><\/p>\n<p>Formato carta 24 x 17 cm, piegato a 12 \u00d7 17 cm.<br \/>\nInclusa busta coordinata, confezionata in un sacchetto di cellophane.<\/p>","protected":false},"excerpt":{"rendered":"<p>Een hele complexe fraaie pop-up kaart, echt een kunstwerkje! Deze 2 vrolijke parkietjes zitten gezellig kwetterend dicht tegen elkaar aan. Ze hebben het duidelijk naar hun zin, zo samen op hun takje. De zachtroze bloemen geven een romantische uitstraling aan het tafereeltje. De donkergroene voorkant heeft een laser uitgesneden en opgeplakte illustratie, wat een bijzonder [&hellip;]<\/p>\n","protected":false},"featured_media":34258,"comment_status":"open","ping_status":"closed","template":"","meta":{"_iconic_wsb_product_page_order_bump_ids":[[]],"_sku":["4805388549662"],"_iconic_wsb_product_page_bump_modal_ids":[[]]},"product_brand":[],"product_cat":[21],"product_tag":[142],"class_list":{"0":"post-34554","1":"product","2":"type-product","3":"status-publish","4":"has-post-thumbnail","6":"product_cat-dieren-dierenkaarten-wenskaarten","7":"product_tag-vogel","8":"pa_brand-popcards","10":"first","11":"instock","12":"sale","13":"taxable","14":"shipping-taxable","15":"purchasable","16":"product-type-simple"},"gallery_images":[87777],"_links":{"self":[{"href":"https:\/\/popcards.nl\/it\/wp-json\/wp\/v2\/product\/34554","targetHints":{"allow":["GET"]}}],"collection":[{"href":"https:\/\/popcards.nl\/it\/wp-json\/wp\/v2\/product"}],"about":[{"href":"https:\/\/popcards.nl\/it\/wp-json\/wp\/v2\/types\/product"}],"replies":[{"embeddable":true,"href":"https:\/\/popcards.nl\/it\/wp-json\/wp\/v2\/comments?post=34554"}],"wp:featuredmedia":[{"embeddable":true,"href":"https:\/\/popcards.nl\/it\/wp-json\/wp\/v2\/media\/34258"}],"wp:attachment":[{"href":"https:\/\/popcards.nl\/it\/wp-json\/wp\/v2\/media?parent=34554"}],"wp:term":[{"taxonomy":"product_brand","embeddable":true,"href":"https:\/\/popcards.nl\/it\/wp-json\/wp\/v2\/product_brand?post=34554"},{"taxonomy":"product_cat","embeddable":true,"href":"https:\/\/popcards.nl\/it\/wp-json\/wp\/v2\/product_cat?post=34554"},{"taxonomy":"product_tag","embeddable":true,"href":"https:\/\/popcards.nl\/it\/wp-json\/wp\/v2\/product_tag?post=34554"}],"curies":[{"name":"parola chiave","href":"https:\/\/api.w.org\/{rel}","templated":true}]}}