{"id":34564,"date":"2021-11-28T15:08:49","date_gmt":"2021-11-28T14:08:49","guid":{"rendered":"https:\/\/popcards.nl\/?post_type=product&#038;p=34564"},"modified":"2026-04-29T16:08:15","modified_gmt":"2026-04-29T14:08:15","slug":"biglietto-damore-amore-cuori-biglietto-di-san-valentino","status":"publish","type":"product","link":"https:\/\/popcards.nl\/it\/product\/liefdeskaart-love-hartjes-valentijnskaart\/","title":{"rendered":"Biglietto d&#039;amore con dolci cuori felici Biglietto di San Valentino Tutto ci\u00f2 di cui hai bisogno \u00e8 amore"},"content":{"rendered":"<p>Tutto ci\u00f2 di cui hai bisogno \u00e8 l&#039;amore! carta d&#039;amore. Bene, se dai questa carta al tuo (futuro) amante \u00e8 chiaro quali sentimenti provi per lui o lei. Il frontale promette molto: pieno di cuori e la scritta \u201cLOVE\u201d! E l&#039;amore ti salta addosso quando apri questa carta. Cuori, fiori, amore-amore-amore. Questo arriver\u00e0 al destinatario! Quanto pu\u00f2 essere chiaro il tuo messaggio?\u00a0 <a href=\"https:\/\/popcards.nl\/it\/categoria\/carte-di-amore-san-valentino\/\">Popcards ha molte altre carte d&#039;amore pop-up.<\/a><\/p>\n<p>Ovviamente questo dolce biglietto \u00e8 anche molto carino da regalare per la festa della mamma o per la festa del pap\u00e0!<\/p>\n<p>Formato carta 30 \u00d7 15 cm, piegato a 15 \u00d7 15 cm.<br \/>\nInclusa busta coordinata, confezionata in un sacchetto di cellophane.<\/p>","protected":false},"excerpt":{"rendered":"<p>All You Need Is Love! Liefdeskaart. Nou, als je deze kaart aan je (aanstaande) geliefde geeft is het wel duidelijk wat voor gevoelens je voor hem of haar hebt. De voorkant belooft al heel wat: Vol met hartjes en het woord \u201cLOVE\u201d! En de liefde springt je tegemoet als je deze kaart opendoet. Hartjes, bloemen, [&hellip;]<\/p>\n","protected":false},"featured_media":51177,"comment_status":"open","ping_status":"closed","template":"","meta":{"_iconic_wsb_product_page_order_bump_ids":[[]],"_sku":["8785253683607"],"_iconic_wsb_product_page_bump_modal_ids":[[]]},"product_brand":[],"product_cat":[27,28],"product_tag":[55,94,56,127,83],"class_list":{"0":"post-34564","1":"product","2":"type-product","3":"status-publish","4":"has-post-thumbnail","6":"product_cat-liefde-liefdeskaarten-valentijnskaarten","7":"product_cat-trouwen-samenwonen-trouwkaarten","8":"product_tag-hart","9":"product_tag-huwelijk","10":"product_tag-love","11":"product_tag-moederdag","12":"product_tag-valentijn","13":"pa_brand-popcards","15":"first","16":"instock","17":"sale","18":"taxable","19":"shipping-taxable","20":"purchasable","21":"product-type-simple"},"gallery_images":[34563,94319],"_links":{"self":[{"href":"https:\/\/popcards.nl\/it\/wp-json\/wp\/v2\/product\/34564","targetHints":{"allow":["GET"]}}],"collection":[{"href":"https:\/\/popcards.nl\/it\/wp-json\/wp\/v2\/product"}],"about":[{"href":"https:\/\/popcards.nl\/it\/wp-json\/wp\/v2\/types\/product"}],"replies":[{"embeddable":true,"href":"https:\/\/popcards.nl\/it\/wp-json\/wp\/v2\/comments?post=34564"}],"wp:featuredmedia":[{"embeddable":true,"href":"https:\/\/popcards.nl\/it\/wp-json\/wp\/v2\/media\/51177"}],"wp:attachment":[{"href":"https:\/\/popcards.nl\/it\/wp-json\/wp\/v2\/media?parent=34564"}],"wp:term":[{"taxonomy":"product_brand","embeddable":true,"href":"https:\/\/popcards.nl\/it\/wp-json\/wp\/v2\/product_brand?post=34564"},{"taxonomy":"product_cat","embeddable":true,"href":"https:\/\/popcards.nl\/it\/wp-json\/wp\/v2\/product_cat?post=34564"},{"taxonomy":"product_tag","embeddable":true,"href":"https:\/\/popcards.nl\/it\/wp-json\/wp\/v2\/product_tag?post=34564"}],"curies":[{"name":"parola chiave","href":"https:\/\/api.w.org\/{rel}","templated":true}]}}