{"id":40042,"date":"2022-03-24T21:34:32","date_gmt":"2022-03-24T20:34:32","guid":{"rendered":"https:\/\/popcards.nl\/?post_type=product&#038;p=40042"},"modified":"2026-05-02T19:03:03","modified_gmt":"2026-05-02T17:03:03","slug":"biglietto-pop-up-per-la-festa-della-mamma-i-love-mom-anemone","status":"publish","type":"product","link":"https:\/\/popcards.nl\/it\/product\/moederdag-i-love-mom-anemonen-pop-up-kaart\/","title":{"rendered":"Festa della mamma e compleanno - Biglietto pop-up Amo la mamma con gli anemoni"},"content":{"rendered":"<p>Festa della mamma, o \u00e8 il compleanno di tua madre. Voglio bene alla tua mamma. Voglio bene alla tua mamma.<\/p>\n<p>La migliore mamma di sempre! Una bella carta pop-up grande e completa con testo 3-D rosa e rosso e decorata con anemoni in fiore. Inserito \u00e8 un biglietto separato su cui puoi scrivere qualcosa di dolce. Domenica 8 maggio \u00e8 la festa della mamma. Quindi, se spedisci questa cartolina prima di venerd\u00ec 6 maggio, hai buone probabilit\u00e0 di sorprendere piacevolmente tua madre con essa. \u00c8 ancora pi\u00f9 divertente se regali personalmente questa carta a tua madre l&#039;8 maggio. Quando \u00e8 il compleanno di tua madre, adorer\u00e0 anche questa carta. <a href=\"https:\/\/popcards.nl\/it\/etichetta-del-prodotto\/festa-della-mamma\/\">Abbiamo ancora pi\u00f9 biglietti di auguri per la festa della mamma.<\/a><\/p>\n<p>Dimensioni della carta 30 x 20 cm, piegata a 15 x 20 cm.<br \/>\nInclusa busta coordinata color oro, confezionata in sacchetto di cellophane.<\/p>","protected":false},"excerpt":{"rendered":"<p>Moederdag, of je moeder is jarig. I love you, Mom. Ik hou van je, mama. Best Mom Ever! Een lekkere grote en volle pop-up kaart met roze en rode 3-D tekst en versierd met bloeiende anemonen. Ingestoken zit een los kaartje waarop je wat liefs kan schrijven. Zondag 8 mei is het Moederdag. Dus als [&hellip;]<\/p>\n","protected":false},"featured_media":39963,"comment_status":"open","ping_status":"closed","template":"","meta":{"_iconic_wsb_product_page_order_bump_ids":[[]],"_sku":["8785253683553"],"_iconic_wsb_product_page_bump_modal_ids":[[]]},"product_brand":[],"product_cat":[34,47],"product_tag":[127],"class_list":{"0":"post-40042","1":"product","2":"type-product","3":"status-publish","4":"has-post-thumbnail","6":"product_cat-felicitatie-verjaardag-verjaardagskaarten","7":"product_cat-bloemen-bloemenkaarten-wenskaarten","8":"product_tag-moederdag","9":"pa_brand-popcards","11":"first","12":"instock","13":"taxable","14":"shipping-taxable","15":"purchasable","16":"product-type-simple"},"gallery_images":[85962],"_links":{"self":[{"href":"https:\/\/popcards.nl\/it\/wp-json\/wp\/v2\/product\/40042","targetHints":{"allow":["GET"]}}],"collection":[{"href":"https:\/\/popcards.nl\/it\/wp-json\/wp\/v2\/product"}],"about":[{"href":"https:\/\/popcards.nl\/it\/wp-json\/wp\/v2\/types\/product"}],"replies":[{"embeddable":true,"href":"https:\/\/popcards.nl\/it\/wp-json\/wp\/v2\/comments?post=40042"}],"wp:featuredmedia":[{"embeddable":true,"href":"https:\/\/popcards.nl\/it\/wp-json\/wp\/v2\/media\/39963"}],"wp:attachment":[{"href":"https:\/\/popcards.nl\/it\/wp-json\/wp\/v2\/media?parent=40042"}],"wp:term":[{"taxonomy":"product_brand","embeddable":true,"href":"https:\/\/popcards.nl\/it\/wp-json\/wp\/v2\/product_brand?post=40042"},{"taxonomy":"product_cat","embeddable":true,"href":"https:\/\/popcards.nl\/it\/wp-json\/wp\/v2\/product_cat?post=40042"},{"taxonomy":"product_tag","embeddable":true,"href":"https:\/\/popcards.nl\/it\/wp-json\/wp\/v2\/product_tag?post=40042"}],"curies":[{"name":"parola chiave","href":"https:\/\/api.w.org\/{rel}","templated":true}]}}