{"id":41491,"date":"2022-05-03T13:49:31","date_gmt":"2022-05-03T11:49:31","guid":{"rendered":"https:\/\/popcards.nl\/?post_type=product&#038;p=41491"},"modified":"2026-04-17T10:46:10","modified_gmt":"2026-04-17T08:46:10","slug":"carta-mobile-carta-mobile-furgone-carta-pop-up","status":"publish","type":"product","link":"https:\/\/popcards.nl\/it\/product\/verhuiskaart-verhuiswagen-pop-up-kaart\/","title":{"rendered":"Moving Card Happy Moving Van \u2013 Spostando la carta pop-up"},"content":{"rendered":"<p>Carta di trasloco? Cambio indirizzo? Spostare? Nuova casa? Appena trasferito? Convivere? Sia che qualcuno vivr\u00e0 in una stanza o si trasferir\u00e0 in una grande villa, questo biglietto di congratulazioni \u00e8 sempre bello da ricevere. E quindi anche da regalare! Quando apri la mappa, apparir\u00e0 un&#039;auto divertente con un rimorchio pieno di valigie e mobili. Il furgone da trasloco ideale ovviamente! Nell&#039;angolo sinistro e destro ci sono delle belle illustrazioni. E c&#039;\u00e8 una scheda separata su cui puoi scrivere il tuo messaggio o cambiare indirizzo.<\/p>\n<p>Sul fronte verde fresco \u00e8 stata incollata un&#039;illustrazione che dona un effetto speciale. <strong>Anche in un&#039;edizione pi\u00f9 grande per annunciare il tuo nuovo indirizzo.<\/strong><\/p>\n<p><a href=\"https:\/\/popcards.nl\/it\/etichetta-del-prodotto\/carta-in-movimento-2\/\">Abbiamo ancora pi\u00f9 carte adatte come carta mobile.<\/a><\/p>\n<p>Formato biglietto 26\u00d718 cm, piegato a 13\u00d718 cm.<br \/>\nInclude cartoncino separato 6 x 8,5 cm e busta vuota abbinata, confezionata in un sacchetto di cellophan.<\/p>","protected":false},"excerpt":{"rendered":"<p>Verhuiskaart? Adreswijziging? Verhuizing? Nieuwe woning? Net verhuisd? Samenwonen? Of iemand nou op kamers gaat wonen of een grote villa betrekt, deze felicitatiekaart is altijd leuk om te krijgen. En dus ook om te geven! Als je de kaart opent ontpopt zich een grappig autootje met aanhanger vol koffers en meubels. De ideale verhuiswagen natuurlijk! In [&hellip;]<\/p>\n","protected":false},"featured_media":44259,"comment_status":"open","ping_status":"closed","template":"","meta":{"_iconic_wsb_product_page_order_bump_ids":[[]],"_sku":["8785253684079"],"_iconic_wsb_product_page_bump_modal_ids":[[]]},"product_brand":[],"product_cat":[32],"product_tag":[257],"class_list":{"0":"post-41491","1":"product","2":"type-product","3":"status-publish","4":"has-post-thumbnail","6":"product_cat-nieuwe-woning-verhuizing-verhuiskaart","7":"product_tag-verhuiskaart","8":"pa_brand-popcards","10":"first","11":"instock","12":"taxable","13":"shipping-taxable","14":"purchasable","15":"product-type-simple"},"gallery_images":[41429,68938],"_links":{"self":[{"href":"https:\/\/popcards.nl\/it\/wp-json\/wp\/v2\/product\/41491","targetHints":{"allow":["GET"]}}],"collection":[{"href":"https:\/\/popcards.nl\/it\/wp-json\/wp\/v2\/product"}],"about":[{"href":"https:\/\/popcards.nl\/it\/wp-json\/wp\/v2\/types\/product"}],"replies":[{"embeddable":true,"href":"https:\/\/popcards.nl\/it\/wp-json\/wp\/v2\/comments?post=41491"}],"wp:featuredmedia":[{"embeddable":true,"href":"https:\/\/popcards.nl\/it\/wp-json\/wp\/v2\/media\/44259"}],"wp:attachment":[{"href":"https:\/\/popcards.nl\/it\/wp-json\/wp\/v2\/media?parent=41491"}],"wp:term":[{"taxonomy":"product_brand","embeddable":true,"href":"https:\/\/popcards.nl\/it\/wp-json\/wp\/v2\/product_brand?post=41491"},{"taxonomy":"product_cat","embeddable":true,"href":"https:\/\/popcards.nl\/it\/wp-json\/wp\/v2\/product_cat?post=41491"},{"taxonomy":"product_tag","embeddable":true,"href":"https:\/\/popcards.nl\/it\/wp-json\/wp\/v2\/product_tag?post=41491"}],"curies":[{"name":"parola chiave","href":"https:\/\/api.w.org\/{rel}","templated":true}]}}