{"id":4356,"date":"2019-09-17T12:57:53","date_gmt":"2019-09-17T10:57:53","guid":{"rendered":"https:\/\/popcards.nl\/?post_type=product&#038;p=4356"},"modified":"2026-04-28T16:05:10","modified_gmt":"2026-04-28T14:05:10","slug":"torre-eiffel-parigi-francia","status":"publish","type":"product","link":"https:\/\/popcards.nl\/it\/product\/eiffeltoren-parijs-frankrijk\/","title":{"rendered":"Bellissimo biglietto pop-up Torre Eiffel con mappa di Parigi"},"content":{"rendered":"<p>Bellissimo <a href=\"https:\/\/en.wikipedia.org\/wiki\/Eiffel_Tower\" target=\"_blank\" rel=\"noopener noreferrer\">Torre Eiffel<\/a> biglietto pop-up per sorprendere qualcuno con un viaggio a Parigi, ad esempio. L&#039;attesa \u00e8 solitamente altrettanto divertente quanto il viaggio stesso. Oppure come bel ricordo di una visita in questa bellissima citt\u00e0.<\/p>\n<p>La Torre Eiffel \u00e8 il monumento nella capitale francese Parigi. La torre si trova sulla riva sinistra della Senna. Fu terminato il 12 marzo 1889. La Torre Eiffel fu costruita tra il 1887 e il 1889. Ci\u00f2 avvenne in occasione dell&#039;Esposizione Mondiale del 1889 e per celebrare il centenario della Rivoluzione francese. La Torre Eiffel \u00e8 visitata ogni anno da pi\u00f9 di sei milioni di visitatori. Questo lo rende il monumento pi\u00f9 visitato al mondo.<\/p>\n<p>Questa Torre Eiffel \u00e8 stampata sulla parte anteriore di questa Popcard, laserata e poi incollata su uno sfondo opaco blu intenso. Non \u00e8 possibile ottenere un effetto colore cos\u00ec bello con la sola stampa. L&#039;interno contiene un pop-up di questa torre, con una spettacolare guglia sottile. Dietro la torre compaiono altri famosi edifici parigini. Di fronte alla torre romantici dettagli parigini tra cui una coppia francese che balla. \u201c<em>Je t&#039;aime mon amour\u201d. <\/em>Lo sfondo mostra una mappa di Parigi con la posizione della Torre Eiffel.<\/p>\n<p>Formato della carta 30 \u00d7 15 cm, piegato a 15 \u00d7 15 cm.<br \/>\nInclude busta abbinata, confezionata in sacchetto di cellophane<\/p>","protected":false},"excerpt":{"rendered":"<p>Schitterende Eiffeltoren pop-up kaart om iemand bijvoorbeeld te verrassen met een stedentrip Parijs. De voorpret is meestal net zo leuk als het reisje zelf. Of als mooie herinnering aan een bezoek aan deze prachtige stad. De Eiffeltoren is h\u00e8t monument in de Franse hoofdstad Parijs. De toren staat op de linkeroever van de rivier de [&hellip;]<\/p>\n","protected":false},"featured_media":72390,"comment_status":"open","ping_status":"closed","template":"","meta":{"_iconic_wsb_product_page_order_bump_ids":[[]],"_sku":["8945005027428"],"_iconic_wsb_product_page_bump_modal_ids":[[]]},"product_brand":[],"product_cat":[73,34,27,57],"product_tag":[76,86,83],"class_list":{"0":"post-4356","1":"product","2":"type-product","3":"status-publish","4":"has-post-thumbnail","6":"product_cat-beroemde-gebouwen","7":"product_cat-felicitatie-verjaardag-verjaardagskaarten","8":"product_cat-liefde-liefdeskaarten-valentijnskaarten","9":"product_cat-uitnodigingen-uitnodigingskaarten-verjaardag-jubileum","10":"product_tag-parijs","11":"product_tag-stedentrip","12":"product_tag-valentijn","13":"pa_brand-popcards","15":"first","16":"instock","17":"taxable","18":"shipping-taxable","19":"purchasable","20":"product-type-simple"},"gallery_images":[86392],"_links":{"self":[{"href":"https:\/\/popcards.nl\/it\/wp-json\/wp\/v2\/product\/4356","targetHints":{"allow":["GET"]}}],"collection":[{"href":"https:\/\/popcards.nl\/it\/wp-json\/wp\/v2\/product"}],"about":[{"href":"https:\/\/popcards.nl\/it\/wp-json\/wp\/v2\/types\/product"}],"replies":[{"embeddable":true,"href":"https:\/\/popcards.nl\/it\/wp-json\/wp\/v2\/comments?post=4356"}],"wp:featuredmedia":[{"embeddable":true,"href":"https:\/\/popcards.nl\/it\/wp-json\/wp\/v2\/media\/72390"}],"wp:attachment":[{"href":"https:\/\/popcards.nl\/it\/wp-json\/wp\/v2\/media?parent=4356"}],"wp:term":[{"taxonomy":"product_brand","embeddable":true,"href":"https:\/\/popcards.nl\/it\/wp-json\/wp\/v2\/product_brand?post=4356"},{"taxonomy":"product_cat","embeddable":true,"href":"https:\/\/popcards.nl\/it\/wp-json\/wp\/v2\/product_cat?post=4356"},{"taxonomy":"product_tag","embeddable":true,"href":"https:\/\/popcards.nl\/it\/wp-json\/wp\/v2\/product_tag?post=4356"}],"curies":[{"name":"parola chiave","href":"https:\/\/api.w.org\/{rel}","templated":true}]}}