{"id":45505,"date":"2022-09-03T16:00:05","date_gmt":"2022-09-03T14:00:05","guid":{"rendered":"https:\/\/popcards.nl\/?post_type=product&#038;p=45505"},"modified":"2026-04-02T13:12:24","modified_gmt":"2026-04-02T11:12:24","slug":"carta-pop-up-lemure-coda-anello-scimmia-madagascar","status":"publish","type":"product","link":"https:\/\/popcards.nl\/it\/product\/ringstaart-maki-aap-madagascar-pop-up-kaart\/","title":{"rendered":"Lemure dalla coda ad anelli nella giungla \u2013 Madagascar \u2013 Re Julien | biglietto pop-up Biglietto di auguri 3D"},"content":{"rendered":"<p><b>lemuri<\/b><span style=\"font-weight: 400;\"> sono proscimmie e allo stato brado vivono solo nelle foreste dell&#039;isola del Madagascar. Il Madagascar \u00e8 la quarta isola pi\u00f9 grande del mondo e si trova al largo della costa orientale dell&#039;Africa. <\/span><span style=\"font-weight: 400;\">Un lemure appartiene alle proscimmie e ci sono 21 tipi di lemuri.\u00a0<\/span><span style=\"font-weight: 400;\">Il lemure dalla coda ad anelli \u00e8 la specie pi\u00f9 conosciuta e pu\u00f2 essere ammirata in molti zoo.\u00a0<\/span><\/p>\n<p><span style=\"font-weight: 400;\">I lemuri dalla coda ad anelli mangiano foglie, fiori e frutti. Il frutto dell&#039;albero di Kigelia \u00e8 il loro cibo preferito. Questo albero \u00e8 chiamato albero della salsiccia perch\u00e9 i frutti assomigliano a salsicce spesse. <\/span><span style=\"font-weight: 400;\">I lemuri dalla coda ad anelli vivono in grandi gruppi fino a 25 animali.<\/span><span style=\"font-weight: 400;\"> In un tale gruppo, maschi e femmine adulti convivono, con le femmine chiaramente in carica. <\/span><span style=\"font-weight: 400;\">Comunicano tra loro attraverso gli odori e i suoni del corpo, che ricordano il miagolio di un gatto. <\/span><span style=\"font-weight: 400;\">Durante la stagione degli amori, i maschi competono per le femmine in un modo del tutto speciale, cio\u00e8 per mezzo di una lotta puzzolente. Gli uomini si strofinano la coda con odori corporei dall&#039;odore forte. Dopo questo fanno oscillare selvaggiamente la coda vicino al loro avversario, dopodich\u00e9 uno di loro finalmente si ritira. <\/span><span style=\"font-weight: 400;\">Un lemure dalla coda ad anelli pu\u00f2 vivere fino a 35 anni. La sua lunghezza arriva fino a 45 cm, pi\u00f9 una coda fino a 60 cm. Un lemure dalla coda ad anelli pesa circa 3 kg.<\/span><\/p>\n<p><span style=\"font-weight: 400;\">L&#039;habitat del<\/span> <span style=\"font-weight: 400;\">\u00e8 il lemure dalla coda ad anelli <\/span><span style=\"font-weight: 400;\">in pericolo. Sempre pi\u00f9 foreste in cui vivono vengono abbattute. <\/span><span style=\"font-weight: 400;\">Dal cartone animato <\/span><span style=\"font-weight: 400;\">&#039;<\/span><a href=\"http:\/\/www.imdb.com\/title\/tt0351283\/\" target=\"_blank\" rel=\"noopener\"><span style=\"font-weight: 400;\">Madagascar<\/span><\/a><span style=\"font-weight: 400;\">In cui il lemure dalla coda ad anelli Julien \u00e8 il re di un&#039;allegra banda di proscimmie, ogni bambino riconosce questo simpatico lemure. <a href=\"https:\/\/popcards.nl\/it\/product\/biglietto-pop-up-scimmie-felice-in-albero\/\">Abbiamo un&#039;altra simpatica carta pop-up con scimmie.\u00a0<\/a><\/span><\/p>\n<p><span style=\"font-weight: 400;\">Dimensioni della carta 30 x 15 cm, piegato a 15 x 15 cm.<\/span><span style=\"font-weight: 400;\"><br \/>\n<\/span><span style=\"font-weight: 400;\">Inclusa busta vuota coordinata, confezionata in sacchetto di cellophane.<\/span><\/p>","protected":false},"excerpt":{"rendered":"<p>Maki\u2019s zijn halfapen en leven in het wild alleen in de bossen op het eiland Madagascar. Madagascar is het op drie na grootste eiland ter wereld en ligt voor de oostkust van Afrika. Een Maki behoort tot de halfapen en er zijn 21 soorten Maki&#8217;s.\u00a0De ringstaartmaki is de bekendste soort en in veel dierentuinen te [&hellip;]<\/p>\n","protected":false},"featured_media":45511,"comment_status":"open","ping_status":"closed","template":"","meta":{"_iconic_wsb_product_page_order_bump_ids":[[]],"_sku":["8785253684000"],"_iconic_wsb_product_page_bump_modal_ids":[[]]},"product_brand":[],"product_cat":[21],"product_tag":[132,51],"class_list":{"0":"post-45505","1":"product","2":"type-product","3":"status-publish","4":"has-post-thumbnail","6":"product_cat-dieren-dierenkaarten-wenskaarten","7":"product_tag-dier","8":"product_tag-dierentuin","9":"pa_brand-popcards","11":"first","12":"instock","13":"sale","14":"taxable","15":"shipping-taxable","16":"purchasable","17":"product-type-simple"},"gallery_images":[45506,45510,68949],"_links":{"self":[{"href":"https:\/\/popcards.nl\/it\/wp-json\/wp\/v2\/product\/45505","targetHints":{"allow":["GET"]}}],"collection":[{"href":"https:\/\/popcards.nl\/it\/wp-json\/wp\/v2\/product"}],"about":[{"href":"https:\/\/popcards.nl\/it\/wp-json\/wp\/v2\/types\/product"}],"replies":[{"embeddable":true,"href":"https:\/\/popcards.nl\/it\/wp-json\/wp\/v2\/comments?post=45505"}],"wp:featuredmedia":[{"embeddable":true,"href":"https:\/\/popcards.nl\/it\/wp-json\/wp\/v2\/media\/45511"}],"wp:attachment":[{"href":"https:\/\/popcards.nl\/it\/wp-json\/wp\/v2\/media?parent=45505"}],"wp:term":[{"taxonomy":"product_brand","embeddable":true,"href":"https:\/\/popcards.nl\/it\/wp-json\/wp\/v2\/product_brand?post=45505"},{"taxonomy":"product_cat","embeddable":true,"href":"https:\/\/popcards.nl\/it\/wp-json\/wp\/v2\/product_cat?post=45505"},{"taxonomy":"product_tag","embeddable":true,"href":"https:\/\/popcards.nl\/it\/wp-json\/wp\/v2\/product_tag?post=45505"}],"curies":[{"name":"parola chiave","href":"https:\/\/api.w.org\/{rel}","templated":true}]}}