{"id":45538,"date":"2022-09-04T12:09:03","date_gmt":"2022-09-04T10:09:03","guid":{"rendered":"https:\/\/popcards.nl\/?post_type=product&#038;p=45538"},"modified":"2026-05-01T14:21:33","modified_gmt":"2026-05-01T12:21:33","slug":"biglietto-di-compleanno-pop-up-happy-clown-circus","status":"publish","type":"product","link":"https:\/\/popcards.nl\/it\/product\/vrolijke-clown-circus-pop-up-verjaardagskaart\/","title":{"rendered":"Clown allegro nel biglietto di compleanno pop-up del circo"},"content":{"rendered":"<p><span style=\"font-weight: 400;\">Questo piccolo pagliaccio sul suo monociclo sotto il baldacchino del circo render\u00e0 sicuramente molto felice il destinatario del compleanno. I palloncini ritagliati sul davanti migliorano la sensazione di compleanno. Buon compleanno! <a href=\"https:\/\/popcards.nl\/it\/categoria\/congratulazioni-e-biglietti-dauguri\/\">Popcards ha ovviamente ancora pi\u00f9 biglietti d&#039;auguri.\u00a0<\/a><\/span><span style=\"font-weight: 400;\"><br \/>\n<\/span><span style=\"font-weight: 400;\"><br \/>\n<\/span><span style=\"font-weight: 400;\">Dimensioni della carta 29 x 14,5 cm, piegata a 14,5 \u00d7 14,5 cm.<\/span><span style=\"font-weight: 400;\"><br \/>\n<\/span><span style=\"font-weight: 400;\">Inclusa busta vuota coordinata, confezionata in sacchetto di cellophane.<\/span><\/p>","protected":false},"excerpt":{"rendered":"<p>Questo clown sul suo monociclo sotto la tettoia del circo render\u00e0 sicuramente molto allegro il destinatario del compleanno. I palloncini ritagliati sul davanti aumentano l&#039;atmosfera del compleanno. Buon compleanno! Popcards ovviamente ha pi\u00f9 biglietti d&#039;auguri. Formato biglietto 29\u00d714,5 cm, piegato a 14,5\u00d714,5 cm. Include busta vuota abbinata, confezionata in un sacchetto di cellophane.<\/p>","protected":false},"featured_media":44255,"comment_status":"open","ping_status":"closed","template":"","meta":{"_iconic_wsb_product_page_order_bump_ids":[[]],"_sku":["8785253682679"],"_iconic_wsb_product_page_bump_modal_ids":[[]]},"product_brand":[],"product_cat":[34],"product_tag":[137],"class_list":{"0":"post-45538","1":"product","2":"type-product","3":"status-publish","4":"has-post-thumbnail","6":"product_cat-felicitatie-verjaardag-verjaardagskaarten","7":"product_tag-verjaardag","8":"pa_brand-popcards","10":"first","11":"outofstock","12":"sale","13":"taxable","14":"shipping-taxable","15":"purchasable","16":"product-type-simple"},"gallery_images":[],"_links":{"self":[{"href":"https:\/\/popcards.nl\/it\/wp-json\/wp\/v2\/product\/45538","targetHints":{"allow":["GET"]}}],"collection":[{"href":"https:\/\/popcards.nl\/it\/wp-json\/wp\/v2\/product"}],"about":[{"href":"https:\/\/popcards.nl\/it\/wp-json\/wp\/v2\/types\/product"}],"replies":[{"embeddable":true,"href":"https:\/\/popcards.nl\/it\/wp-json\/wp\/v2\/comments?post=45538"}],"wp:featuredmedia":[{"embeddable":true,"href":"https:\/\/popcards.nl\/it\/wp-json\/wp\/v2\/media\/44255"}],"wp:attachment":[{"href":"https:\/\/popcards.nl\/it\/wp-json\/wp\/v2\/media?parent=45538"}],"wp:term":[{"taxonomy":"product_brand","embeddable":true,"href":"https:\/\/popcards.nl\/it\/wp-json\/wp\/v2\/product_brand?post=45538"},{"taxonomy":"product_cat","embeddable":true,"href":"https:\/\/popcards.nl\/it\/wp-json\/wp\/v2\/product_cat?post=45538"},{"taxonomy":"product_tag","embeddable":true,"href":"https:\/\/popcards.nl\/it\/wp-json\/wp\/v2\/product_tag?post=45538"}],"curies":[{"name":"parola chiave","href":"https:\/\/api.w.org\/{rel}","templated":true}]}}