{"id":46210,"date":"2022-09-22T23:24:53","date_gmt":"2022-09-22T21:24:53","guid":{"rendered":"https:\/\/popcards.nl\/?post_type=product&#038;p=46210"},"modified":"2026-05-01T01:14:18","modified_gmt":"2026-04-30T23:14:18","slug":"sakura-heart-shape-valentine-love-pop-up-card","status":"publish","type":"product","link":"https:\/\/popcards.nl\/it\/product\/sakura-hartvorm-valentijn-liefde-pop-up-kaart\/","title":{"rendered":"Sakura Cherry Blossom a forma di cuore | Biglietto pop-up di San Valentino d&#039;amore"},"content":{"rendered":"<p>Nella nostra serie Sakura Popcards presentiamo con orgoglio una nuova Popcard: questo romantico Sakura mostra il suo splendore in fiore a forma di cuore. In allegato a questa carta c&#039;\u00e8 una carta separata su cui puoi scrivere un messaggio per il fortunato destinatario. I fiori di Sakura simboleggiano felicit\u00e0, amore, fine e nuovi inizi. Poich\u00e9 i fiori sbocciano per cos\u00ec poco tempo, i fiori di ciliegio rappresentano anche la morte umana. Il fiore che cade sul davanti e il fiore che giace a terra all&#039;interno lo simboleggiano in modo molto sottile. Ci ricordano quanto sia breve e preziosa la vita.<\/p>\n<p>Formato carta 30 \u00d7 15 cm, piegato a 15 \u00d7 15 cm.<br \/>\nInclude busta abbinata. Confezionato in busta di cellophan.<\/p>","protected":false},"excerpt":{"rendered":"<p>In onze serie Sakura Popcards tonen wij trots een nieuwe Popcard: deze romantische Sakura toont zijn bloesempracht in hartvorm. Bijgevoegd bij deze kaart is een apart kaartje, waarop je een boodschap kunt schrijven voor de gelukkige ontvanger. De Sakura bloemen symboliseren geluk, liefde, einde en een nieuw begin. Omdat de bloesems zo kort bloeien, vertegenwoordigen [&hellip;]<\/p>\n","protected":false},"featured_media":46199,"comment_status":"open","ping_status":"closed","template":"","meta":{"_iconic_wsb_product_page_order_bump_ids":[[]],"_sku":["8785253684543"],"_iconic_wsb_product_page_bump_modal_ids":[[]]},"product_brand":[],"product_cat":[27],"product_tag":[55,83],"class_list":{"0":"post-46210","1":"product","2":"type-product","3":"status-publish","4":"has-post-thumbnail","6":"product_cat-liefde-liefdeskaarten-valentijnskaarten","7":"product_tag-hart","8":"product_tag-valentijn","9":"pa_brand-popcards","11":"first","12":"instock","13":"taxable","14":"shipping-taxable","15":"purchasable","16":"product-type-simple"},"gallery_images":[70633],"_links":{"self":[{"href":"https:\/\/popcards.nl\/it\/wp-json\/wp\/v2\/product\/46210","targetHints":{"allow":["GET"]}}],"collection":[{"href":"https:\/\/popcards.nl\/it\/wp-json\/wp\/v2\/product"}],"about":[{"href":"https:\/\/popcards.nl\/it\/wp-json\/wp\/v2\/types\/product"}],"replies":[{"embeddable":true,"href":"https:\/\/popcards.nl\/it\/wp-json\/wp\/v2\/comments?post=46210"}],"wp:featuredmedia":[{"embeddable":true,"href":"https:\/\/popcards.nl\/it\/wp-json\/wp\/v2\/media\/46199"}],"wp:attachment":[{"href":"https:\/\/popcards.nl\/it\/wp-json\/wp\/v2\/media?parent=46210"}],"wp:term":[{"taxonomy":"product_brand","embeddable":true,"href":"https:\/\/popcards.nl\/it\/wp-json\/wp\/v2\/product_brand?post=46210"},{"taxonomy":"product_cat","embeddable":true,"href":"https:\/\/popcards.nl\/it\/wp-json\/wp\/v2\/product_cat?post=46210"},{"taxonomy":"product_tag","embeddable":true,"href":"https:\/\/popcards.nl\/it\/wp-json\/wp\/v2\/product_tag?post=46210"}],"curies":[{"name":"parola chiave","href":"https:\/\/api.w.org\/{rel}","templated":true}]}}