{"id":47373,"date":"2022-10-28T14:38:19","date_gmt":"2022-10-28T12:38:19","guid":{"rendered":"https:\/\/popcards.nl\/?post_type=product&#038;p=47373"},"modified":"2026-04-10T13:08:27","modified_gmt":"2026-04-10T11:08:27","slug":"white-arum-flower-card-fiori-carta-pop-up","status":"publish","type":"product","link":"https:\/\/popcards.nl\/it\/product\/witte-aronskelk-bloemenkaart-bloemen-pop-up-kaart\/","title":{"rendered":"Carta di fiori bianchi di Arum | Biglietto pop-up Calla Zantedeschia Fiori di bosco"},"content":{"rendered":"<p><span style=\"font-weight: 400;\">L&#039;Arum Bianco (<\/span><span style=\"font-weight: 400;\">Zantedeschia aethiopica<\/span><span style=\"font-weight: 400;\">), che punta il suo fiore verso il cielo, \u00e8 una Maria medievale simbolo di piet\u00e0. Il nome ricorda il nome biblico Aaron, il sommo sacerdote che portava un bastone fiorito. <\/span>I fiori bianchi<span style=\"font-weight: 400;\"> dell&#039;Arum significa purezza e purezza. Ecco perch\u00e9 i fiori nel nostro paese sono spesso usati come fiori di conforto ai funerali. Ma anche per innocenza, amore, perfezione e fedelt\u00e0. In altri paesi, l&#039;Arum \u00e8 un simbolo del cuore del matrimonio e della pura bellezza. Ecco perch\u00e9 spesso posizionano l&#039;arum al centro del bouquet da sposa.<\/span><\/p>\n<p><b>Carta floreale Arums bianchi. <\/b><span style=\"font-weight: 400;\">Un vaso con pi\u00f9 di 50 radiosi Arum bianchi si apre quando apri questa bellissima carta floreale. Su uno sfondo illustrato in modo bello e attraente. Anche sul davanti c&#039;\u00e8 un bouquet cos\u00ec bello. Questo bouquet \u00e8 stampato separatamente, tagliato al laser e incollato sul davanti verde scuro, che conferisce uno speciale effetto vellutato. Dillo con i fiori! <a href=\"https:\/\/popcards.nl\/it\/categoria\/biglietti-di-auguri-di-fiori\/\">Popcards ha molte pi\u00f9 carte pop-up di fiori.<\/a><\/span><\/p>\n<p><span style=\"font-weight: 400;\">Formato carta 15 \u00d7 15 cm, piegato a 15 \u00d7 15 cm.<br \/>\n<\/span><span style=\"font-weight: 400;\">Inclusa busta coordinata, confezionata in un sacchetto di cellophane.<\/span><\/p>","protected":false},"excerpt":{"rendered":"<p>De witte Aronskelk (Zantedeschia aethiopica), die zijn bloem omhoog naar de hemel richt, is een middeleeuws Maria symbool voor vroomheid. De naam doet denken aan de bijbelse naam A\u00e4ron, de hogepriester die een bloeiende staf droeg. De witte bloemen van de Aronskelk staan voor puurheid en zuiverheid. Daarom worden de bloemen in ons land vaak [&hellip;]<\/p>\n","protected":false},"featured_media":47367,"comment_status":"open","ping_status":"closed","template":"","meta":{"_iconic_wsb_product_page_order_bump_ids":[[]],"_sku":["8785253683966"],"_iconic_wsb_product_page_bump_modal_ids":[[]]},"product_brand":[],"product_cat":[47,78],"product_tag":[48,252],"class_list":{"0":"post-47373","1":"product","2":"type-product","3":"status-publish","4":"has-post-thumbnail","6":"product_cat-bloemen-bloemenkaarten-wenskaarten","7":"product_cat-beterschapskaarten-troostkaarten-condoleancekaarten","8":"product_tag-bloemen","9":"product_tag-troost","10":"pa_brand-popcards","12":"first","13":"instock","14":"taxable","15":"shipping-taxable","16":"purchasable","17":"product-type-simple"},"gallery_images":[77187],"_links":{"self":[{"href":"https:\/\/popcards.nl\/it\/wp-json\/wp\/v2\/product\/47373","targetHints":{"allow":["GET"]}}],"collection":[{"href":"https:\/\/popcards.nl\/it\/wp-json\/wp\/v2\/product"}],"about":[{"href":"https:\/\/popcards.nl\/it\/wp-json\/wp\/v2\/types\/product"}],"replies":[{"embeddable":true,"href":"https:\/\/popcards.nl\/it\/wp-json\/wp\/v2\/comments?post=47373"}],"wp:featuredmedia":[{"embeddable":true,"href":"https:\/\/popcards.nl\/it\/wp-json\/wp\/v2\/media\/47367"}],"wp:attachment":[{"href":"https:\/\/popcards.nl\/it\/wp-json\/wp\/v2\/media?parent=47373"}],"wp:term":[{"taxonomy":"product_brand","embeddable":true,"href":"https:\/\/popcards.nl\/it\/wp-json\/wp\/v2\/product_brand?post=47373"},{"taxonomy":"product_cat","embeddable":true,"href":"https:\/\/popcards.nl\/it\/wp-json\/wp\/v2\/product_cat?post=47373"},{"taxonomy":"product_tag","embeddable":true,"href":"https:\/\/popcards.nl\/it\/wp-json\/wp\/v2\/product_tag?post=47373"}],"curies":[{"name":"parola chiave","href":"https:\/\/api.w.org\/{rel}","templated":true}]}}