{"id":47893,"date":"2022-11-10T15:55:08","date_gmt":"2022-11-10T14:55:08","guid":{"rendered":"https:\/\/popcards.nl\/?post_type=product&#038;p=47893"},"modified":"2026-03-25T18:58:34","modified_gmt":"2026-03-25T17:58:34","slug":"scheda-pop-up-della-pianta-delluccello-del-paradiso-di-strelitzia","status":"publish","type":"product","link":"https:\/\/popcards.nl\/it\/product\/strelitzia-paradijsvogelplant-pop-up-kaart\/","title":{"rendered":"Strelitzia Fiore Uccello del Paradiso Pianta Testa d&#039;uccello Fiore Biglietto pop-up"},"content":{"rendered":"<p>Biglietto di fiori Strelitzia.<span style=\"font-weight: 400;\"> Un bellissimo pop-up di una grande pianta di Strelitzia piena di fiori che sbocciano. L&#039;interno ha abbastanza spazio per il tuo testo e un&#039;illustrazione attraente nell&#039;angolo. Anche sulla parte anteriore della carta c&#039;\u00e8 un&#039;illustrazione colorata della Strelitzia. Questa illustrazione \u00e8 stampata separatamente, tagliata al laser e incollata sul davanti opaco verde scuro, creando un effetto particolarmente vellutato. <\/span><span style=\"font-weight: 400;\">d\u00e0. <\/span><span style=\"font-weight: 400;\">Dillo con i fiori! <a href=\"https:\/\/popcards.nl\/it\/categoria\/biglietti-di-auguri-di-fiori\/\">Abbiamo tante altre carte pop-up floreali, adatte a tutte le occasioni: per congratulazioni, guarisci presto, per conforto e condoglianze.<\/a><\/span><\/p>\n<p><span style=\"font-weight: 400;\">La Strelitzia viene dal Sud Africa ed \u00e8 una pianta d&#039;appartamento popolare. La pianta conta 5 specie di cui la Strelitzia Reginae \u00e8 la pi\u00f9 famosa e apprezzata per la particolare forma e i colori sfavillanti dei suoi fiori. Da qui i suoi soprannomi Bird of Paradise Flower, Bird of Paradise Plant, Bird Head Flower e The Bird of Paradise. La pianta simboleggia la libert\u00e0 e l&#039;immortalit\u00e0. La Strelitzia pu\u00f2 crescere fino a 10 metri di altezza in natura e ha foglie che crescono fino a 2 metri di lunghezza. <\/span><span style=\"font-weight: 400;\">I fiori hanno un&#039;infiorescenza orizzontale e nascono da una robusta brattea. I fiori sono impollinati dagli uccelli, polloni del miele, che usano la brattea come sede quando visitano i fiori. Il peso dell&#039;uccello fa aprire il fiore e il polline finisce sulle zampe dell&#039;uccello, che l&#039;uccello trasferisce ad altre Strelitzie. <\/span><span style=\"font-weight: 400;\">Una Strelitzia Reginae pu\u00f2 iniziare a fiorire all&#039;et\u00e0 di 8 anni. Dopo il periodo di fioritura, la Strelitzia pu\u00f2 impiegare fino a 12 mesi per rifiorire.<\/span><\/p>\n<p><span style=\"font-weight: 400;\">Formato carta 30 \u00d7 15 cm, piegato a 15 \u00d7 15 cm. <\/span><span style=\"font-weight: 400;\"><br \/>\n<\/span><span style=\"font-weight: 400;\">Inclusa busta coordinata, confezionata in un sacchetto di cellophane.<\/span><\/p>","protected":false},"excerpt":{"rendered":"<p>Bloemenkaart Strelitzia. Een prachtige pop-up van een grote Strelitzia plant vol bloeiende bloemen. De binnenkant heeft genoeg ruimte voor uw tekst en in de hoek een sfeervolle illustratie. Ook op de voorzijde van de kaart staat een kleurrijke Strelitzia\u00a0 illustratie. Deze illustratie is apart gedrukt, los met de laser uitgesneden en op de donkergroene matte\u00a0 [&hellip;]<\/p>\n","protected":false},"featured_media":47884,"comment_status":"open","ping_status":"closed","template":"","meta":{"_iconic_wsb_product_page_order_bump_ids":[[]],"_sku":["8785253684413"],"_iconic_wsb_product_page_bump_modal_ids":[[]]},"product_brand":[],"product_cat":[47],"product_tag":[48],"class_list":{"0":"post-47893","1":"product","2":"type-product","3":"status-publish","4":"has-post-thumbnail","6":"product_cat-bloemen-bloemenkaarten-wenskaarten","7":"product_tag-bloemen","9":"first","10":"instock","11":"taxable","12":"shipping-taxable","13":"purchasable","14":"product-type-simple"},"gallery_images":[70622],"_links":{"self":[{"href":"https:\/\/popcards.nl\/it\/wp-json\/wp\/v2\/product\/47893","targetHints":{"allow":["GET"]}}],"collection":[{"href":"https:\/\/popcards.nl\/it\/wp-json\/wp\/v2\/product"}],"about":[{"href":"https:\/\/popcards.nl\/it\/wp-json\/wp\/v2\/types\/product"}],"replies":[{"embeddable":true,"href":"https:\/\/popcards.nl\/it\/wp-json\/wp\/v2\/comments?post=47893"}],"wp:featuredmedia":[{"embeddable":true,"href":"https:\/\/popcards.nl\/it\/wp-json\/wp\/v2\/media\/47884"}],"wp:attachment":[{"href":"https:\/\/popcards.nl\/it\/wp-json\/wp\/v2\/media?parent=47893"}],"wp:term":[{"taxonomy":"product_brand","embeddable":true,"href":"https:\/\/popcards.nl\/it\/wp-json\/wp\/v2\/product_brand?post=47893"},{"taxonomy":"product_cat","embeddable":true,"href":"https:\/\/popcards.nl\/it\/wp-json\/wp\/v2\/product_cat?post=47893"},{"taxonomy":"product_tag","embeddable":true,"href":"https:\/\/popcards.nl\/it\/wp-json\/wp\/v2\/product_tag?post=47893"}],"curies":[{"name":"parola chiave","href":"https:\/\/api.w.org\/{rel}","templated":true}]}}