{"id":51096,"date":"2023-01-19T22:46:08","date_gmt":"2023-01-19T21:46:08","guid":{"rendered":"https:\/\/popcards.nl\/?post_type=product&#038;p=51096"},"modified":"2026-04-13T10:51:12","modified_gmt":"2026-04-13T08:51:12","slug":"2-pink-flamingos-pop-up-card-bottiglia-posta-3d","status":"publish","type":"product","link":"https:\/\/popcards.nl\/it\/product\/2-roze-flamingos-pop-up-kaart-flessenpost-3d\/","title":{"rendered":"2 biglietti pop-up con fenicotteri rosa \u2013 Biglietto d&#039;auguri 3D con messaggio in bottiglia"},"content":{"rendered":"<p>Scheda Super 3D fenicotteri rosa. Questo super biglietto pop-up di 2 fenicotteri in un bellissimo giardino pieno di fiori e farfalle \u00e8 una nuova forma di presentazione pop-up. La scena pop-up pu\u00f2 essere ammirata da 4 lati ed \u00e8 completamente montata in una sorprendente bottiglia pop-up pieghevole in plastica trasparente. &quot;Un messaggio in bottiglia&quot;. Un&#039;opera d&#039;arte che, piegata completamente piatta, pu\u00f2 essere semplicemente spedita per posta. Spiegato trover\u00e0 sicuramente un bel posto nella casa del destinatario. Un regalo per posta per renderti molto felice. Dillo con questi fenicotteri! Il pop-up in cartone e la bottiglia in plastica sono riciclabili 100%.<\/p>\n<p>Dimensione della carta 23,5 x 19 cm, piegata in una bottiglia quadrata di 23,5 x 10 cm, 75 grammi.<\/p>\n<p>Inclusa busta vuota coordinata, confezionata in sacchetto di cellophane. <span class=\"\">Con una scheda separata per la bottiglia, su cui puoi scrivere un messaggio per il fortunato destinatario.<\/span><\/p>\n<div class=\"\"><\/div>","protected":false},"excerpt":{"rendered":"<p>Roze Flamingo&#8217;s Super 3D-kaart. Deze super pop-up kaart van 2 flamingo\u2019s in een prachtige tuin vol bloemen en vlinders is een nieuwe vorm van pop-up presentatie. Het pop-up tafereeltje is aan 4 kanten te bewonderen en is geheel gemonteerd in een opvallende transparante opvouwbare kunststof pop-up fles. \u201cA Message in a Bottle.\u201d Een kunstwerkje dat, [&hellip;]<\/p>\n","protected":false},"featured_media":51141,"comment_status":"open","ping_status":"closed","template":"","meta":{"_iconic_wsb_product_page_order_bump_ids":[[]],"_sku":["8785253684024"],"_iconic_wsb_product_page_bump_modal_ids":[[]]},"product_brand":[],"product_cat":[21],"product_tag":[279],"class_list":{"0":"post-51096","1":"product","2":"type-product","3":"status-publish","4":"has-post-thumbnail","6":"product_cat-dieren-dierenkaarten-wenskaarten","7":"product_tag-message-in-a-bottle","9":"first","10":"instock","11":"sale","12":"taxable","13":"shipping-taxable","14":"purchasable","15":"product-type-simple"},"gallery_images":[51144],"_links":{"self":[{"href":"https:\/\/popcards.nl\/it\/wp-json\/wp\/v2\/product\/51096","targetHints":{"allow":["GET"]}}],"collection":[{"href":"https:\/\/popcards.nl\/it\/wp-json\/wp\/v2\/product"}],"about":[{"href":"https:\/\/popcards.nl\/it\/wp-json\/wp\/v2\/types\/product"}],"replies":[{"embeddable":true,"href":"https:\/\/popcards.nl\/it\/wp-json\/wp\/v2\/comments?post=51096"}],"wp:featuredmedia":[{"embeddable":true,"href":"https:\/\/popcards.nl\/it\/wp-json\/wp\/v2\/media\/51141"}],"wp:attachment":[{"href":"https:\/\/popcards.nl\/it\/wp-json\/wp\/v2\/media?parent=51096"}],"wp:term":[{"taxonomy":"product_brand","embeddable":true,"href":"https:\/\/popcards.nl\/it\/wp-json\/wp\/v2\/product_brand?post=51096"},{"taxonomy":"product_cat","embeddable":true,"href":"https:\/\/popcards.nl\/it\/wp-json\/wp\/v2\/product_cat?post=51096"},{"taxonomy":"product_tag","embeddable":true,"href":"https:\/\/popcards.nl\/it\/wp-json\/wp\/v2\/product_tag?post=51096"}],"curies":[{"name":"parola chiave","href":"https:\/\/api.w.org\/{rel}","templated":true}]}}