{"id":54060,"date":"2023-03-25T16:09:14","date_gmt":"2023-03-25T15:09:14","guid":{"rendered":"https:\/\/popcards.nl\/?post_type=product&#038;p=54060"},"modified":"2026-04-28T14:07:05","modified_gmt":"2026-04-28T12:07:05","slug":"biglietto-di-auguri-pop-up-musicale-per-drum-kit","status":"publish","type":"product","link":"https:\/\/popcards.nl\/it\/product\/drumstel-pop-up-kaart-muziek-wenskaart\/","title":{"rendered":"Biglietto pop-up per batteria | Biglietto di auguri musicale molto dettagliato"},"content":{"rendered":"<p><span style=\"font-weight: 400;\">Questo grande biglietto di auguri pop-up di lusso con batteria \u00e8 il modo perfetto per congratularsi con qualcuno per i suoi successi o interessi musicali. \u00c8 un modo unico per mostrare che apprezzi la loro passione per la musica e che sei orgoglioso di loro. La batteria sul biglietto attirer\u00e0 sicuramente l&#039;attenzione e far\u00e0 sorridere il destinatario. Perch\u00e9 non inviare un biglietto come questo a un amico o un familiare che ama la musica? Render\u00e0 sicuramente la loro giornata! \ud83d\ude0a <\/span><span style=\"font-weight: 400;\">Il biglietto di auguri viene fornito con una scheda di scrittura separata su cui puoi scrivere il tuo testo personale.\u00a0<\/span><\/p>\n<p><span style=\"font-weight: 400;\">Un drum kit \u00e8 composto da diverse parti suonate da un singolo batterista. Le parti pi\u00f9 importanti sono la grancassa, il rullante, il charleston, i tom e i piatti. La grancassa \u00e8 la batteria pi\u00f9 grande e viene suonata con un pedale. Il rullante \u00e8 il tamburo che si trova tra le gambe del batterista e viene suonato con le bacchette. L&#039;hi-hat \u00e8 costituito da due piatti che vengono posizionati uno sopra l&#039;altro e vengono azionati con un pedale. I tom sono tamburi pi\u00f9 piccoli che stanno sopra la grancassa e vengono suonati con le bacchette. I piatti sono dischi di metallo che vengono suonati con le bacchette e appesi sopra la batteria. Questa batteria pop-up non pu\u00f2 davvero essere suonata, ovviamente, ma i dettagli sono sorprendenti! <a href=\"https:\/\/popcards.nl\/it\/etichetta-del-prodotto\/musica\/\">Abbiamo carte pop-up musicali pi\u00f9 belle.<\/a><\/span><\/p>\n<p><span style=\"font-weight: 400;\">Dimensioni del biglietto 34,6 \u00d7 18,3 cm, piegato a 17,3 \u00d7 18,3 cm. <\/span><span style=\"font-weight: 400;\">Con scheda separata per il tuo testo.<br \/>\n<\/span><span style=\"font-weight: 400;\">Inclusa busta color oro, confezionata in un sacchetto di cellophane.<\/span><\/p>","protected":false},"excerpt":{"rendered":"<p>Deze grote luxe pop-up wenskaart met daarop een drumstel is de perfecte manier om iemand te feliciteren met zijn of haar muzikale prestaties of interesses. Het is een unieke manier om te laten zien dat je hun passie voor muziek waardeert en dat je trots bent op hen. Het drumstel op de kaart zal zeker [&hellip;]<\/p>\n","protected":false},"featured_media":53803,"comment_status":"open","ping_status":"closed","template":"","meta":{"_iconic_wsb_product_page_order_bump_ids":[[]],"_sku":["8785253684789"],"_iconic_wsb_product_page_bump_modal_ids":[[]]},"product_brand":[],"product_cat":[58],"product_tag":[134],"class_list":{"0":"post-54060","1":"product","2":"type-product","3":"status-publish","4":"has-post-thumbnail","6":"product_cat-muziek-muziekinstrumenten-wenskaarten","7":"product_tag-muziek","8":"pa_brand-popcards","10":"first","11":"instock","12":"taxable","13":"shipping-taxable","14":"purchasable","15":"product-type-simple"},"gallery_images":[53802,78613],"_links":{"self":[{"href":"https:\/\/popcards.nl\/it\/wp-json\/wp\/v2\/product\/54060","targetHints":{"allow":["GET"]}}],"collection":[{"href":"https:\/\/popcards.nl\/it\/wp-json\/wp\/v2\/product"}],"about":[{"href":"https:\/\/popcards.nl\/it\/wp-json\/wp\/v2\/types\/product"}],"replies":[{"embeddable":true,"href":"https:\/\/popcards.nl\/it\/wp-json\/wp\/v2\/comments?post=54060"}],"wp:featuredmedia":[{"embeddable":true,"href":"https:\/\/popcards.nl\/it\/wp-json\/wp\/v2\/media\/53803"}],"wp:attachment":[{"href":"https:\/\/popcards.nl\/it\/wp-json\/wp\/v2\/media?parent=54060"}],"wp:term":[{"taxonomy":"product_brand","embeddable":true,"href":"https:\/\/popcards.nl\/it\/wp-json\/wp\/v2\/product_brand?post=54060"},{"taxonomy":"product_cat","embeddable":true,"href":"https:\/\/popcards.nl\/it\/wp-json\/wp\/v2\/product_cat?post=54060"},{"taxonomy":"product_tag","embeddable":true,"href":"https:\/\/popcards.nl\/it\/wp-json\/wp\/v2\/product_tag?post=54060"}],"curies":[{"name":"parola chiave","href":"https:\/\/api.w.org\/{rel}","templated":true}]}}