{"id":54069,"date":"2023-03-25T16:46:55","date_gmt":"2023-03-25T15:46:55","guid":{"rendered":"https:\/\/popcards.nl\/?post_type=product&#038;p=54069"},"modified":"2026-05-04T22:49:38","modified_gmt":"2026-05-04T20:49:38","slug":"colomba-bianca-colomba-della-pace-ramoscello-dulivo-pop-up-card","status":"publish","type":"product","link":"https:\/\/popcards.nl\/it\/product\/duif-witte-vredesduif-olijftakje-pop-up-kaart\/","title":{"rendered":"Biglietto d&#039;auguri Biglietto pop-up con colomba bianca della pace e ramo d&#039;ulivo"},"content":{"rendered":"<p><span style=\"font-weight: 400;\">Pace sulla Terra! Questo biglietto di auguri pop-up con una bellissima colomba della pace con un ramoscello d&#039;ulivo \u00e8 un bellissimo simbolo di pace e speranza. \u00c8 un modo perfetto per far sapere a qualcuno che stai pensando a loro e che speri in un mondo migliore. La colomba della pace \u00e8 un simbolo internazionale e la personificazione della pace. \u00c8 una colomba con un ramoscello d&#039;ulivo nel becco. La colomba della pace di Picasso (la Paloma) \u00e8 ben nota. Questa colomba della pace \u00e8 stata il motivo onnipresente della conferenza mondiale per la pace a Parigi nel 1949. L&#039;uso della colomba come simbolo \u00e8 stato ispirato dalla storia biblica di No\u00e8 (Genesi 8:8-12). Si riferisce all&#039;uccello liberato da No\u00e8 dopo che l&#039;arca rimase bloccata sul monte Ararat. La colomba bianca torn\u00f2 indietro dopo una ricerca con un ramoscello d&#039;ulivo nel becco. Ci\u00f2 significava che la terra si era nuovamente prosciugata dopo il diluvio. Questo biglietto pop-up \u00e8 senza testo e quindi adatto a molte occasioni. Il biglietto di auguri viene fornito con una scheda di scrittura separata su cui puoi scrivere il tuo testo personale. <a href=\"https:\/\/popcards.nl\/it\/etichetta-del-prodotto\/uccello\/\">Popcards.nl ha biglietti di auguri pi\u00f9 belli con uccelli.<\/a><\/span><\/p>\n<p><span style=\"font-weight: 400;\">Formato carta 30 \u00d7 20 cm, piegato a 15 \u00d7 20 cm. <\/span><span style=\"font-weight: 400;\">Con scheda separata per il tuo testo.<br \/>\n<\/span><span style=\"font-weight: 400;\">Inclusa busta color oro, confezionata in un sacchetto di cellophane.<\/span><\/p>","protected":false},"excerpt":{"rendered":"<p>Vrede op aarde! Deze pop-up wenskaart met daarop een schitterende vredesduif met olijftakje is een prachtig symbool van vrede en hoop. Het is een perfecte manier om iemand te laten weten dat je aan hem of haar denkt en dat je hoopt op een betere wereld. De vredesduif is een internationaal symbool en de personificatie [&hellip;]<\/p>\n","protected":false},"featured_media":53799,"comment_status":"open","ping_status":"closed","template":"","meta":{"_iconic_wsb_product_page_order_bump_ids":[[]],"_sku":["8945005027534"],"_iconic_wsb_product_page_bump_modal_ids":[[]]},"product_brand":[],"product_cat":[21,78],"product_tag":[142],"class_list":{"0":"post-54069","1":"product","2":"type-product","3":"status-publish","4":"has-post-thumbnail","6":"product_cat-dieren-dierenkaarten-wenskaarten","7":"product_cat-beterschapskaarten-troostkaarten-condoleancekaarten","8":"product_tag-vogel","9":"pa_brand-popcards","11":"first","12":"instock","13":"taxable","14":"shipping-taxable","15":"purchasable","16":"product-type-simple"},"gallery_images":[85999],"_links":{"self":[{"href":"https:\/\/popcards.nl\/it\/wp-json\/wp\/v2\/product\/54069","targetHints":{"allow":["GET"]}}],"collection":[{"href":"https:\/\/popcards.nl\/it\/wp-json\/wp\/v2\/product"}],"about":[{"href":"https:\/\/popcards.nl\/it\/wp-json\/wp\/v2\/types\/product"}],"replies":[{"embeddable":true,"href":"https:\/\/popcards.nl\/it\/wp-json\/wp\/v2\/comments?post=54069"}],"wp:featuredmedia":[{"embeddable":true,"href":"https:\/\/popcards.nl\/it\/wp-json\/wp\/v2\/media\/53799"}],"wp:attachment":[{"href":"https:\/\/popcards.nl\/it\/wp-json\/wp\/v2\/media?parent=54069"}],"wp:term":[{"taxonomy":"product_brand","embeddable":true,"href":"https:\/\/popcards.nl\/it\/wp-json\/wp\/v2\/product_brand?post=54069"},{"taxonomy":"product_cat","embeddable":true,"href":"https:\/\/popcards.nl\/it\/wp-json\/wp\/v2\/product_cat?post=54069"},{"taxonomy":"product_tag","embeddable":true,"href":"https:\/\/popcards.nl\/it\/wp-json\/wp\/v2\/product_tag?post=54069"}],"curies":[{"name":"parola chiave","href":"https:\/\/api.w.org\/{rel}","templated":true}]}}