{"id":54087,"date":"2023-03-25T23:42:18","date_gmt":"2023-03-25T22:42:18","guid":{"rendered":"https:\/\/popcards.nl\/?post_type=product&#038;p=54087"},"modified":"2026-04-13T10:20:01","modified_gmt":"2026-04-13T08:20:01","slug":"biglietto-pop-up-circo-compleanno-biglietto-dauguri","status":"publish","type":"product","link":"https:\/\/popcards.nl\/it\/product\/pop-up-kaart-circus-birthday-verjaardagskaart\/","title":{"rendered":"Biglietto pop-up con grande tendone da circo Buon compleanno Biglietto d&#039;auguri"},"content":{"rendered":"<p><span style=\"font-weight: 400;\">Congratulazioni! Che gioia, un biglietto d&#039;auguri con un grande tendone da circo. \u00c8 un bel modo per congratularsi con qualcuno e sottolineare la sensazione di festa. E un biglietto pop-up lo rende ancora pi\u00f9 speciale perch\u00e9 aggiunge letteralmente una dimensione in pi\u00f9 al tuo biglietto di auguri. Quando apri il biglietto d&#039;auguri, appare un tendone da circo pop-up con l&#039;augurio di compleanno &quot;Happy Birthday&quot;. I colori sono luminosi e allegri e molta attenzione \u00e8 stata prestata ai dettagli. Il biglietto di auguri viene fornito con una scheda di scrittura separata su cui puoi scrivere il tuo testo personale. <a href=\"https:\/\/popcards.nl\/it\/categoria\/congratulazioni-e-biglietti-dauguri\/\">Abbiamo molti altri biglietti pop-up sorprendenti per i compleanni.\u00a0<\/a><\/span><\/p>\n<p><span style=\"font-weight: 400;\">Formato carta 30 \u00d7 20 cm, piegato a 15 \u00d7 20 cm. <\/span><span style=\"font-weight: 400;\">Con scheda separata per il tuo testo.<br \/>\n<\/span><span style=\"font-weight: 400;\">Inclusa busta color oro, confezionata in un sacchetto di cellophane.<\/span><\/p>","protected":false},"excerpt":{"rendered":"<p>Van harte gefeliciteerd! Wat een vrolijkheid, een verjaardagskaart met een grote circustent. Het is een leuke manier om iemand te feliciteren en het feestelijke gevoel te benadrukken. En een pop-up kaart maakt het nog specialer omdat het letterlijk een extra dimensie toevoegt aan je wenskaart. Wanneer je de verjaardagskaart opent, komt er een pop-up circustent [&hellip;]<\/p>\n","protected":false},"featured_media":53805,"comment_status":"open","ping_status":"closed","template":"","meta":{"_iconic_wsb_product_page_order_bump_ids":[[]],"_sku":["8785253683614"],"_iconic_wsb_product_page_bump_modal_ids":[[]]},"product_brand":[],"product_cat":[34],"product_tag":[137],"class_list":{"0":"post-54087","1":"product","2":"type-product","3":"status-publish","4":"has-post-thumbnail","6":"product_cat-felicitatie-verjaardag-verjaardagskaarten","7":"product_tag-verjaardag","8":"pa_brand-popcards","10":"first","11":"instock","12":"taxable","13":"shipping-taxable","14":"purchasable","15":"product-type-simple"},"gallery_images":[87747],"_links":{"self":[{"href":"https:\/\/popcards.nl\/it\/wp-json\/wp\/v2\/product\/54087","targetHints":{"allow":["GET"]}}],"collection":[{"href":"https:\/\/popcards.nl\/it\/wp-json\/wp\/v2\/product"}],"about":[{"href":"https:\/\/popcards.nl\/it\/wp-json\/wp\/v2\/types\/product"}],"replies":[{"embeddable":true,"href":"https:\/\/popcards.nl\/it\/wp-json\/wp\/v2\/comments?post=54087"}],"wp:featuredmedia":[{"embeddable":true,"href":"https:\/\/popcards.nl\/it\/wp-json\/wp\/v2\/media\/53805"}],"wp:attachment":[{"href":"https:\/\/popcards.nl\/it\/wp-json\/wp\/v2\/media?parent=54087"}],"wp:term":[{"taxonomy":"product_brand","embeddable":true,"href":"https:\/\/popcards.nl\/it\/wp-json\/wp\/v2\/product_brand?post=54087"},{"taxonomy":"product_cat","embeddable":true,"href":"https:\/\/popcards.nl\/it\/wp-json\/wp\/v2\/product_cat?post=54087"},{"taxonomy":"product_tag","embeddable":true,"href":"https:\/\/popcards.nl\/it\/wp-json\/wp\/v2\/product_tag?post=54087"}],"curies":[{"name":"parola chiave","href":"https:\/\/api.w.org\/{rel}","templated":true}]}}