{"id":54123,"date":"2023-03-26T18:01:08","date_gmt":"2023-03-26T16:01:08","guid":{"rendered":"https:\/\/popcards.nl\/?post_type=product&#038;p=54123"},"modified":"2026-05-11T14:32:39","modified_gmt":"2026-05-11T12:32:39","slug":"biglietto-dauguri-pop-up-per-la-festa-del-papa-molto-migliore-padre-pa","status":"publish","type":"product","link":"https:\/\/popcards.nl\/it\/product\/vaderdag-pop-up-wenskaart-allerbeste-vader-pa\/","title":{"rendered":"Ottimo biglietto pop-up per la festa del pap\u00e0 per il miglior pap\u00e0"},"content":{"rendered":"<p><span style=\"font-weight: 400;\">Tuo padre \u00e8 il numero uno per te. \u00c8 il miglior pap\u00e0 che puoi immaginare. Fagli sapere con questo biglietto pop-up molto grande e fantastico che \u00e8 il numero 1: il miglior pap\u00e0! Sar\u00e0 raggiante di piacere quando aprir\u00e0 questo biglietto di auguri e gli dar\u00e0 un posto di rilievo nella sua stanza. Ovviamente molto carino da regalare per la festa del pap\u00e0 o il suo compleanno, ma in realt\u00e0 ogni giorno va bene! Quando vorresti sorprendere il tuo caro pap\u00e0 con questo bellissimo biglietto di auguri pop-up?\u00a0<\/span><\/p>\n<p><span style=\"font-weight: 400;\">Il biglietto di auguri viene fornito con una scheda di scrittura separata su cui puoi scrivere il tuo testo personale. <a href=\"https:\/\/popcards.nl\/it\/categoria\/congratulazioni-e-biglietti-dauguri\/\">Abbiamo biglietti pop-up ancora pi\u00f9 sorprendenti per il compleanno del pap\u00e0 o la festa del pap\u00e0.<\/a><\/span><\/p>\n<p><span style=\"font-weight: 400;\">Formato carta 30 \u00d7 20 cm, piegato a 15 \u00d7 20 cm. <\/span><span style=\"font-weight: 400;\">Con scheda separata per il tuo testo.<br \/>\n<\/span><span style=\"font-weight: 400;\">Inclusa busta color oro, confezionata in un sacchetto di cellophane.<\/span><\/p>","protected":false},"excerpt":{"rendered":"<p>Jouw vader staat voor jou op nummer \u00e9\u00e9n. Hij is de beste papa die je je voor kunt stellen. Laat hem met deze hele grote en stoere pop-up kaart daarom ook weten dat hij op nummer 1 staat: Best Dad! Hij zal stralen van plezier bij het openen van deze wenskaart, en deze een prominente [&hellip;]<\/p>\n","protected":false},"featured_media":53796,"comment_status":"open","ping_status":"closed","template":"","meta":{"_iconic_wsb_product_page_order_bump_ids":[[]],"_sku":["8785253685410"],"_iconic_wsb_product_page_bump_modal_ids":[[]]},"product_brand":[],"product_cat":[34],"product_tag":[128],"class_list":{"0":"post-54123","1":"product","2":"type-product","3":"status-publish","4":"has-post-thumbnail","6":"product_cat-felicitatie-verjaardag-verjaardagskaarten","7":"product_tag-vaderdag","8":"pa_brand-popcards","10":"first","11":"instock","12":"taxable","13":"shipping-taxable","14":"purchasable","15":"product-type-simple"},"gallery_images":[53810,70626],"_links":{"self":[{"href":"https:\/\/popcards.nl\/it\/wp-json\/wp\/v2\/product\/54123","targetHints":{"allow":["GET"]}}],"collection":[{"href":"https:\/\/popcards.nl\/it\/wp-json\/wp\/v2\/product"}],"about":[{"href":"https:\/\/popcards.nl\/it\/wp-json\/wp\/v2\/types\/product"}],"replies":[{"embeddable":true,"href":"https:\/\/popcards.nl\/it\/wp-json\/wp\/v2\/comments?post=54123"}],"wp:featuredmedia":[{"embeddable":true,"href":"https:\/\/popcards.nl\/it\/wp-json\/wp\/v2\/media\/53796"}],"wp:attachment":[{"href":"https:\/\/popcards.nl\/it\/wp-json\/wp\/v2\/media?parent=54123"}],"wp:term":[{"taxonomy":"product_brand","embeddable":true,"href":"https:\/\/popcards.nl\/it\/wp-json\/wp\/v2\/product_brand?post=54123"},{"taxonomy":"product_cat","embeddable":true,"href":"https:\/\/popcards.nl\/it\/wp-json\/wp\/v2\/product_cat?post=54123"},{"taxonomy":"product_tag","embeddable":true,"href":"https:\/\/popcards.nl\/it\/wp-json\/wp\/v2\/product_tag?post=54123"}],"curies":[{"name":"parola chiave","href":"https:\/\/api.w.org\/{rel}","templated":true}]}}