{"id":55094,"date":"2023-04-19T11:33:38","date_gmt":"2023-04-19T09:33:38","guid":{"rendered":"https:\/\/popcards.nl\/?post_type=product&#038;p=55094"},"modified":"2026-04-14T13:15:34","modified_gmt":"2026-04-14T11:15:34","slug":"grande-impressionante-cartolina-pop-up-con-castello-delle-favole","status":"publish","type":"product","link":"https:\/\/popcards.nl\/it\/product\/grote-indrukwekkende-pop-up-kaart-met-sprookjeskasteel\/","title":{"rendered":"Grande impressionante biglietto pop-up con castello delle fiabe"},"content":{"rendered":"<p>Cerchi un modo unico e magico per sorprendere qualcuno che ama principi, principesse e castelli? Ad esempio, i fan di Frozen della Disney. Allora questo grande biglietto pop-up con un castello da favola \u00e8 la scelta perfetta!<\/p>\n<p>Quando apri il biglietto di auguri, rimarrai subito incantato dal castello delle fiabe in 3D con un fossato circondato da un bellissimo paesaggio verde con fiori. Ma non \u00e8 tutto: all&#039;interno troverai un gruppo di personaggi che danno vita alla fantasia: un principe e una principessa, un drago gigante, un mago saggio e una bellissima sirena!<\/p>\n<p>Questo biglietto pop-up non \u00e8 solo visivamente impressionante, ma anche di ottima qualit\u00e0 e realizzato a mano. \u00c8 un modo incantevole per far sapere a qualcuno che ci tieni, che sia per un compleanno, un&#039;occasione speciale o semplicemente perch\u00e9.<\/p>\n<p>Porta un po&#039; di magia nella vita di qualcuno che ami con questo impressionante biglietto pop-up del castello!<\/p>\n<p>Formato carta 30 \u00d7 20 cm, piegato a 15 \u00d7 20 cm.<br \/>\nInclusa busta coordinata, confezionata in un sacchetto di cellophane.<\/p>","protected":false},"excerpt":{"rendered":"<p>Op zoek naar een unieke en magische manier om iemand te verrassen, die gek is op prinsen, prinsessen en kastelen? Bijvoorbeeld liefhebbers van Frozen van Disney. Dan is deze grote pop-up kaart met een sprookjeskasteel de perfecte keuze! Als je de wenskaart opent, word je meteen betoverd door het 3D-sprookjeskasteel met een slotgracht omringd door [&hellip;]<\/p>\n","protected":false},"featured_media":54671,"comment_status":"open","ping_status":"closed","template":"","meta":{"_iconic_wsb_product_page_order_bump_ids":[[]],"_sku":["8785253685144"],"_iconic_wsb_product_page_bump_modal_ids":[[]]},"product_brand":[],"product_cat":[34,73,32],"product_tag":[53,257,137],"class_list":{"0":"post-55094","1":"product","2":"type-product","3":"status-publish","4":"has-post-thumbnail","6":"product_cat-felicitatie-verjaardag-verjaardagskaarten","7":"product_cat-beroemde-gebouwen","8":"product_cat-nieuwe-woning-verhuizing-verhuiskaart","9":"product_tag-cadeau","10":"product_tag-verhuiskaart","11":"product_tag-verjaardag","13":"first","14":"instock","15":"taxable","16":"shipping-taxable","17":"purchasable","18":"product-type-simple"},"gallery_images":[54672,70239],"_links":{"self":[{"href":"https:\/\/popcards.nl\/it\/wp-json\/wp\/v2\/product\/55094","targetHints":{"allow":["GET"]}}],"collection":[{"href":"https:\/\/popcards.nl\/it\/wp-json\/wp\/v2\/product"}],"about":[{"href":"https:\/\/popcards.nl\/it\/wp-json\/wp\/v2\/types\/product"}],"replies":[{"embeddable":true,"href":"https:\/\/popcards.nl\/it\/wp-json\/wp\/v2\/comments?post=55094"}],"wp:featuredmedia":[{"embeddable":true,"href":"https:\/\/popcards.nl\/it\/wp-json\/wp\/v2\/media\/54671"}],"wp:attachment":[{"href":"https:\/\/popcards.nl\/it\/wp-json\/wp\/v2\/media?parent=55094"}],"wp:term":[{"taxonomy":"product_brand","embeddable":true,"href":"https:\/\/popcards.nl\/it\/wp-json\/wp\/v2\/product_brand?post=55094"},{"taxonomy":"product_cat","embeddable":true,"href":"https:\/\/popcards.nl\/it\/wp-json\/wp\/v2\/product_cat?post=55094"},{"taxonomy":"product_tag","embeddable":true,"href":"https:\/\/popcards.nl\/it\/wp-json\/wp\/v2\/product_tag?post=55094"}],"curies":[{"name":"parola chiave","href":"https:\/\/api.w.org\/{rel}","templated":true}]}}