{"id":65074,"date":"2023-12-09T16:26:09","date_gmt":"2023-12-09T15:26:09","guid":{"rendered":"https:\/\/popcards.nl\/?post_type=product&#038;p=65074"},"modified":"2026-04-16T16:17:12","modified_gmt":"2026-04-16T14:17:12","slug":"biglietto-di-auguri-3d-per-lanniversario-della-torta-di-compleanno-festiva","status":"publish","type":"product","link":"https:\/\/popcards.nl\/it\/product\/feestelijk-verjaardagstaart-jarig-3d-wenskaart\/","title":{"rendered":"Biglietto d&#039;auguri pop-up 3D per l&#039;anniversario di compleanno della torta di compleanno festiva"},"content":{"rendered":"<p>Questa torta di compleanno festiva non ti far\u00e0 ingrassare, ma ti render\u00e0 molto felice! \ud83d\ude00<\/p>\n<p>La parte anteriore \u00e8 di colore rosso scintillante con un&#039;illustrazione tagliata al laser. Quando apri la carta, si rivela una bellissima torta con stelle e dolcetti. La bottiglia di champagne con bicchieri rende questo biglietto anche un bel biglietto di auguri per adulti. Vorrebbero anche ricevere i complimenti per una Popcard cos\u00ec bella e colorata! Ma forse \u00e8 champagne per bambini, allora il men\u00f9 \u00e8 ovviamente adatto anche ai festeggiati.<\/p>\n<p>Formato cartoncino 30\u00d715 cm, piegato a 15\u00d715 cm. Confezionato in sacchetto di cellophane. Con scheda separata per il testo. Inclusa busta chic abbinata in 2 tonalit\u00e0 di blu, con chiusura a forma di cuore. Puoi scrivere bene sulla busta con una matita bianca, una penna color oro o argento. \u00c8 inoltre possibile utilizzare l&#039;etichetta autoadesiva inclusa per l&#039;indirizzo.<\/p>","protected":false},"excerpt":{"rendered":"<p>Van deze feestelijke verjaardagstaart word je niet dik maar wel heel blij! \ud83d\ude00 De voorkant is sprankelend rood met een door de laser uitgesneden illustratie. Als je de kaart opent ontpopt zich een prachtige taart met sterren en lekkernijen. Door de champagnefles met glazen is deze kaart ook een leuke verjaardagskaart voor volwassenen. Ook die [&hellip;]<\/p>\n","protected":false},"featured_media":64649,"comment_status":"open","ping_status":"closed","template":"","meta":{"_iconic_wsb_product_page_order_bump_ids":[[]],"_sku":["8785253683195"],"_iconic_wsb_product_page_bump_modal_ids":[[]]},"product_brand":[],"product_cat":[34],"product_tag":[246],"class_list":{"0":"post-65074","1":"product","2":"type-product","3":"status-publish","4":"has-post-thumbnail","6":"product_cat-felicitatie-verjaardag-verjaardagskaarten","7":"product_tag-taart","9":"first","10":"instock","11":"taxable","12":"shipping-taxable","13":"purchasable","14":"product-type-simple"},"gallery_images":[65076,70059],"_links":{"self":[{"href":"https:\/\/popcards.nl\/it\/wp-json\/wp\/v2\/product\/65074","targetHints":{"allow":["GET"]}}],"collection":[{"href":"https:\/\/popcards.nl\/it\/wp-json\/wp\/v2\/product"}],"about":[{"href":"https:\/\/popcards.nl\/it\/wp-json\/wp\/v2\/types\/product"}],"replies":[{"embeddable":true,"href":"https:\/\/popcards.nl\/it\/wp-json\/wp\/v2\/comments?post=65074"}],"wp:featuredmedia":[{"embeddable":true,"href":"https:\/\/popcards.nl\/it\/wp-json\/wp\/v2\/media\/64649"}],"wp:attachment":[{"href":"https:\/\/popcards.nl\/it\/wp-json\/wp\/v2\/media?parent=65074"}],"wp:term":[{"taxonomy":"product_brand","embeddable":true,"href":"https:\/\/popcards.nl\/it\/wp-json\/wp\/v2\/product_brand?post=65074"},{"taxonomy":"product_cat","embeddable":true,"href":"https:\/\/popcards.nl\/it\/wp-json\/wp\/v2\/product_cat?post=65074"},{"taxonomy":"product_tag","embeddable":true,"href":"https:\/\/popcards.nl\/it\/wp-json\/wp\/v2\/product_tag?post=65074"}],"curies":[{"name":"parola chiave","href":"https:\/\/api.w.org\/{rel}","templated":true}]}}