{"id":65523,"date":"2023-12-14T22:44:56","date_gmt":"2023-12-14T21:44:56","guid":{"rendered":"https:\/\/popcards.nl\/?post_type=product&#038;p=65523"},"modified":"2026-04-30T11:47:33","modified_gmt":"2026-04-30T09:47:33","slug":"biglietto-pop-up-con-cuori-di-albero-san-valentino-amore","status":"publish","type":"product","link":"https:\/\/popcards.nl\/it\/product\/boom-hartjes-valentijnsdag-liefde-pop-up-kaart\/","title":{"rendered":"Albero romantico pieno di cuori | Biglietto pop-up d&#039;amore per il fidanzamento di San Valentino"},"content":{"rendered":"<p>Biglietto pop-up grande e lussuoso con un albero splendidamente scolpito pieno di cuori rosa. Sotto di esso un&#039;intima coppia uomo-donna. Innamorato, fidanzato, sposato? Il romanticismo \u00e8 pienamente presente in questo biglietto d&#039;auguri Popcard. In allegato c&#039;\u00e8 un biglietto separato su cui puoi scrivere un messaggio d&#039;amore per il fortunato destinatario. La parte anteriore \u00e8 di un romantico rosa con una bellissima composizione di cuori, che insieme formano un cuore. Questo bellissimo biglietto 3D \u00e8 perfetto come biglietto di San Valentino per il tuo San Valentino o come biglietto di fidanzamento o biglietto di nozze. O semplicemente cos\u00ec, perch\u00e9 cosa c&#039;\u00e8 di meglio di un biglietto d&#039;amore inaspettato?<\/p>\n<p><strong>Perch\u00e9 il cuore \u00e8 un simbolo d&#039;amore?<\/strong><br \/>\nCi\u00f2 ha a che fare con l\u2019ignoranza dei nostri antenati. In passato si pensava che le emozioni provenissero dal cuore. Il tuo cuore batte pi\u00f9 velocemente o pi\u00f9 lentamente, a seconda dei sentimenti che provi. Quando sei eccitato o nervoso, il tuo cuore batte pi\u00f9 velocemente e quando ti calmi, rallenta di nuovo. Si ritiene che questo sia il motivo per cui i nostri cuori sono diventati popolari come simbolo d&#039;amore.<br \/>\nOra sappiamo che i nostri ormoni svolgono il ruolo pi\u00f9 importante nel generare un sentimento d&#039;amore. Eppure \u00e8 logico che non abbiamo adattato il simbolo del cuore, perch\u00e9 il processo chimico fisico dell&#039;amore non \u00e8 facile da rappresentare ed esprimere. &quot;La feniletilamina nel mio corpo invia una dose di dopamina al cervello quando ti vedo&quot; non \u00e8 proprio un modo romantico per esprimere il tuo amore per qualcuno. &quot;Ti do il mio cuore&quot; suona quindi molto pi\u00f9 poetico.<\/p>\n<p>Formato cartoncino grande 30\u00d720 cm, piegato a 15\u00d720 cm. Peso 60 grammi.<br \/>\nInclusa busta coordinata color oro, confezionata in sacchetto di cellophane.<br \/>\n<strong>Disponibile anche in grandi quantit\u00e0 da utilizzare come partecipazione di nozze.<\/strong><\/p>","protected":false},"excerpt":{"rendered":"<p>Grote luxe pop-up kaart met prachtig uitgesneden boom vol roze hartjes. Daaronder een intiem koppel man-vrouw. Verliefd, verloofd, getrouwd? De romantiek is volop aanwezig in deze Popcard wenskaart. Bijgevoegd is een apart kaartje, waarop je een liefdesboodschap kunt schrijven voor de gelukkige ontvanger. De voorkant is romantisch roze met een fraaie compositie van hartjes, die [&hellip;]<\/p>\n","protected":false},"featured_media":63584,"comment_status":"open","ping_status":"closed","template":"","meta":{"_iconic_wsb_product_page_order_bump_ids":[[]],"_sku":["8785253684345"],"_iconic_wsb_product_page_bump_modal_ids":[[]]},"product_brand":[],"product_cat":[27,28],"product_tag":[94,56,83],"class_list":{"0":"post-65523","1":"product","2":"type-product","3":"status-publish","4":"has-post-thumbnail","6":"product_cat-liefde-liefdeskaarten-valentijnskaarten","7":"product_cat-trouwen-samenwonen-trouwkaarten","8":"product_tag-huwelijk","9":"product_tag-love","10":"product_tag-valentijn","12":"first","13":"instock","14":"taxable","15":"shipping-taxable","16":"purchasable","17":"product-type-simple"},"gallery_images":[63585,63583,86454],"_links":{"self":[{"href":"https:\/\/popcards.nl\/it\/wp-json\/wp\/v2\/product\/65523","targetHints":{"allow":["GET"]}}],"collection":[{"href":"https:\/\/popcards.nl\/it\/wp-json\/wp\/v2\/product"}],"about":[{"href":"https:\/\/popcards.nl\/it\/wp-json\/wp\/v2\/types\/product"}],"replies":[{"embeddable":true,"href":"https:\/\/popcards.nl\/it\/wp-json\/wp\/v2\/comments?post=65523"}],"wp:featuredmedia":[{"embeddable":true,"href":"https:\/\/popcards.nl\/it\/wp-json\/wp\/v2\/media\/63584"}],"wp:attachment":[{"href":"https:\/\/popcards.nl\/it\/wp-json\/wp\/v2\/media?parent=65523"}],"wp:term":[{"taxonomy":"product_brand","embeddable":true,"href":"https:\/\/popcards.nl\/it\/wp-json\/wp\/v2\/product_brand?post=65523"},{"taxonomy":"product_cat","embeddable":true,"href":"https:\/\/popcards.nl\/it\/wp-json\/wp\/v2\/product_cat?post=65523"},{"taxonomy":"product_tag","embeddable":true,"href":"https:\/\/popcards.nl\/it\/wp-json\/wp\/v2\/product_tag?post=65523"}],"curies":[{"name":"parola chiave","href":"https:\/\/api.w.org\/{rel}","templated":true}]}}