{"id":73112,"date":"2024-06-09T15:22:46","date_gmt":"2024-06-09T13:22:46","guid":{"rendered":"https:\/\/popcards.nl\/?post_type=product&#038;p=73112"},"modified":"2026-04-03T15:52:11","modified_gmt":"2026-04-03T13:52:11","slug":"cartolina-di-natale-biglietto-pop-up-con-albero-di-natale-cat-peak","status":"publish","type":"product","link":"https:\/\/popcards.nl\/it\/product\/kerstkaart-kerstboom-poes-piek-pop-up-kaart\/","title":{"rendered":"Divertente cartolina di Natale Albero di Natale con gatto che cerca la vetta. Biglietto pop-up"},"content":{"rendered":"<p>Con questa cartolina Popcards dimostra che una cartolina di Natale pu\u00f2 essere anche molto divertente. Sulla parte anteriore \u00e8 stampato un albero di Natale splendidamente stilizzato con regali. Su sfondo giallo chiaro, un colore insolito per una cartolina di Natale ma molto allegra e calda. L&#039;interno \u00e8 sorprendente e molto carino. L&#039;albero di Natale pop-up \u00e8 inclinato a causa del peso di un gatto che cerca di afferrare la stella di Natale in cima. Riuscir\u00e0 il gatto a raggiungere il picco? E non cadr\u00e0 l&#039;intero pino? Babbo Natale lotta felicemente con le luci di Natale. La carta ha abbastanza spazio per un bel testo che puoi scrivere tu stesso.<\/p>\n<p>Formato della carta 30 \u00d7 15 cm, piegato a 15 \u00d7 15 cm.<br \/>\nInclusa busta coordinata, confezionata in un sacchetto di cellophane.<\/p>","protected":false},"excerpt":{"rendered":"<p>Popcards laat met deze kaart zien dat ook een kerstkaart heel erg grappig kan zijn. Op de voorkant is een mooi gestileerde kerstboom met cadeautjes gedrukt. Op een lichtgele ondergrond, een ongewone kleur voor een kerstkaart maar heel vrolijk en warm. De binnenkant is verrassend en heel erg leuk. De pop-up kerstboom staat scheef door [&hellip;]<\/p>\n","protected":false},"featured_media":72369,"comment_status":"open","ping_status":"closed","template":"","meta":{"_iconic_wsb_product_page_order_bump_ids":[[]],"_sku":["8945005027886"],"_iconic_wsb_product_page_bump_modal_ids":[[]]},"product_brand":[],"product_cat":[79],"product_tag":[131],"class_list":{"0":"post-73112","1":"product","2":"type-product","3":"status-publish","4":"has-post-thumbnail","6":"product_cat-de-top-10-mooiste-kerstkaarten","7":"product_tag-kerst","9":"first","10":"instock","11":"taxable","12":"shipping-taxable","13":"purchasable","14":"product-type-simple"},"gallery_images":[75990],"_links":{"self":[{"href":"https:\/\/popcards.nl\/it\/wp-json\/wp\/v2\/product\/73112","targetHints":{"allow":["GET"]}}],"collection":[{"href":"https:\/\/popcards.nl\/it\/wp-json\/wp\/v2\/product"}],"about":[{"href":"https:\/\/popcards.nl\/it\/wp-json\/wp\/v2\/types\/product"}],"replies":[{"embeddable":true,"href":"https:\/\/popcards.nl\/it\/wp-json\/wp\/v2\/comments?post=73112"}],"wp:featuredmedia":[{"embeddable":true,"href":"https:\/\/popcards.nl\/it\/wp-json\/wp\/v2\/media\/72369"}],"wp:attachment":[{"href":"https:\/\/popcards.nl\/it\/wp-json\/wp\/v2\/media?parent=73112"}],"wp:term":[{"taxonomy":"product_brand","embeddable":true,"href":"https:\/\/popcards.nl\/it\/wp-json\/wp\/v2\/product_brand?post=73112"},{"taxonomy":"product_cat","embeddable":true,"href":"https:\/\/popcards.nl\/it\/wp-json\/wp\/v2\/product_cat?post=73112"},{"taxonomy":"product_tag","embeddable":true,"href":"https:\/\/popcards.nl\/it\/wp-json\/wp\/v2\/product_tag?post=73112"}],"curies":[{"name":"parola chiave","href":"https:\/\/api.w.org\/{rel}","templated":true}]}}