{"id":77603,"date":"2024-09-25T22:29:29","date_gmt":"2024-09-25T20:29:29","guid":{"rendered":"https:\/\/popcards.nl\/?post_type=product&#038;p=77603"},"modified":"2026-04-22T17:50:05","modified_gmt":"2026-04-22T15:50:05","slug":"speciale-cartolina-di-natale-allegro-trittico-babbo-natale","status":"publish","type":"product","link":"https:\/\/popcards.nl\/it\/product\/bijzonder-kerstkaart-vrolijk-drieluik-kerstman\/","title":{"rendered":"Trittico pieghevole molto speciale con cartolina di Natale con Babbo Natale e renne in un magico paesaggio natalizio"},"content":{"rendered":"<p>Una volta piegato \u00e8 un dolce biglietto compatto con bellissime illustrazioni della vigilia di Natale sul davanti e sul retro. E se lo si apre rilasciando la speciale serratura a forma di regali, si apre una bellissima scena natalizia in trittico. C&#039;\u00e8 molto da trovare: Babbo Natale con le sue fedeli renne, uno splendido paesaggio montano con case innevate, alberi di Natale decorati, allegri cani con cappelli da Babbo Natale e ovviamente tanti regali di Natale. Questo biglietto pop-up \u00e8 cos\u00ec divertente da guardare e c&#039;\u00e8 sempre qualcosa di nuovo da scoprire! Una cartolina di Natale dolce e originale per grandi e piccini. Questa carta sar\u00e0 conservata dal destinatario per anni per essere esposta ogni Natale.<\/p>\n<p><a href=\"https:\/\/popcards.nl\/it\/categoria\/le-10-cartoline-di-natale-piu-belle\/\">Popcards ha molte pi\u00f9 belle cartoline di Natale pop-up.<\/a><\/p>\n<p>Formato cartoncino 30\u00d715 cm, piegato a 10\u00d715 cm. Con scheda separata per il tuo testo personale.<br \/>\nInclusa busta coordinata, confezionata in un sacchetto di cellophane.<\/p>","protected":false},"excerpt":{"rendered":"<p>Ingevouwen is het een lief compact kaartje met mooie kerstnacht illustraties aan de voor- en achterzijde. En als je het openslaat door het speciale slotje in de vorm van cadeautjes los te maken, dan ontvouwt zich een prachtig kersttafereel in drieluik uitgevoerd. Er is van alles te vinden: de kerstman met zijn trouwe rendier, een [&hellip;]<\/p>\n","protected":false},"featured_media":77632,"comment_status":"open","ping_status":"closed","template":"","meta":{"_iconic_wsb_product_page_order_bump_ids":[[]],"_sku":["4805388557551"],"_iconic_wsb_product_page_bump_modal_ids":[[]]},"product_brand":[],"product_cat":[79],"product_tag":[131],"class_list":{"0":"post-77603","1":"product","2":"type-product","3":"status-publish","4":"has-post-thumbnail","6":"product_cat-de-top-10-mooiste-kerstkaarten","7":"product_tag-kerst","9":"first","10":"instock","11":"sale","12":"taxable","13":"shipping-taxable","14":"purchasable","15":"product-type-simple"},"gallery_images":[77634,77633,78615],"_links":{"self":[{"href":"https:\/\/popcards.nl\/it\/wp-json\/wp\/v2\/product\/77603","targetHints":{"allow":["GET"]}}],"collection":[{"href":"https:\/\/popcards.nl\/it\/wp-json\/wp\/v2\/product"}],"about":[{"href":"https:\/\/popcards.nl\/it\/wp-json\/wp\/v2\/types\/product"}],"replies":[{"embeddable":true,"href":"https:\/\/popcards.nl\/it\/wp-json\/wp\/v2\/comments?post=77603"}],"wp:featuredmedia":[{"embeddable":true,"href":"https:\/\/popcards.nl\/it\/wp-json\/wp\/v2\/media\/77632"}],"wp:attachment":[{"href":"https:\/\/popcards.nl\/it\/wp-json\/wp\/v2\/media?parent=77603"}],"wp:term":[{"taxonomy":"product_brand","embeddable":true,"href":"https:\/\/popcards.nl\/it\/wp-json\/wp\/v2\/product_brand?post=77603"},{"taxonomy":"product_cat","embeddable":true,"href":"https:\/\/popcards.nl\/it\/wp-json\/wp\/v2\/product_cat?post=77603"},{"taxonomy":"product_tag","embeddable":true,"href":"https:\/\/popcards.nl\/it\/wp-json\/wp\/v2\/product_tag?post=77603"}],"curies":[{"name":"parola chiave","href":"https:\/\/api.w.org\/{rel}","templated":true}]}}