{"id":78127,"date":"2024-10-07T21:29:28","date_gmt":"2024-10-07T19:29:28","guid":{"rendered":"https:\/\/popcards.nl\/?post_type=product&#038;p=78127"},"modified":"2026-04-03T13:04:21","modified_gmt":"2026-04-03T11:04:21","slug":"biglietto-di-auguri-con-foro-per-mazza-da-golf-in-un-biglietto-pop-up","status":"publish","type":"product","link":"https:\/\/popcards.nl\/it\/product\/wenskaart-golf-club-hole-in-one-pop-up-kaart\/","title":{"rendered":"Biglietto d&#039;auguri per il golf: biglietto pop-up Hole in One per mazza da golf"},"content":{"rendered":"<p>Questo bellissimo biglietto pop-up di grandi dimensioni mostra un fairway completo, con un giocatore di golf in piedi a met\u00e0 swing, pronto a colpire la palla con precisione. Il dislivello del percorso, il morbido ondulare degli alberi, l&#039;acqua e i bunker come ostacoli, sono tutti incorporati in questo ampio pop-up.<\/p>\n<p>Chiunque giochi a golf pu\u00f2 vincere. Questa \u00e8 la bellezza di questo nobile sport. E cosa c&#039;\u00e8 di pi\u00f9 divertente che ricevere in premio questa tessera da golf? Bella anche come carta di pensionamento per le persone che non vedono l&#039;ora di ritrovare il loro nuovo tempo libero. Il consiglio: attaccate la foto del destinatario al golfista e la tessera diventa subito molto personale. Un vero capocannoniere. L&#039;esterno \u00e8 in cartoncino giallo glitterato su cui \u00e8 incollata un&#039;illustrazione stampata e laserata, che dona un effetto particolare. Sul bigliettino in dotazione c&#039;\u00e8 spazio per i tuoi auguri.<\/p>\n<p>Formato cartoncino grande 30\u00d720 cm, piegato a 15\u00d720 cm. Con scheda separata per il testo. Include busta abbinata chic color crema con chiusura a forma di cuore. Confezionato in sacchetto di cellophane.<\/p>","protected":false},"excerpt":{"rendered":"<p>Deze fraaie grote pop-up kaart toont een complete fairway, met een golfer die midden in een swing staat, klaar om de bal met precisie te slaan. Het niveauverschil van de baan, het zachte wuiven van de bomen, het water en bunkers als hindernis, zijn allemaal verwerkt in deze uitgebreide pop-up. Iedereen die golft kan winnen. [&hellip;]<\/p>\n","protected":false},"featured_media":78064,"comment_status":"open","ping_status":"closed","template":"","meta":{"_iconic_wsb_product_page_order_bump_ids":[[]],"_sku":["4805388558046"],"_iconic_wsb_product_page_bump_modal_ids":[[]]},"product_brand":[],"product_cat":[149,57],"product_tag":[237,150],"class_list":{"0":"post-78127","1":"product","2":"type-product","3":"status-publish","4":"has-post-thumbnail","6":"product_cat-sport-voetballen-fietsen-golfen-wenskaarten","7":"product_cat-uitnodigingen-uitnodigingskaarten-verjaardag-jubileum","8":"product_tag-pensioen","9":"product_tag-sport","11":"first","12":"instock","13":"taxable","14":"shipping-taxable","15":"purchasable","16":"product-type-simple"},"gallery_images":[78063,86436],"_links":{"self":[{"href":"https:\/\/popcards.nl\/it\/wp-json\/wp\/v2\/product\/78127","targetHints":{"allow":["GET"]}}],"collection":[{"href":"https:\/\/popcards.nl\/it\/wp-json\/wp\/v2\/product"}],"about":[{"href":"https:\/\/popcards.nl\/it\/wp-json\/wp\/v2\/types\/product"}],"replies":[{"embeddable":true,"href":"https:\/\/popcards.nl\/it\/wp-json\/wp\/v2\/comments?post=78127"}],"wp:featuredmedia":[{"embeddable":true,"href":"https:\/\/popcards.nl\/it\/wp-json\/wp\/v2\/media\/78064"}],"wp:attachment":[{"href":"https:\/\/popcards.nl\/it\/wp-json\/wp\/v2\/media?parent=78127"}],"wp:term":[{"taxonomy":"product_brand","embeddable":true,"href":"https:\/\/popcards.nl\/it\/wp-json\/wp\/v2\/product_brand?post=78127"},{"taxonomy":"product_cat","embeddable":true,"href":"https:\/\/popcards.nl\/it\/wp-json\/wp\/v2\/product_cat?post=78127"},{"taxonomy":"product_tag","embeddable":true,"href":"https:\/\/popcards.nl\/it\/wp-json\/wp\/v2\/product_tag?post=78127"}],"curies":[{"name":"parola chiave","href":"https:\/\/api.w.org\/{rel}","templated":true}]}}