{"id":78136,"date":"2024-10-07T21:53:22","date_gmt":"2024-10-07T19:53:22","guid":{"rendered":"https:\/\/popcards.nl\/?post_type=product&#038;p=78136"},"modified":"2026-04-15T11:40:00","modified_gmt":"2026-04-15T09:40:00","slug":"biglietto-di-auguri-con-4-quadrifogli-per-speranza-fede-amore-e-fortuna-biglietto-pop-up","status":"publish","type":"product","link":"https:\/\/popcards.nl\/it\/product\/wenskaart-klavertje-4-voor-hoop-geloof-liefde-en-geluk-pop-up-kaart\/","title":{"rendered":"Biglietto d&#039;auguri con 4 quadrifogli per speranza, fede, amore e fortuna"},"content":{"rendered":"<p>Il quadrifoglio \u00e8 il simbolo di fortuna e prosperit\u00e0. Le 4 foglie rappresentano speranza, fede, amore e felicit\u00e0. Ed \u00e8 quello che auguri a tutta la tua famiglia e ai tuoi amici, giusto? E non con un solo quadrifoglio, ma con decine di trifogli contemporaneamente. Tante congratulazioni in 1 Popcard devono diventare realt\u00e0. L&#039;esterno di questo biglietto pop-up \u00e8 di un morbido blu con glitter. Al suo interno, stampato al laser in verde e oro, c&#039;\u00e8 un quadrifoglio e la scritta: BUONA FORTUNA. Questo d\u00e0 un effetto molto speciale. Aprendo il biglietto d&#039;auguri esce un blocco pieno di trifogli, alcune farfalle e la scritta \u201cBuona fortuna\u201d: Buona fortuna! Sulla superficie \u00e8 stampato un cerchio di quadrifogli. Una scena di buon gusto. <a href=\"https:\/\/popcards.nl\/it\/categoria\/biglietti-di-auguri-di-fiori\/\">Abbiamo molte altre bellissime cartoline da giardino e fiori!<\/a><\/p>\n<p><strong>Formato carta grande 30\u00d720 cm<\/strong>, piegato a 15\u00d720 cm. Con scheda separata per il testo. Include busta abbinata chic color crema con chiusura a forma di cuore. Confezionato in sacchetto di cellophane.<\/p>","protected":false},"excerpt":{"rendered":"<p>Het klavertje vier is het symbool voor geluk en voorspoed. De 4 blaadjes staan voor hoop, geloof, liefde en geluk. En dat wens je al je familie en vrienden toch toe? En dan niet met 1 enkel klavertje vier, maar met tientallen klavertjes tegelijk. Zoveel gelukwensen in 1 Popcard moeten wel uitkomen. De buitenkant van [&hellip;]<\/p>\n","protected":false},"featured_media":78062,"comment_status":"open","ping_status":"closed","template":"","meta":{"_iconic_wsb_product_page_order_bump_ids":[[]],"_sku":["8785253683676"],"_iconic_wsb_product_page_bump_modal_ids":[[]]},"product_brand":[],"product_cat":[78,32],"product_tag":[253,252],"class_list":{"0":"post-78136","1":"product","2":"type-product","3":"status-publish","4":"has-post-thumbnail","6":"product_cat-beterschapskaarten-troostkaarten-condoleancekaarten","7":"product_cat-nieuwe-woning-verhuizing-verhuiskaart","8":"product_tag-beterschap","9":"product_tag-troost","11":"first","12":"instock","13":"taxable","14":"shipping-taxable","15":"purchasable","16":"product-type-simple"},"gallery_images":[86438],"_links":{"self":[{"href":"https:\/\/popcards.nl\/it\/wp-json\/wp\/v2\/product\/78136","targetHints":{"allow":["GET"]}}],"collection":[{"href":"https:\/\/popcards.nl\/it\/wp-json\/wp\/v2\/product"}],"about":[{"href":"https:\/\/popcards.nl\/it\/wp-json\/wp\/v2\/types\/product"}],"replies":[{"embeddable":true,"href":"https:\/\/popcards.nl\/it\/wp-json\/wp\/v2\/comments?post=78136"}],"wp:featuredmedia":[{"embeddable":true,"href":"https:\/\/popcards.nl\/it\/wp-json\/wp\/v2\/media\/78062"}],"wp:attachment":[{"href":"https:\/\/popcards.nl\/it\/wp-json\/wp\/v2\/media?parent=78136"}],"wp:term":[{"taxonomy":"product_brand","embeddable":true,"href":"https:\/\/popcards.nl\/it\/wp-json\/wp\/v2\/product_brand?post=78136"},{"taxonomy":"product_cat","embeddable":true,"href":"https:\/\/popcards.nl\/it\/wp-json\/wp\/v2\/product_cat?post=78136"},{"taxonomy":"product_tag","embeddable":true,"href":"https:\/\/popcards.nl\/it\/wp-json\/wp\/v2\/product_tag?post=78136"}],"curies":[{"name":"parola chiave","href":"https:\/\/api.w.org\/{rel}","templated":true}]}}