{"id":78698,"date":"2024-10-20T13:49:14","date_gmt":"2024-10-20T11:49:14","guid":{"rendered":"https:\/\/popcards.nl\/?post_type=product&#038;p=78698"},"modified":"2026-03-18T17:52:53","modified_gmt":"2026-03-18T16:52:53","slug":"generoso-bouquet-indipendente-con-rose-anemoni-e-giacinti-biglietto-pop-up","status":"publish","type":"product","link":"https:\/\/popcards.nl\/it\/product\/boeket-rozen-anemonen-hyacinten-pop-up-kaart\/","title":{"rendered":"Grande bouquet autoportante con biglietto pop-up di rose, anemoni e giacinti"},"content":{"rendered":"<p><span data-mce-type=\"bookmark\" style=\"display: inline-block; width: 0px; overflow: hidden; line-height: 0;\" class=\"mce_SELRES_start\"><\/span>Questo esclusivo biglietto pop-up floreale \u00e8 diverso dai nostri soliti biglietti pop-up ed \u00e8 davvero sorprendente. Questo biglietto pop-up presenta un vaso tridimensionale, autoportante, di colore blu Delft lucido con motivi orientali stampati in rilievo, che contiene un bouquet di fiori incredibilmente grande. Ricco di splendidi fiori, come rose, anemoni e giacinti splendidamente fioriti. Il bouquet \u00e8 anche completamente tridimensionale, permettendo di ammirarlo da tutti i lati. Questo crea un effetto meraviglioso e il destinatario rimarr\u00e0 stupito che un bouquet cos\u00ec grande e rotondo possa entrare in una busta piatta. Il destinatario pu\u00f2 facilmente aprire il bouquet spingendo i lati. Una volta aperto, il biglietto \u00e8 completamente libero, robusto e indipendente.<\/p>\n<p>In allegato c&#039;\u00e8 un biglietto separato su cui puoi scrivere un messaggio per il fortunato destinatario. E un&#039;elegante busta regalo trasparente opaca con la scritta &quot;Best Wishes&quot; e una rosa stampata in oro. Un regalo bello e completo da regalare. Ditelo con i fiori! <a href=\"https:\/\/popcards.nl\/it\/categoria\/biglietti-di-auguri-di-fiori\/\">Abbiamo molte altre carte pop-up floreali.<\/a><\/p>\n<p><strong>Formato carta grande<\/strong>, piatto alto 23 cm, largo 19 cm, diametro aperto 15 cm, 69 grammi.<br \/>\nInclude busta trasparente opaca abbinata. Confezionato in sacchetto di cellophane.<\/p>","protected":false},"excerpt":{"rendered":"<p>\ufeffDeze bijzondere pop-up bloemenkaart is anders uitgevoerd dan onze gebruikelijke Popcards, en heel verrassend. Deze pop-up kaart bestaat uit een driedimensionale vrijstaande glanzende Delfts blauwe vaas met in reli\u00ebf oosterse motieven, waarin een imponerende grote bos bloemen staat. Vol met fraaie bloemen, zoals rozen, anemonen en prachtig bloeiende hyacinten. Ook het boeket bloemen is volledig [&hellip;]<\/p>\n","protected":false},"featured_media":78688,"comment_status":"open","ping_status":"closed","template":"","meta":{"_iconic_wsb_product_page_order_bump_ids":[[]],"_sku":["8785253683645"],"_iconic_wsb_product_page_bump_modal_ids":[[]]},"product_brand":[],"product_cat":[47],"product_tag":[287],"class_list":{"0":"post-78698","1":"product","2":"type-product","3":"status-publish","4":"has-post-thumbnail","6":"product_cat-bloemen-bloemenkaarten-wenskaarten","7":"product_tag-grote-pop-up-kaart","9":"first","10":"instock","11":"taxable","12":"shipping-taxable","13":"purchasable","14":"product-type-simple"},"gallery_images":[94176],"_links":{"self":[{"href":"https:\/\/popcards.nl\/it\/wp-json\/wp\/v2\/product\/78698","targetHints":{"allow":["GET"]}}],"collection":[{"href":"https:\/\/popcards.nl\/it\/wp-json\/wp\/v2\/product"}],"about":[{"href":"https:\/\/popcards.nl\/it\/wp-json\/wp\/v2\/types\/product"}],"replies":[{"embeddable":true,"href":"https:\/\/popcards.nl\/it\/wp-json\/wp\/v2\/comments?post=78698"}],"wp:featuredmedia":[{"embeddable":true,"href":"https:\/\/popcards.nl\/it\/wp-json\/wp\/v2\/media\/78688"}],"wp:attachment":[{"href":"https:\/\/popcards.nl\/it\/wp-json\/wp\/v2\/media?parent=78698"}],"wp:term":[{"taxonomy":"product_brand","embeddable":true,"href":"https:\/\/popcards.nl\/it\/wp-json\/wp\/v2\/product_brand?post=78698"},{"taxonomy":"product_cat","embeddable":true,"href":"https:\/\/popcards.nl\/it\/wp-json\/wp\/v2\/product_cat?post=78698"},{"taxonomy":"product_tag","embeddable":true,"href":"https:\/\/popcards.nl\/it\/wp-json\/wp\/v2\/product_tag?post=78698"}],"curies":[{"name":"parola chiave","href":"https:\/\/api.w.org\/{rel}","templated":true}]}}