{"id":83458,"date":"2025-01-21T21:06:50","date_gmt":"2025-01-21T20:06:50","guid":{"rendered":"https:\/\/popcards.nl\/?post_type=product&#038;p=83458"},"modified":"2026-04-29T16:00:44","modified_gmt":"2026-04-29T14:00:44","slug":"biglietto-pop-up-con-albero-del-tempio-di-frangipani-plumeria","status":"publish","type":"product","link":"https:\/\/popcards.nl\/it\/product\/frangipani-plumeria-tempelboom-pop-up-kaart\/","title":{"rendered":"Biglietto d&#039;auguri pop-up Frangipani Plumeria Temple Tree rosa"},"content":{"rendered":"<p>Che speciale biglietto pop-up raffigurante un albero in fiore con fiori rosa! Non molte persone in Europa conosceranno questo albero del tempio del frangipani. \u00c8 originario delle parti pi\u00f9 calde dell&#039;America (Giamaica, Guatemala, Messico) ed \u00e8 stato introdotto in India secoli fa.<\/p>\n<p>L&#039;albero del tempio \u00e8 uno degli alberi pi\u00f9 sacri dell&#039;induismo ed \u00e8 spesso piantato nei templi. I fiori dell&#039;albero vengono offerti agli dei. L&#039;albero \u00e8 sacro a Kamadeva, il Dio dell&#039;Amore. Ecco perch\u00e9 in India il Frangipani, soprattutto la variet\u00e0 rosa, \u00e8 simbolo di amore e affetto.<\/p>\n<p>I fiori profumati vengono spesso regalati per esprimere sentimenti romantici o per mostrare apprezzamento per qualcuno di speciale. Ma per quanto ci riguarda, puoi regalare questa Popcard a chiunque apprezzi una bella carta floreale con un sorprendente pop-up. Come il tuo partner, i tuoi genitori, i tuoi amici o, naturalmente, la persona amata.<\/p>\n<p>Formato carta 30 \u00d7 20 cm, piegato a 15 \u00d7 20 cm.<br \/>\nInclusa busta coordinata, confezionata in un sacchetto di cellophane.<\/p>","protected":false},"excerpt":{"rendered":"<p>Wat een bijzondere pop-up kaart van een bloeiende boom met roze bloesems! Niet veel mensen binnen Europa zullen deze Frangipani Tempelboom kennen. Hij komt oorspronkelijk uit de warmere delen van Amerika ( Jamaica, Guatemala, Mexico) en werd eeuwen geleden in India ge\u00efntroduceerd. De Tempelboom is een van de heiligste bomen binnen het Hindoe\u00efsme en wordt [&hellip;]<\/p>\n","protected":false},"featured_media":83905,"comment_status":"open","ping_status":"closed","template":"","meta":{"_iconic_wsb_product_page_order_bump_ids":[[]],"_sku":["8785253682754"],"_iconic_wsb_product_page_bump_modal_ids":[[]]},"product_brand":[],"product_cat":[47],"product_tag":[238],"class_list":{"0":"post-83458","1":"product","2":"type-product","3":"status-publish","4":"has-post-thumbnail","6":"product_cat-bloemen-bloemenkaarten-wenskaarten","7":"product_tag-sakura","9":"first","10":"instock","11":"sale","12":"taxable","13":"shipping-taxable","14":"purchasable","15":"product-type-simple"},"gallery_images":[83682],"_links":{"self":[{"href":"https:\/\/popcards.nl\/it\/wp-json\/wp\/v2\/product\/83458","targetHints":{"allow":["GET"]}}],"collection":[{"href":"https:\/\/popcards.nl\/it\/wp-json\/wp\/v2\/product"}],"about":[{"href":"https:\/\/popcards.nl\/it\/wp-json\/wp\/v2\/types\/product"}],"replies":[{"embeddable":true,"href":"https:\/\/popcards.nl\/it\/wp-json\/wp\/v2\/comments?post=83458"}],"wp:featuredmedia":[{"embeddable":true,"href":"https:\/\/popcards.nl\/it\/wp-json\/wp\/v2\/media\/83905"}],"wp:attachment":[{"href":"https:\/\/popcards.nl\/it\/wp-json\/wp\/v2\/media?parent=83458"}],"wp:term":[{"taxonomy":"product_brand","embeddable":true,"href":"https:\/\/popcards.nl\/it\/wp-json\/wp\/v2\/product_brand?post=83458"},{"taxonomy":"product_cat","embeddable":true,"href":"https:\/\/popcards.nl\/it\/wp-json\/wp\/v2\/product_cat?post=83458"},{"taxonomy":"product_tag","embeddable":true,"href":"https:\/\/popcards.nl\/it\/wp-json\/wp\/v2\/product_tag?post=83458"}],"curies":[{"name":"parola chiave","href":"https:\/\/api.w.org\/{rel}","templated":true}]}}