{"id":83516,"date":"2025-01-22T21:17:56","date_gmt":"2025-01-22T20:17:56","guid":{"rendered":"https:\/\/popcards.nl\/?post_type=product&#038;p=83516"},"modified":"2026-04-28T14:12:30","modified_gmt":"2026-04-28T12:12:30","slug":"carta-pop-up-funghi-lumaca-colori-autunnali-2","status":"publish","type":"product","link":"https:\/\/popcards.nl\/it\/product\/pop-up-kaart-paddenstoelen-slak-herstkleuren\/","title":{"rendered":"Bellissimo biglietto pop-up Funghi con lumaca nei colori autunnali | Biglietto d&#039;auguri autunnale"},"content":{"rendered":"<p>Questo biglietto pop-up con funghi mostra una bellissima illustrazione di diversi funghi sul davanti arancione opaco. Questa illustrazione delicatamente lucida \u00e8 profondamente intarsiata nello sfondo arancione opaco, che dona un effetto sorprendente. Quando apri la Popcard, su una corona di funghi e foglie si apre una bellissima composizione di 3 agarichi volanti con una orgogliosa lumaca. Lo sfondo \u00e8 stampato con funghi e foglie in colori coordinati. Una scena completa per l&#039;autunno e un biglietto di auguri meravigliosamente bello che fa davvero impressione!<\/p>\n<p>L&#039;agarico muscario \u00e8 uno dei funghi pi\u00f9 belli e sicuramente pi\u00f9 famosi. Crescono principalmente nella foresta, nelle foreste decidue, ma puoi anche trovare questo fungo nell&#039;erba all&#039;ombra di un grande albero. Durante una bella passeggiata nel bosco, per esempio. Soprattutto sotto betulla, pino, quercia o faggio su terreno acido. L&#039;Amanita Muscaria o Fly Agaric \u00e8 cos\u00ec chiamata perch\u00e9 gli allevatori mescolavano le scaglie bianche velenose del fungo con acqua e usavano la miscela per eliminare le mosche nella stalla. Le lumache \u2013 sia le lumache che le lumache normali \u2013 amano mangiare i funghi, incluso questo agarico volante. Inoltre, questo fungo piace a topi, conigli, scoiattoli e insetti come gli scarafaggi. L&#039;agarico muscario \u00e8 meno adatto al consumo umano. L&#039;agarico muscario \u00e8 stato dichiarato Fungo dell&#039;anno nel 2022.<\/p>\n<p>Dimensioni del biglietto 26 \u00d7 18 cm, piegato a 13 \u00d7 18 cm.<br \/>\nInclusa busta coordinata, confezionata in un sacchetto di cellophane.<\/p>","protected":false},"excerpt":{"rendered":"<p>Deze paddenstoel pop-up kaart toont op de mat oranje voorzijde een prachtige illustratie van verschillende paddenstoelen. Deze zacht glanzende illustratie is verdiept ingelegd in de matte oranje ondergrond, wat een verrassend effect geeft. Als je de Popcard openslaat ontvouwt zich op een krans van bospaddenstoelen en bladeren een prachtige compositie van 3 vliegenzwammen met trotse [&hellip;]<\/p>\n","protected":false},"featured_media":83095,"comment_status":"open","ping_status":"closed","template":"","meta":{"_iconic_wsb_product_page_order_bump_ids":[[]],"_sku":["8785253684659"],"_iconic_wsb_product_page_bump_modal_ids":[[]]},"product_brand":[],"product_cat":[21,47],"product_tag":[48],"class_list":{"0":"post-83516","1":"product","2":"type-product","3":"status-publish","4":"has-post-thumbnail","6":"product_cat-dieren-dierenkaarten-wenskaarten","7":"product_cat-bloemen-bloemenkaarten-wenskaarten","8":"product_tag-bloemen","10":"first","11":"instock","12":"taxable","13":"shipping-taxable","14":"purchasable","15":"product-type-simple"},"gallery_images":[85952],"_links":{"self":[{"href":"https:\/\/popcards.nl\/it\/wp-json\/wp\/v2\/product\/83516","targetHints":{"allow":["GET"]}}],"collection":[{"href":"https:\/\/popcards.nl\/it\/wp-json\/wp\/v2\/product"}],"about":[{"href":"https:\/\/popcards.nl\/it\/wp-json\/wp\/v2\/types\/product"}],"replies":[{"embeddable":true,"href":"https:\/\/popcards.nl\/it\/wp-json\/wp\/v2\/comments?post=83516"}],"wp:featuredmedia":[{"embeddable":true,"href":"https:\/\/popcards.nl\/it\/wp-json\/wp\/v2\/media\/83095"}],"wp:attachment":[{"href":"https:\/\/popcards.nl\/it\/wp-json\/wp\/v2\/media?parent=83516"}],"wp:term":[{"taxonomy":"product_brand","embeddable":true,"href":"https:\/\/popcards.nl\/it\/wp-json\/wp\/v2\/product_brand?post=83516"},{"taxonomy":"product_cat","embeddable":true,"href":"https:\/\/popcards.nl\/it\/wp-json\/wp\/v2\/product_cat?post=83516"},{"taxonomy":"product_tag","embeddable":true,"href":"https:\/\/popcards.nl\/it\/wp-json\/wp\/v2\/product_tag?post=83516"}],"curies":[{"name":"parola chiave","href":"https:\/\/api.w.org\/{rel}","templated":true}]}}