{"id":89939,"date":"2025-07-03T16:32:50","date_gmt":"2025-07-03T14:32:50","guid":{"rendered":"https:\/\/popcards.nl\/?post_type=product&#038;p=89939"},"modified":"2026-03-25T19:00:38","modified_gmt":"2026-03-25T18:00:38","slug":"biglietto-pop-up-con-palloncini-fiori-e-bici","status":"publish","type":"product","link":"https:\/\/popcards.nl\/it\/product\/stoere-fiets-bloemen-ballonnen-pop-up-kaart\/","title":{"rendered":"Biglietto d&#039;auguri pop-up con bicicletta piena di fiori e palloncini"},"content":{"rendered":"<p>Il fronte verde menta presenta l&#039;illustrazione di una bicicletta, incisa al laser e incollata. Questo crea un effetto speciale. Il pop-up \u00e8 una fantastica bicicletta verde, completamente decorata con fiori. Un cesto di fiori sul davanti, due borse da bicicletta sul retro e persino il manubrio \u00e8 ricoperto di fiori. Anche lo sfondo presenta una bordatura piena di fiori. Che splendore floreale! Questo biglietto \u00e8 adatto a tutte le occasioni, dai compleanni ai ringraziamenti, alla Festa della Mamma e molto altro. Con i suoi colori vivaci e i numerosi dettagli, questo biglietto \u00e8 un regalo che non mancher\u00e0 di stupire. E con i palloncini, \u00e8 anche un biglietto d&#039;auguri davvero festoso!<\/p>\n<p><a href=\"https:\/\/popcards.nl\/it\/product\/biglietto-pop-up-per-bici-con-fiori-splendidamente-decorato\/\">Popcards.nl propone cartoline floreali con biciclette ancora pi\u00f9 belle.<\/a><\/p>\n<p>Formato carta 30 \u00d7 20 cm, piegato a 15 \u00d7 20 cm.<br \/>\nInclusa busta coordinata, confezionata in un sacchetto di cellophane.<\/p>","protected":false},"excerpt":{"rendered":"<p>De mintgroene voorkant bevat een illustratie van een fiets die is gelaserd en opgeplakt. Dat geeft een bijzonder effect. De pop-up\u00a0 is een stoere groene fiets die helemaal met bloemen is versierd. Een bloemenmandje voorop, twee fietstassen achterop en zelfs de stang is met bloemen omwikkeld. Ook de ondergrond heeft een rand vol bloemen. Wat [&hellip;]<\/p>\n","protected":false},"featured_media":89426,"comment_status":"open","ping_status":"closed","template":"","meta":{"_iconic_wsb_product_page_order_bump_ids":[[]],"_sku":["4805388555922"],"_iconic_wsb_product_page_bump_modal_ids":[[]]},"product_brand":[],"product_cat":[34,47,17],"product_tag":[109,137],"class_list":{"0":"post-89939","1":"product","2":"type-product","3":"status-publish","4":"has-post-thumbnail","6":"product_cat-felicitatie-verjaardag-verjaardagskaarten","7":"product_cat-bloemen-bloemenkaarten-wenskaarten","8":"product_cat-voertuigen-schip-trein-vliegtuig-auto-fiets","9":"product_tag-fiets","10":"product_tag-verjaardag","12":"first","13":"instock","14":"taxable","15":"shipping-taxable","16":"purchasable","17":"product-type-simple"},"gallery_images":[89425,93739],"_links":{"self":[{"href":"https:\/\/popcards.nl\/it\/wp-json\/wp\/v2\/product\/89939","targetHints":{"allow":["GET"]}}],"collection":[{"href":"https:\/\/popcards.nl\/it\/wp-json\/wp\/v2\/product"}],"about":[{"href":"https:\/\/popcards.nl\/it\/wp-json\/wp\/v2\/types\/product"}],"replies":[{"embeddable":true,"href":"https:\/\/popcards.nl\/it\/wp-json\/wp\/v2\/comments?post=89939"}],"wp:featuredmedia":[{"embeddable":true,"href":"https:\/\/popcards.nl\/it\/wp-json\/wp\/v2\/media\/89426"}],"wp:attachment":[{"href":"https:\/\/popcards.nl\/it\/wp-json\/wp\/v2\/media?parent=89939"}],"wp:term":[{"taxonomy":"product_brand","embeddable":true,"href":"https:\/\/popcards.nl\/it\/wp-json\/wp\/v2\/product_brand?post=89939"},{"taxonomy":"product_cat","embeddable":true,"href":"https:\/\/popcards.nl\/it\/wp-json\/wp\/v2\/product_cat?post=89939"},{"taxonomy":"product_tag","embeddable":true,"href":"https:\/\/popcards.nl\/it\/wp-json\/wp\/v2\/product_tag?post=89939"}],"curies":[{"name":"parola chiave","href":"https:\/\/api.w.org\/{rel}","templated":true}]}}