{"id":90000,"date":"2025-07-04T17:17:22","date_gmt":"2025-07-04T15:17:22","guid":{"rendered":"https:\/\/popcards.nl\/?post_type=product&#038;p=90000"},"modified":"2026-05-04T09:43:51","modified_gmt":"2026-05-04T07:43:51","slug":"biglietto-di-auguri-pop-up-con-tulipani-colorati-e-campo-di-tulipani","status":"publish","type":"product","link":"https:\/\/popcards.nl\/it\/product\/tulpenveld-kleurrijke-tulpen-pop-up-wenskaart\/","title":{"rendered":"Biglietto pop-up con grande campo di tulipani pieno di tulipani colorati"},"content":{"rendered":"<p>Che bella cartolina pop-up completa! Davvero impressionante, cos\u00ec tanti tulipani, con dettagli raffinatissimi.<\/p>\n<p>Questa grande Popcard presenta una splendida illustrazione di tulipani e farfalle sul fronte. Aprendo la cartolina pop-up, si apre un campo di decine di tulipani dai colori vivaci. Le farfalle donano un effetto sorprendente al campo di tulipani. Anche lo sfondo \u00e8 decorato con tulipani. I tulipani formano una composizione colorata in cui c&#039;\u00e8 molto da scoprire. Questa cartolina 3D d\u00e0 vita a un&#039;esplosione di colori e forme, e ogni tulipano, con la sua tonalit\u00e0 e forma uniche, racconta la sua storia. A ogni tulipano \u00e8 stato assegnato con cura il suo colore, le sue dimensioni e la sua posizione. Ci sono tulipani rosso acceso, esemplari rosa tenue, fiori giallo sole e persino tulipani viola intenso o bianchi che catturano l&#039;attenzione. Chi riceve questa cartolina d&#039;auguri avr\u00e0 la sensazione di entrare in un campo pieno di fiori primaverili, indipendentemente dalla stagione.<\/p>\n<p>Questo biglietto pop-up con diversi tulipani non \u00e8 solo una gioia per gli occhi, ma anche un regalo scelto con cura. Che si tratti di un compleanno, un anniversario, un ringraziamento o semplicemente un gesto di affetto, il biglietto porta con s\u00e9 un messaggio di speranza, amore e solidariet\u00e0.<\/p>\n<p><strong>In questa cartolina pop-up con tanti tulipani diversi, ogni tonalit\u00e0 \u00e8 significativa<\/strong><br \/>\n\u00b7 Rosso: Amore appassionato e romanticismo<br \/>\n\u00b7 Giallo: Amicizia, allegria e sole<br \/>\n\u00b7 Rosa: Tenerezza, felicit\u00e0 e ammirazione<br \/>\n\u00b7 Bianco: Purezza, perdono e nuove opportunit\u00e0<br \/>\n\u00b7 Viola: regalit\u00e0, ammirazione e dignit\u00e0<\/p>\n<p><strong>Grande<\/strong> formato tessera 30 \u00d7 20 cm, piegato a 15 \u00d7 20 cm.<br \/>\nInclusa busta coordinata, confezionata in un sacchetto di cellophane.<\/p>","protected":false},"excerpt":{"rendered":"<p>Wat een fraaie volle pop-up kaart is dit! Echt heel erg indrukwekkend zoveel tulpen, met heel verfijnde details. Deze grote Popcard toont op de voorzijde een fraaie illustratie van tulpen en vlinders. Als je de pop-up kaart openslaat ontvouwt zich een veld van tientallen tulpen in prachtige bonte kleuren. De vlindertjes geven een verrassend effect [&hellip;]<\/p>\n","protected":false},"featured_media":90104,"comment_status":"open","ping_status":"closed","template":"","meta":{"_iconic_wsb_product_page_order_bump_ids":[[]],"_sku":["4805388547897"],"_iconic_wsb_product_page_bump_modal_ids":[[]]},"product_brand":[],"product_cat":[47],"product_tag":[],"class_list":{"0":"post-90000","1":"product","2":"type-product","3":"status-publish","4":"has-post-thumbnail","6":"product_cat-bloemen-bloemenkaarten-wenskaarten","8":"first","9":"instock","10":"taxable","11":"shipping-taxable","12":"purchasable","13":"product-type-simple"},"gallery_images":[90001,93735],"_links":{"self":[{"href":"https:\/\/popcards.nl\/it\/wp-json\/wp\/v2\/product\/90000","targetHints":{"allow":["GET"]}}],"collection":[{"href":"https:\/\/popcards.nl\/it\/wp-json\/wp\/v2\/product"}],"about":[{"href":"https:\/\/popcards.nl\/it\/wp-json\/wp\/v2\/types\/product"}],"replies":[{"embeddable":true,"href":"https:\/\/popcards.nl\/it\/wp-json\/wp\/v2\/comments?post=90000"}],"wp:featuredmedia":[{"embeddable":true,"href":"https:\/\/popcards.nl\/it\/wp-json\/wp\/v2\/media\/90104"}],"wp:attachment":[{"href":"https:\/\/popcards.nl\/it\/wp-json\/wp\/v2\/media?parent=90000"}],"wp:term":[{"taxonomy":"product_brand","embeddable":true,"href":"https:\/\/popcards.nl\/it\/wp-json\/wp\/v2\/product_brand?post=90000"},{"taxonomy":"product_cat","embeddable":true,"href":"https:\/\/popcards.nl\/it\/wp-json\/wp\/v2\/product_cat?post=90000"},{"taxonomy":"product_tag","embeddable":true,"href":"https:\/\/popcards.nl\/it\/wp-json\/wp\/v2\/product_tag?post=90000"}],"curies":[{"name":"parola chiave","href":"https:\/\/api.w.org\/{rel}","templated":true}]}}