{"id":90342,"date":"2025-07-10T21:45:08","date_gmt":"2025-07-10T19:45:08","guid":{"rendered":"https:\/\/popcards.nl\/?post_type=product&#038;p=90342"},"modified":"2026-03-17T12:03:35","modified_gmt":"2026-03-17T11:03:35","slug":"presepe-di-betlemme-giuseppe-maria-gesu-biglietto-di-natale","status":"publish","type":"product","link":"https:\/\/popcards.nl\/it\/product\/kerststal-bethlehem-jozef-maria-jezus-kerstkaart\/","title":{"rendered":"Biglietto natalizio pop-up con scena della Nativit\u00e0 di Betlemme con Giuseppe, Maria, Ges\u00f9 Bambino e i Re Magi"},"content":{"rendered":"<p>Questo Natale, regala a familiari e amici un&#039;esperienza indimenticabile con la nostra suggestiva rappresentazione 3D del classico presepe. Non appena il destinatario apre il biglietto, si apre una scena scintillante, con tutti gli amati personaggi della storia di Natale. Questo biglietto pop-up \u00e8 pi\u00f9 di un semplice biglietto d&#039;auguri: \u00e8 una piccola opera d&#039;arte che irradia calore, amore e la magia del Natale. Al centro del biglietto brillano Giuseppe, Maria e il bambino Ges\u00f9, amorevolmente protetti da due angeli e dallo sguardo ammirato dei Re Magi. Anche gli animali fedeli e la sagoma di Betlemme sono presenti, completando la scena. Questo presepe 3D salta letteralmente fuori dal biglietto ed \u00e8 perfetto per una mensola del camino, un tavolo o un davanzale. Scegli un augurio di Natale che faccia la differenza quest&#039;anno. Condividi la magia della storia di Natale, avvolto in questa esperienza 3D unica!<\/p>\n<p><strong>Perfetto come regalo o come speciale augurio di Natale per posta<\/strong><br \/>\nIl fronte di questo biglietto natalizio \u00e8 di un blu intenso, con una splendida illustrazione di Giuseppe, Maria, Ges\u00f9 bambino, due angeli e la stella di Natale. Aprendo il biglietto, tutto prende vita e la scena cattura con riverenza la sacra notte di Natale. Questo biglietto natalizio \u00e8 pi\u00f9 di un semplice augurio. \u00c8 un promemoria del vero significato del Natale: una celebrazione dell&#039;amore, della speranza e del dono di un nuovo inizio. Un biglietto davvero suggestivo che il destinatario conserver\u00e0 per anni a venire e mostrer\u00e0 ripetutamente ogni Natale. <a href=\"https:\/\/popcards.nl\/it\/categoria\/le-10-cartoline-di-natale-piu-belle\/\">Popcards ha molte pi\u00f9 belle cartoline di Natale pop-up.<\/a><\/p>\n<p>Biglietto grande formato 30 \u00d7 20 cm, piegato a 15 \u00d7 20 cm.<br \/>\nInclusa busta coordinata, confezionata in un sacchetto di cellophane.<\/p>","protected":false},"excerpt":{"rendered":"<p>Stuur deze kerst uw familie en vrienden een onvergetelijke belevenis met onze sfeervolle 3D weergave van de klassieke kerststal. Zodra de ontvanger de kaart opent, ontvouwt zich een sprankelend tafereel met alle geliefde figuren uit het kerstverhaal. Deze pop-up kaart is meer dan een wenskaart; het is een klein kunstwerk dat warmte, liefde en de [&hellip;]<\/p>\n","protected":false},"featured_media":90236,"comment_status":"open","ping_status":"closed","template":"","meta":{"_iconic_wsb_product_page_order_bump_ids":[[]],"_sku":["4805388559005"],"_iconic_wsb_product_page_bump_modal_ids":[[]]},"product_brand":[],"product_cat":[79],"product_tag":[131],"class_list":{"0":"post-90342","1":"product","2":"type-product","3":"status-publish","4":"has-post-thumbnail","6":"product_cat-de-top-10-mooiste-kerstkaarten","7":"product_tag-kerst","9":"first","10":"instock","11":"taxable","12":"shipping-taxable","13":"purchasable","14":"product-type-simple"},"gallery_images":[90235,90236,90344,93715],"_links":{"self":[{"href":"https:\/\/popcards.nl\/it\/wp-json\/wp\/v2\/product\/90342","targetHints":{"allow":["GET"]}}],"collection":[{"href":"https:\/\/popcards.nl\/it\/wp-json\/wp\/v2\/product"}],"about":[{"href":"https:\/\/popcards.nl\/it\/wp-json\/wp\/v2\/types\/product"}],"replies":[{"embeddable":true,"href":"https:\/\/popcards.nl\/it\/wp-json\/wp\/v2\/comments?post=90342"}],"wp:featuredmedia":[{"embeddable":true,"href":"https:\/\/popcards.nl\/it\/wp-json\/wp\/v2\/media\/90236"}],"wp:attachment":[{"href":"https:\/\/popcards.nl\/it\/wp-json\/wp\/v2\/media?parent=90342"}],"wp:term":[{"taxonomy":"product_brand","embeddable":true,"href":"https:\/\/popcards.nl\/it\/wp-json\/wp\/v2\/product_brand?post=90342"},{"taxonomy":"product_cat","embeddable":true,"href":"https:\/\/popcards.nl\/it\/wp-json\/wp\/v2\/product_cat?post=90342"},{"taxonomy":"product_tag","embeddable":true,"href":"https:\/\/popcards.nl\/it\/wp-json\/wp\/v2\/product_tag?post=90342"}],"curies":[{"name":"parola chiave","href":"https:\/\/api.w.org\/{rel}","templated":true}]}}