{"id":90349,"date":"2025-07-10T22:34:57","date_gmt":"2025-07-10T20:34:57","guid":{"rendered":"https:\/\/popcards.nl\/?post_type=product&#038;p=90349"},"modified":"2026-03-17T12:03:13","modified_gmt":"2026-03-17T11:03:13","slug":"biglietto-di-natale-con-albero-di-natale-pop-up-di-grandi-dimensioni","status":"publish","type":"product","link":"https:\/\/popcards.nl\/it\/product\/kerstkaart-grote-kerstboom-pop-up-kaart\/","title":{"rendered":"Biglietto di Natale con albero di Natale decorato e regali, grande, pop-up card"},"content":{"rendered":"<p>Questo esclusivo albero di Natale pop-up \u00e8 progettato in modo diverso dalle nostre solite Popcard. \u00c8 un albero tridimensionale, indipendente, pieno di bellissime decorazioni natalizie, palline e una stella dorata in cima. L&#039;albero \u00e8 completamente tridimensionale, permettendo di vederlo da tutti i lati. Questo crea un effetto fantastico e il destinatario rimarr\u00e0 stupito che un pop-up cos\u00ec grande possa stare in una busta piatta. Una volta aperto, l&#039;albero \u00e8 completamente libero, robusto e indipendente nella stanza.<\/p>\n<p>\u00c8 incluso un biglietto separato su cui scrivere un messaggio per il fortunato destinatario. \u00c8 inclusa anche un&#039;elegante busta color oro per spedire l&#039;albero. Un regalo bellissimo e completo. <a href=\"https:\/\/popcards.nl\/it\/categoria\/le-10-cartoline-di-natale-piu-belle\/\">Popcards ha molte pi\u00f9 belle cartoline di Natale pop-up.<\/a><\/p>\n<p><strong>Formato carta grande<\/strong>, piatto 23 cm di altezza, 19 cm di larghezza, diametro aperto 15 cm.<br \/>\nInclusa busta color oro coordinata. Confezionato in un sacchetto di cellophane.<\/p>","protected":false},"excerpt":{"rendered":"<p>Deze bijzondere pop-up kerstboom is anders uitgevoerd dan onze gebruikelijke Popcards. De pop-up bestaat uit een driedimensionale vrijstaande kerstboom. Vol met fraaie kerstversieringen, kerstballen en een gouden ster in de top. De kerstboom is volledig driedimensionaal, je kunt er rondom van alle kanten naar kijken. Dat geeft een geweldig effect en de ontvanger zal zich [&hellip;]<\/p>\n","protected":false},"featured_media":90243,"comment_status":"open","ping_status":"closed","template":"","meta":{"_iconic_wsb_product_page_order_bump_ids":[[]],"_sku":["4805388550002"],"_iconic_wsb_product_page_bump_modal_ids":[[]]},"product_brand":[],"product_cat":[79],"product_tag":[131],"class_list":{"0":"post-90349","1":"product","2":"type-product","3":"status-publish","4":"has-post-thumbnail","6":"product_cat-de-top-10-mooiste-kerstkaarten","7":"product_tag-kerst","9":"first","10":"instock","11":"taxable","12":"shipping-taxable","13":"purchasable","14":"product-type-simple"},"gallery_images":[93713],"_links":{"self":[{"href":"https:\/\/popcards.nl\/it\/wp-json\/wp\/v2\/product\/90349","targetHints":{"allow":["GET"]}}],"collection":[{"href":"https:\/\/popcards.nl\/it\/wp-json\/wp\/v2\/product"}],"about":[{"href":"https:\/\/popcards.nl\/it\/wp-json\/wp\/v2\/types\/product"}],"replies":[{"embeddable":true,"href":"https:\/\/popcards.nl\/it\/wp-json\/wp\/v2\/comments?post=90349"}],"wp:featuredmedia":[{"embeddable":true,"href":"https:\/\/popcards.nl\/it\/wp-json\/wp\/v2\/media\/90243"}],"wp:attachment":[{"href":"https:\/\/popcards.nl\/it\/wp-json\/wp\/v2\/media?parent=90349"}],"wp:term":[{"taxonomy":"product_brand","embeddable":true,"href":"https:\/\/popcards.nl\/it\/wp-json\/wp\/v2\/product_brand?post=90349"},{"taxonomy":"product_cat","embeddable":true,"href":"https:\/\/popcards.nl\/it\/wp-json\/wp\/v2\/product_cat?post=90349"},{"taxonomy":"product_tag","embeddable":true,"href":"https:\/\/popcards.nl\/it\/wp-json\/wp\/v2\/product_tag?post=90349"}],"curies":[{"name":"parola chiave","href":"https:\/\/api.w.org\/{rel}","templated":true}]}}