{"id":91355,"date":"2025-08-12T13:10:39","date_gmt":"2025-08-12T11:10:39","guid":{"rendered":"https:\/\/popcards.nl\/?post_type=product&#038;p=91355"},"modified":"2026-03-15T12:29:46","modified_gmt":"2026-03-15T11:29:46","slug":"bouquet-di-biglietti-di-natale-3d-simboli-natalizi-vaso-di-natale","status":"publish","type":"product","link":"https:\/\/popcards.nl\/it\/product\/3d-kerstkaart-boeket-kerstsymbolen-kerstvaas\/","title":{"rendered":"Biglietto di Natale 3D unico e allegro | Bouquet pieno di simboli natalizi in un vaso natalizio"},"content":{"rendered":"<p>Questo esclusivo biglietto pop-up floreale \u00e8 diverso dai nostri soliti Popcard e piuttosto sorprendente. Presenta un vaso tridimensionale autoportante decorato con stelle natalizie e Babbo Natale, che sorregge un bouquet incredibilmente grande, ricco di simboli natalizi. Il bouquet \u00e8 completamente tridimensionale, permettendo di ammirarlo da tutti i lati. Questo crea un effetto meraviglioso e il destinatario rimarr\u00e0 stupito che un bouquet cos\u00ec grande e rotondo possa stare in una busta piatta. Una volta aperto, il bouquet \u00e8 completamente libero, robusto e autoportante. Questo \u00e8 un biglietto di Natale, ma anche un biglietto da visita!<\/p>\n<p>\u00c8 incluso un biglietto separato, su cui \u00e8 possibile scrivere un messaggio per il fortunato destinatario. Un bellissimo e completo bouquet natalizio da regalare. O da tenere per s\u00e9. <a href=\"https:\/\/popcards.nl\/it\/categoria\/le-10-cartoline-di-natale-piu-belle\/\">Abbiamo molti altri biglietti pop-up natalizi.<\/a><\/p>\n<p><strong>Formato carta grande<\/strong>, piatto 23 cm di altezza, 22 cm di larghezza, diametro aperto 20 cm.<br \/>\nInclusa busta color oro coordinata. Confezionato in un sacchetto di cellophane.<\/p>","protected":false},"excerpt":{"rendered":"<p>Deze bijzondere pop-up bloemenkaart is anders uitgevoerd dan onze gebruikelijke Popcards, en heel verrassend. Deze pop-up kaart bestaat uit een driedimensionale vrijstaande, met kerststerren en kerstman gedecoreerde vaas, waarin een imponerend groot boeket vol kerstsymbolen staat. Dit boeket is volledig driedimensionaal, je kunt er rondom van alle kanten naar kijken. Dat geeft een geweldig effect [&hellip;]<\/p>\n","protected":false},"featured_media":91356,"comment_status":"open","ping_status":"closed","template":"","meta":{"_iconic_wsb_product_page_order_bump_ids":[[]],"_sku":["4805388556004"],"_iconic_wsb_product_page_bump_modal_ids":[[]]},"product_brand":[],"product_cat":[79],"product_tag":[131],"class_list":{"0":"post-91355","1":"product","2":"type-product","3":"status-publish","4":"has-post-thumbnail","6":"product_cat-de-top-10-mooiste-kerstkaarten","7":"product_tag-kerst","9":"first","10":"instock","11":"taxable","12":"shipping-taxable","13":"purchasable","14":"product-type-simple"},"gallery_images":[91357,93701],"_links":{"self":[{"href":"https:\/\/popcards.nl\/it\/wp-json\/wp\/v2\/product\/91355","targetHints":{"allow":["GET"]}}],"collection":[{"href":"https:\/\/popcards.nl\/it\/wp-json\/wp\/v2\/product"}],"about":[{"href":"https:\/\/popcards.nl\/it\/wp-json\/wp\/v2\/types\/product"}],"replies":[{"embeddable":true,"href":"https:\/\/popcards.nl\/it\/wp-json\/wp\/v2\/comments?post=91355"}],"wp:featuredmedia":[{"embeddable":true,"href":"https:\/\/popcards.nl\/it\/wp-json\/wp\/v2\/media\/91356"}],"wp:attachment":[{"href":"https:\/\/popcards.nl\/it\/wp-json\/wp\/v2\/media?parent=91355"}],"wp:term":[{"taxonomy":"product_brand","embeddable":true,"href":"https:\/\/popcards.nl\/it\/wp-json\/wp\/v2\/product_brand?post=91355"},{"taxonomy":"product_cat","embeddable":true,"href":"https:\/\/popcards.nl\/it\/wp-json\/wp\/v2\/product_cat?post=91355"},{"taxonomy":"product_tag","embeddable":true,"href":"https:\/\/popcards.nl\/it\/wp-json\/wp\/v2\/product_tag?post=91355"}],"curies":[{"name":"parola chiave","href":"https:\/\/api.w.org\/{rel}","templated":true}]}}